{"id":559,"date":"2025-03-17T12:03:27","date_gmt":"2025-03-17T11:03:27","guid":{"rendered":"https:\/\/topmymfans.com\/meilleurs-comptes-mym\/"},"modified":"2025-03-17T13:38:51","modified_gmt":"2025-03-17T12:38:51","slug":"i-migliori-conti-mym","status":"publish","type":"page","link":"https:\/\/topmymfans.com\/it\/meilleurs-comptes-mym\/","title":{"rendered":"I migliori account MYM: la classifica dei creatori di contenuti e dei fan da seguire"},"content":{"rendered":"<p>Siete alla ricerca di <strong>i migliori conti MYM<\/strong> per accedere <strong>contenuti esclusivi<\/strong> e <strong>video privati<\/strong> ? Non \u00e8 facile scegliere tra la pletora di designer MYM presenti su questa piattaforma. Ecco il nostro <strong>classificazione dei conti MYM fans<\/strong> pi\u00f9 seguiti: scoprite come questi designer riescono a <strong>generare entrate<\/strong> condividendo foto e video con i propri abbonati.<\/p>\n<h2 id=\"clara-mia-laudace-authentique\">Clara Mia: audacia autentica<\/h2>\n<p>Clara Mia vince <strong>MYM Francia<\/strong> con uno stile decisamente personale, che si rivolge ad un pubblico di oltre <strong>500k abbonati<\/strong>. Questa giovane designer francese ha lasciato il segno con <strong>il suo approccio unico<\/strong>. Che tipo di pubblicazioni offre per mantenere l'attenzione di un pubblico cos\u00ec vasto sui social network?<\/p>\n<p>Chiaramente, il suo successo si basa su una <strong>dialogo continuo con il proprio pubblico<\/strong>. Clara Mia comunica direttamente tramite messaggi privati, coltivando un rapporto speciale. Come riesce a <strong>guidare questa comunit\u00e0<\/strong> sviluppando al contempo media personalizzati sul suo profilo MYM, che attira costantemente nuovi abbonati?<\/p>\n<h2 id=\"alicia-de-faultrey-excellence-francaise\">Alicia de Faultrey: eccellenza francese<\/h2>\n<p>Alicia de Faultrey si \u00e8 affermata come una delle <strong>Designer francesi<\/strong> pi\u00f9 seguito su <strong>MYM<\/strong>con un profilo chiaramente premium. Ma come si spiega il suo posto nel <strong>classifica dei migliori account MYM<\/strong>attirare un pubblico cos\u00ec fedele?<\/p>\n<ul>\n<li><strong>Pubblicazioni preferite<\/strong> La giovane francese condivide foto e video inaccessibili su altri social network.<\/li>\n<li>Scambi personalizzati: dialoga regolarmente con i suoi abbonati, coltivando una stretta relazione con loro. <strong>link autentico<\/strong> all'interno delle sue reti.<\/li>\n<li>Creativit\u00e0 presunta: ogni pubblicazione sul suo profilo sorprende per la sua <strong>audacia e autenticit\u00e0<\/strong>.<\/li>\n<li>Qualit\u00e0 impeccabile: i suoi media prodotti professionalmente offrono un'elevata qualit\u00e0 del servizio. <strong>l'esperienza visiva definitiva<\/strong>.<\/li>\n<li>Unicit\u00e0: il designer francese combina uno stile riconoscibile con messaggi decisamente personali.<\/li>\n<\/ul>\n<h2 id=\"petitelu-authenticite-amateur\">Petitelu: autenticit\u00e0 amatoriale<\/h2>\n<p>Petitelu sta attirando l'attenzione sui social network grazie al suo <strong>stile spontaneo<\/strong> e il suo <strong>scambi personali<\/strong>. Il giovane designer francese punta su <strong>formati grezzi<\/strong> che creano un legame speciale con la sua comunit\u00e0. Ma come riesce a fidelizzare i suoi abbonati nonostante questo posizionamento amatoriale?<\/p>\n<p>Il suo profilo illustra un <strong>tendenza attuale<\/strong> gli utenti preferiscono ora<strong>autenticit\u00e0<\/strong> produzioni troppo curate. Piuttosto che contenuti esclusivi, questo influencer offre <strong>pubblicazioni giornaliere e messaggi privati<\/strong>. Una strategia che funziona particolarmente bene con i giovani adulti che cercano un'interazione reale sulle piattaforme digitali.<\/p>\n<h2 id=\"influenceurs-mode-monetisation-creative\">Influencer di moda: monetizzazione creativa<\/h2>\n<p>Gli influencer della moda sfruttano <strong>MYM con strategia<\/strong>associando la propria immagine pubblica a <strong>media privati<\/strong>. Come fanno questi <strong>progettisti<\/strong> stanno riuscendo ad allineare la loro presenza sui social network con <strong>esclusivit\u00e0 per i propri abbonati<\/strong> ? Un approccio comune \u00e8 quello di riservare alcune pubblicazioni al proprio profilo MYM, mantenendo un flusso regolare sugli altri account.<\/p>\n<p>Prendiamo l'esempio di <strong>recenti collaborazioni tra designer francesi e marchi di lusso<\/strong>. Queste partnership, spesso pubblicizzate sui social network, danno agli utenti l'accesso a <strong>messaggi personalizzati<\/strong>. Per i giovani influencer, questo <strong>sinergia tra visibilit\u00e0 pubblica e interazione privata<\/strong> si sta dimostrando particolarmente efficace nel fidelizzare la comunit\u00e0.<\/p>\n<h2 id=\"createurs-contenu-reseau-lucratif\">Creatori di contenuti: un social network redditizio<\/h2>\n<p>MYM si distingue per <strong>una rete redditizia per i creatori di contenuti<\/strong>. Questa piattaforma consente agli utenti di <strong>offrire pubblicazioni a pagamento e messaggi privilegiati<\/strong>. Per ottimizzare la redditivit\u00e0, <strong>una strategia di coinvolgimento su misura<\/strong> \u00e8 necessario. La nostra guida pratica <a href=\"https:\/\/topmymfans.com\/it\/aumentare-limpegno-su-mym\/\">Aumenta il tuo impegno su MYM<\/a> dettagli sui metodi provati e testati.<\/p>\n<table>\n<caption>Confronto tra le nicchie pi\u00f9 redditizie su MYM<\/caption>\n<thead>\n<tr>\n<th>Tipo di contenuto<\/th>\n<th>Pubblico di riferimento<\/th>\n<th>Prezzo medio di abbonamento<\/th>\n<\/tr>\n<\/thead>\n<tbody>\n<tr>\n<td>Foto e video esclusivi<\/td>\n<td>Fan che cercano un accesso privilegiato alla vita dell'influencer<\/td>\n<td>9,99 - 44,99 euro al mese<\/td>\n<\/tr>\n<tr>\n<td>Contenuti personalizzati (foto e video su richiesta)<\/td>\n<td>Gli abbonati vogliono contenuti unici e personalizzati in base alle loro preferenze<\/td>\n<td>Variabile, impostata dal progettista<\/td>\n<\/tr>\n<tr>\n<td>Accesso VIP \/ Contenuti in pay-per-view<\/td>\n<td>Fan disposti a pagare per eventi speciali o contenuti premium<\/td>\n<td>Variabile, a seconda dell'evento o del contenuto<\/td>\n<\/tr>\n<tr>\n<td>Stile di vita e Vlog esclusivi<\/td>\n<td>Abbonati interessati alla vita quotidiana dell'influencer e ai suoi retroscena<\/td>\n<td>9,99 - 44,99 euro al mese<\/td>\n<\/tr>\n<tr>\n<td>Nicchie specifiche (Cosplay, Fitness, Arte, ecc.)<\/td>\n<td>Comunit\u00e0 mirate di particolare interesse<\/td>\n<td>9,99 - 44,99 euro al mese<\/td>\n<\/tr>\n<\/tbody>\n<\/table>\n<p><strong>Didascalia:<\/strong> Questa tabella mette a confronto <strong>i diversi approcci alla monetizzazione di un profilo su reti sociali dedicate<\/strong>. I progettisti <strong>sono liberi di stabilire le proprie tariffe di abbonamento<\/strong>che offre media privati e interazioni personalizzate. I prezzi variano in base alla reputazione dell'account e al tipo di pubblicazioni condivise.<\/p>\n<h2 id=\"stars-tele-realite-controverses\">Le star dei reality: polemiche e riconversioni<\/h2>\n<p>Le ex star dei reality francesi si rivolgono a <strong>MYM dopo le polemiche dei media<\/strong>\u00c8 in corso una trasformazione strategica. Perch\u00e9 hanno scelto questo <strong>rete sociale come rifugio<\/strong>E come stanno ripensando la loro immagine su questa rete orientata agli adulti?<\/p>\n<p>\u00c8 interessante studiare <strong>l'influenza di questi creatori sul pubblico della MYM<\/strong>. La loro capacit\u00e0 di <strong>fidelizzare un pubblico giovane<\/strong> \u00e8 notevole, con un coinvolgimento significativo degli utenti che sono disposti ad abbonarsi per accedere a pubblicazioni private e messaggi personalizzati. Vediamo come questi profili mediatici <strong>stanno trasferendo la loro brand awareness televisiva sui social network premium<\/strong>.<\/p>\n<h2 id=\"celebridades-mym-influence\">C\u00e9l\u00e9brit\u00e9s MYM: Il peso dell'influenza<\/h2>\n<p><strong>Clara Morgane, Van Damme...<\/strong> Le star francesi hanno scelto <strong>MYM per interagire con il pubblico<\/strong>. Una prova del crescente appeal della rete nei confronti di personaggi affermati. Ma come pu\u00f2 <strong>sfruttare la propria immagine<\/strong> per sedurre gli utenti e condividere contenuti privati sui loro profili?<\/p>\n<p>Su MYM, questi designer <strong>puntano su prezzi elevati<\/strong> per i loro abbonamenti e le pubblicazioni riservate. Si tratta di una posizione che ci porta a chiederci: qual \u00e8 il budget che i giovani abbonati sono disposti a spendere per questi scambi privilegiati e come possiamo fare in modo che non si perdano? <strong>incidere sulla remunerazione degli influencer<\/strong> ?<\/p>\n<h2 id=\"modeles-instagram-audience-crossplateforme\">Modelli Instagram: pubblico multipiattaforma<\/h2>\n<p>Creatori di Instagram <strong>stanno gradualmente trasferendo il loro pubblico a MYM<\/strong>trasformando i loro follower in abbonati premium. Ma come si effettua questa transizione tra i social network?<\/p>\n<ul>\n<li>Visibilit\u00e0 estesa: presenza simultanea su pi\u00f9 reti per raggiungere comunit\u00e0 diverse.<\/li>\n<li>Entrate aggiuntive: combinazione di abbonamenti MYM e partnership Instagram<\/li>\n<li>Interazioni mirate: Adattamento dei messaggi privati in base alla piattaforma utilizzata<\/li>\n<li>Immagine coerente: Mantenere un'identit\u00e0 visiva unificata in tutte le pubblicazioni<\/li>\n<li>Strategia in evoluzione: analisi periodica delle statistiche per adeguare i contenuti a pagamento<\/li>\n<li>Fedelt\u00e0: media temporanei inviati agli abbonati pi\u00f9 attivi<\/li>\n<li>Collaborazioni : Uso incrociato del pubblico per promuovere i designer partner<\/li>\n<\/ul>\n<p>Si noti che <strong>molte donne francesi stanno ora combinando MYM e OnlyFans per diversificare le loro fonti di reddito<\/strong>. Per le tecniche pratiche : <a href=\"https:\/\/topmymfans.com\/it\/aumentare-gli-abbonamenti-su-mym-e-onlyfans\/\">Aumentare gli abbonati su MYM e OnlyFans<\/a>.<\/p>\n<h2 id=\"creatrices-mym-perles-races\">MYM Designer: alla ricerca di gemme rare<\/h2>\n<p>Di fronte alla moltitudine di pubblicazioni sull'MYM, l'associazione <strong>curatela<\/strong> sta diventando una sfida quotidiana. Come possiamo guidare gli utenti verso la <strong>i profili francesi pi\u00f9 promettenti<\/strong>evidenziando il <strong>talento dei giovani designer<\/strong> ? Diamo un'occhiata ai criteri da applicare per scovare queste pepite.<\/p>\n<p>A <strong>approccio strutturato<\/strong> sta diventando essenziale per individuare gli astri nascenti. Dobbiamo concentrarci sull'attivit\u00e0 sui social network, sull'interazione tramite messaggi privati o sulla regolarit\u00e0 delle pubblicazioni? Si noti che <strong>l'impegno dell'abbonato e la qualit\u00e0 dei media condivisi<\/strong> sono ancora indicatori chiave per identificare i designer francesi che stanno lasciando il segno nel loro campo.<\/p>\n<h2 id=\"comptes-curvy-representation-diverse\">Conti curvy: rappresentanza varia<\/h2>\n<p>Il <strong>profili curvy<\/strong> stanno guadagnando terreno sull'MYM, dimostrando un vero e proprio impegno nei confronti dell'MYM. <strong>bodypositivism<\/strong>. Che cosa stanno osservando gli utenti in termini di cambiamento delle aspettative nei confronti di <strong>diversit\u00e0 del corpo<\/strong> sui social network francesi?<\/p>\n<p>Il nostro studio dei 40 account pi\u00f9 seguiti rivela <strong>caratteristiche interessanti<\/strong>. Vediamo quali sono le pubblicazioni private che si rivolgono ai giovani lettori e come questi designer francesi stanno lasciando il segno. <strong>fidelizzare i propri abbonati<\/strong> mentre sviluppano la loro attivit\u00e0? Un approccio che spesso prevede <strong>messaggi personalizzati<\/strong> e media su misura per ogni profilo.<\/p>\n<h2 id=\"comparatif-choix-strategique\">Confronto<\/h2>\n<p>Scegliere il giusto <strong>Conto MYM<\/strong> pu\u00f2 essere complesso, data la moltitudine di opzioni disponibili. Questa guida alla scelta vi aiuter\u00e0 a fare una scelta consapevole in base al vostro profilo utente e al vostro budget. Quale <strong>conto<\/strong> pi\u00f9 adatto alle vostre esigenze e al vostro utilizzo? Quali sono le <strong>prezzo<\/strong> praticato da <strong>progettisti<\/strong> ? Per aiutarvi a scegliere <strong>piattaforma<\/strong> che meglio si adatta alle vostre esigenze, consultate il nostro articolo di confronto <a href=\"https:\/\/topmymfans.com\/it\/mym-vs-onlyfans\/\">MYM vs Onlyfans: qual \u00e8 il miglior sito per iniziare?<\/a>.<\/p>\n<table>\n<caption>Confronto<\/caption>\n<thead>\n<tr>\n<th>Tipo di conto<\/th>\n<th>Pubblico di riferimento<\/th>\n<th>Prezzo medio<\/th>\n<th>Tasso di impegno<\/th>\n<\/tr>\n<\/thead>\n<tbody>\n<tr>\n<td><strong>Foto e video esclusivi<\/strong><\/td>\n<td>Fan che cercano un accesso privilegiato alla vita dell'influencer<\/td>\n<td>9,99 - 44,99 euro al mese<\/td>\n<td>Alto<\/td>\n<\/tr>\n<tr>\n<td><strong>Contenuti personalizzati<\/strong><\/td>\n<td>Abbonati che desiderano contenuti unici e personalizzati<\/td>\n<td>Variabile<\/td>\n<td>Molto alto<\/td>\n<\/tr>\n<tr>\n<td><strong>Accesso VIP \/ Pay-Per-View<\/strong><\/td>\n<td>I fan sono pronti a pagare per gli eventi speciali<\/td>\n<td>Variabile<\/td>\n<td>Medio<\/td>\n<\/tr>\n<tr>\n<td><strong>Stile di vita e Vlog esclusivi<\/strong><\/td>\n<td>Abbonati interessati alla vita quotidiana dell'influencer<\/td>\n<td>9,99 - 44,99 euro al mese<\/td>\n<td>Medio-alto<\/td>\n<\/tr>\n<tr>\n<td><strong>Nicchie specifiche (Cosplay, Fitness, Arte)<\/strong><\/td>\n<td>Comunit\u00e0 mirate di particolare interesse<\/td>\n<td>9,99 - 44,99 euro al mese<\/td>\n<td>Alto<\/td>\n<\/tr>\n<tr>\n<td><strong>Star dei reality<\/strong><\/td>\n<td>I fan dello spettacolo<\/td>\n<td>14,99 - 49,99 euro al mese<\/td>\n<td>Medio<\/td>\n<\/tr>\n<tr>\n<td>Celebrit\u00e0 famose<\/td>\n<td>Fan delle celebrit\u00e0<\/td>\n<td>19,99 - 99,99 euro al mese<\/td>\n<td>Basso<\/td>\n<\/tr>\n<tr>\n<td>Modelli di Instagram<\/td>\n<td>Seguaci Instagram<\/td>\n<td>9,99 - 29,99 euro al mese<\/td>\n<td>Medio<\/td>\n<\/tr>\n<tr>\n<td><strong>Conti Curvy<\/strong><\/td>\n<td>Persone che cercano una rappresentanza diversificata<\/td>\n<td>7,99 - 39,99 euro al mese<\/td>\n<td>Alto<\/td>\n<\/tr>\n<tr>\n<td>Dilettanti<\/td>\n<td>Persone in cerca di autenticit\u00e0<\/td>\n<td>4,99 - 19,99 euro al mese<\/td>\n<td>Molto alto<\/td>\n<\/tr>\n<\/tbody>\n<\/table>\n<p>Nell'era digitale di oggi, MYM offre una variet\u00e0 di account per ogni profilo. Sia che siate attratti dall'audacia di Clara Mia, dall'autenticit\u00e0 di Petitelu o dal <strong>contenuti esclusivi<\/strong> di stelle, \u00e8 il momento perfetto per scoprire queste <strong>Profili MYM<\/strong> must-have. Trovate il <strong>designer<\/strong> ed entrare a far parte di una comunit\u00e0 entusiasmante e diversificata.<\/p>\n<h2>FAQ<\/h2>\n<h3>Quali sono i rischi e le responsabilit\u00e0 legali per i creatori di contenuti su MYM, in particolare per quanto riguarda il rispetto della privacy e la diffusione di contenuti espliciti?<\/h3>\n<p>I creatori di contenuti su MYM devono essere consapevoli di quanto segue <strong>rischi legali<\/strong> correlati <strong>rispetto della privacy<\/strong> e <strong>distribuzione di contenuti espliciti<\/strong>. Devono ottenere un <strong>consenso esplicito<\/strong> per raccogliere i dati e consentire agli utenti di accedervi, rettificarli o cancellarli.<\/p>\n<p>Sebbene l'MYM autorizzi contenuti espliciti, i creatori devono rispettare le seguenti regole <strong>regole severe dell'UE<\/strong> vietare i contenuti illegali e garantire il rispetto delle leggi vigenti in materia di distribuzione di contenuti pornografici. MYM appone <strong>menzioni speciali<\/strong> su formati \"espliciti\" e richiede un <strong>certificato di identit\u00e0<\/strong> designer, che devono avere almeno 18 anni.<\/p>\n<h3>Quali sono le strategie promozionali pi\u00f9 efficaci per attirare nuovi abbonati all'MYM nel 2024, tenendo conto dei cambiamenti dell'algoritmo e delle tendenze dell'influencer marketing?<\/h3>\n<p>Le strategie promozionali pi\u00f9 efficaci per attirare nuovi abbonati all'MYM nel 2024 includono l'uso di <strong>codici promozionali e sconti<\/strong>il <strong>sponsorizzazione<\/strong>e il <strong>influencer marketing<\/strong>. L'offerta di sconti tramite codici coupon \u00e8 una strategia efficace per attirare nuovi abbonati.<\/p>\n<p>La collaborazione con influencer famosi pu\u00f2 offrire un'occasione unica di <strong>visibilit\u00e0 indiretta<\/strong> a un pubblico gi\u00e0 conquistato. Molti creatori promuovono il loro account MYM sui social network. \u00c8 importante notare che i creatori di MYM non possono promuovere direttamente i marchi.<\/p>\n<h3>Come possono i creatori di contenuti gestire efficacemente il loro tempo e le loro energie per mantenere un flusso costante di contenuti di qualit\u00e0 su MYM evitando il burnout?<\/h3>\n<p>Per evitare il burnout, i creatori di contenuti su MYM possono adottare diverse strategie, tra cui <strong>pianificazione e organizzazione<\/strong> con strumenti di gestione del tempo e la <strong>stabilire le priorit\u00e0 dei compiti<\/strong> di concentrarsi sulle attivit\u00e0 pi\u00f9 importanti.<\/p>\n<p>\u00c8 inoltre consigliabile adottare una <strong>strategia di contenuti a lungo termine<\/strong>di <strong>definizione dei limiti<\/strong> tra lavoro e vita privata, per <strong>connettersi con altri designer<\/strong> per il supporto e <strong>riconoscere i segnali del burnout<\/strong> per porre rapidamente rimedio alla situazione.<\/p>\n<h3>Quali sono gli strumenti e le risorse che MYM mette a disposizione dei creatori per aiutarli ad analizzare le loro performance, a capire il loro pubblico e a ottimizzare la loro strategia di contenuti?<\/h3>\n<p>MYM mette a disposizione dei progettisti una serie di strumenti e risorse che li aiutano a <strong>analizzare le loro prestazioni<\/strong>, <strong>capire il proprio pubblico<\/strong> e <strong>ottimizzare la propria strategia di contenuti<\/strong>. Questi strumenti includono <strong>statistiche dettagliate sul pubblico e sulle prestazioni<\/strong>Questo ci permette di capire le preferenze del pubblico e di adattare i nostri contenuti di conseguenza.<\/p>\n<p>La piattaforma offre anche un <strong>strumento di previsione dei ricavi<\/strong>opzioni <strong>personalizzare il proprio profilo<\/strong>e <strong>caratteristiche di monetizzazione<\/strong> (come gli abbonamenti a pagamento), strumenti di <strong>gestione degli abbonati<\/strong>e la possibilit\u00e0 di creare <strong>campagne promozionali<\/strong>.<\/p>\n<h3>In che modo lo sviluppo di tecnologie come l'IA e la realt\u00e0 virtuale potrebbe avere un impatto sulla creazione di contenuti e sul coinvolgimento degli abbonati su MYM nei prossimi anni?<\/h3>\n<p>Lo sviluppo del<strong>IA<\/strong> e <strong>realt\u00e0 virtuale (VR)<\/strong> potrebbe trasformare il <strong>creazione di contenuti<\/strong> e il<strong>coinvolgimento degli abbonati<\/strong> su MYM. L'intelligenza artificiale pu\u00f2 aiutare i progettisti a risparmiare tempo <strong>automatizzare alcune attivit\u00e0<\/strong> e in <strong>generare contenuti<\/strong>permettendovi di concentrarvi su compiti pi\u00f9 strategici.<\/p>\n<p>La VR offre opportunit\u00e0 per<strong>esperienze immersive<\/strong> per gli abbonati, con contenuti VR, eventi virtuali, incontri con i creatori o visite a luoghi esclusivi. Tuttavia, \u00e8 importante notare che l'uso dell'intelligenza artificiale e della VR solleva <strong>questioni etiche e legali<\/strong>.<\/p>","protected":false},"excerpt":{"rendered":"<p>State cercando i migliori account MYM per accedere a contenuti esclusivi e video privati? Non \u00e8 facile scegliere tra la pletora di creatori MYM presenti su questa piattaforma. Ecco la nostra classifica degli account MYM fans pi\u00f9 seguiti: scoprite come questi creatori riescono a generare entrate condividendo ... <a href=\"https:\/\/topmymfans.com\/it\/meilleurs-comptes-mym\/\">Continua<\/a><\/p>","protected":false},"author":1,"featured_media":0,"parent":0,"menu_order":0,"comment_status":"closed","ping_status":"closed","template":"","meta":{"footnotes":""},"class_list":["post-559","page","type-page","status-publish","hentry"],"_links":{"self":[{"href":"https:\/\/topmymfans.com\/it\/wp-json\/wp\/v2\/pages\/559","targetHints":{"allow":["GET"]}}],"collection":[{"href":"https:\/\/topmymfans.com\/it\/wp-json\/wp\/v2\/pages"}],"about":[{"href":"https:\/\/topmymfans.com\/it\/wp-json\/wp\/v2\/types\/page"}],"author":[{"embeddable":true,"href":"https:\/\/topmymfans.com\/it\/wp-json\/wp\/v2\/users\/1"}],"replies":[{"embeddable":true,"href":"https:\/\/topmymfans.com\/it\/wp-json\/wp\/v2\/comments?post=559"}],"version-history":[{"count":2,"href":"https:\/\/topmymfans.com\/it\/wp-json\/wp\/v2\/pages\/559\/revisions"}],"predecessor-version":[{"id":567,"href":"https:\/\/topmymfans.com\/it\/wp-json\/wp\/v2\/pages\/559\/revisions\/567"}],"wp:attachment":[{"href":"https:\/\/topmymfans.com\/it\/wp-json\/wp\/v2\/media?parent=559"}],"curies":[{"name":"wp","href":"https:\/\/api.w.org\/{rel}","templated":true}]}}