{"id":439,"date":"2024-03-04T20:07:54","date_gmt":"2024-03-04T19:07:54","guid":{"rendered":"https:\/\/topmymfans.com\/?page_id=439"},"modified":"2024-03-04T20:08:11","modified_gmt":"2024-03-04T19:08:11","slug":"punteggio-pieno","status":"publish","type":"page","link":"https:\/\/topmymfans.com\/it\/mentions-legales\/","title":{"rendered":"Informazioni legali"},"content":{"rendered":"<h2 class=\"wp-block-heading\">Presentazione del sito web<\/h2>\n\n\n\n<p>In conformit\u00e0 con i requisiti legali previsti dalla Legge per la fiducia nell'economia digitale (L.C.E.N.), le seguenti informazioni sono fornite agli utenti e ai visitatori di topmymfans.com:<\/p>\n\n\n\n<h2 class=\"wp-block-heading\">Informazioni legali<\/h2>\n\n\n\n<p>La piattaforma Top Mym Fans \u00e8 rappresentata dall'omonima societ\u00e0, con possibilit\u00e0 di comunicazione diretta via e-mail: contact@topmymfans.com.<\/p>\n\n\n\n<h2 class=\"wp-block-heading\">Creazione di un sito web<\/h2>\n\n\n\n<p>Il dominio topmymfans.com \u00e8 gestito e mantenuto dalla societ\u00e0 Top Mym Fans, contattabile dal responsabile della pubblicazione all'indirizzo: contact@topmymfans.com. La pubblicazione \u00e8 gestita da una persona giuridica.<\/p>\n\n\n\n<h2 class=\"wp-block-heading\">Gestione del sito<\/h2>\n\n\n\n<p>Per qualsiasi domanda tecnica o commento sul sito, il webmaster pu\u00f2 essere contattato direttamente all'indirizzo contact@topmymfans.com.<\/p>\n\n\n\n<h2 class=\"wp-block-heading\">Web hosting<\/h2>\n\n\n\n<p>Il sito web topmymfans.com \u00e8 ospitato da Vercel, Inc, un fornitore rinomato per i suoi servizi di web hosting di qualit\u00e0.<\/p>\n\n\n\n<h2 class=\"wp-block-heading\">Descrizione dei servizi<\/h2>\n\n\n\n<p>Le informazioni fornite su topmymfans.com mirano ad essere il pi\u00f9 accurate possibile. Tuttavia, il sito non pu\u00f2 essere ritenuto responsabile per eventuali omissioni, imprecisioni o mancato aggiornamento delle informazioni, sia causate da Top Mym Fans che da partner terzi.<\/p>\n\n\n\n<h2 class=\"wp-block-heading\">Propriet\u00e0 intellettuale<\/h2>\n\n\n\n<p>Gli elementi pubblicati su topmymfans.com, compresi testi, immagini e grafici, sono protetti da diritti di propriet\u00e0 intellettuale. Qualsiasi riproduzione non autorizzata del sito o del suo contenuto \u00e8 severamente vietata senza il previo consenso scritto di Top Mym Fans.<\/p>\n\n\n\n<h2 class=\"wp-block-heading\">Collegamenti ipertestuali e cookie<\/h2>\n\n\n\n<p>topmymfans.com pu\u00f2 contenere link ad altri siti web per i quali Top Mym Fans non ha alcun controllo sul contenuto. La presenza di questi link non costituisce una convalida di questi siti da parte di Top Mym Fans. Inoltre, la navigazione su topmymfans.com pu\u00f2 comportare l'installazione di cookie sul computer dell'utente, facilitando cos\u00ec la successiva navigazione sul sito.<\/p>\n\n\n\n<h2 class=\"wp-block-heading\">Protezione dei dati personali<\/h2>\n\n\n\n<p>In conformit\u00e0 con la legislazione francese ed europea sulla protezione dei dati, gli utenti di topmymfans.com hanno il diritto di accedere, modificare e cancellare le informazioni personali che li riguardano. Tali diritti possono essere esercitati inviando una richiesta scritta all'indirizzo e-mail indicato o per posta, accompagnata da una copia della carta d'identit\u00e0.<\/p>","protected":false},"excerpt":{"rendered":"<p>Presentazione del sito web In conformit\u00e0 con i requisiti legali dettagliati nella Legge per la Fiducia nell'Economia Digitale (L.C.E.N.), le seguenti informazioni sono fornite agli utenti e ai visitatori di topmymfans.com: Informazioni legali La piattaforma Top Mym Fans \u00e8 rappresentata dall'omonima societ\u00e0, con possibilit\u00e0 di comunicazione diretta via e-mail: contact@topmymfans.com. ... <a href=\"https:\/\/topmymfans.com\/it\/mentions-legales\/\">Continua<\/a><\/p>","protected":false},"author":1,"featured_media":0,"parent":0,"menu_order":0,"comment_status":"closed","ping_status":"closed","template":"","meta":{"footnotes":""},"class_list":["post-439","page","type-page","status-publish","hentry"],"_links":{"self":[{"href":"https:\/\/topmymfans.com\/it\/wp-json\/wp\/v2\/pages\/439","targetHints":{"allow":["GET"]}}],"collection":[{"href":"https:\/\/topmymfans.com\/it\/wp-json\/wp\/v2\/pages"}],"about":[{"href":"https:\/\/topmymfans.com\/it\/wp-json\/wp\/v2\/types\/page"}],"author":[{"embeddable":true,"href":"https:\/\/topmymfans.com\/it\/wp-json\/wp\/v2\/users\/1"}],"replies":[{"embeddable":true,"href":"https:\/\/topmymfans.com\/it\/wp-json\/wp\/v2\/comments?post=439"}],"version-history":[{"count":1,"href":"https:\/\/topmymfans.com\/it\/wp-json\/wp\/v2\/pages\/439\/revisions"}],"predecessor-version":[{"id":440,"href":"https:\/\/topmymfans.com\/it\/wp-json\/wp\/v2\/pages\/439\/revisions\/440"}],"wp:attachment":[{"href":"https:\/\/topmymfans.com\/it\/wp-json\/wp\/v2\/media?parent=439"}],"curies":[{"name":"wp","href":"https:\/\/api.w.org\/{rel}","templated":true}]}}