{"id":23,"date":"2020-10-16T21:53:11","date_gmt":"2020-10-16T19:53:11","guid":{"rendered":"https:\/\/topmymfans.com\/?page_id=23"},"modified":"2025-03-18T10:30:55","modified_gmt":"2025-03-18T09:30:55","slug":"affiliazione-mym-fans","status":"publish","type":"page","link":"https:\/\/topmymfans.com\/it\/affiliation-mym-fans\/","title":{"rendered":"Affiliazione MYM Fans - Guida completa per diventare ambasciatore e incrementare le entrate"},"content":{"rendered":"<p>Desiderate <strong>monetizzare la rete<\/strong> e generare reddito dai vostri contatti? Sapevate che<strong>affiliazione MYM Fans<\/strong> offre opportunit\u00e0 su un <strong>mercato in rapida crescita<\/strong> ? Questo articolo spiega come diventare un <strong>ambasciatore competitivo MYM<\/strong>Scoprite come attirare i creatori di contenuti e come aumentare i vostri guadagni grazie al programma di affiliazione MYM. Volete saperne di pi\u00f9 sui vantaggi concreti e sulle prospettive della sponsorizzazione MYM Fans?<\/p>\n<div class=\"flex flex-col sm:flex-row gap-4 justify-center\"><a href=\"https:\/\/topmymfans.com\/it\/go\/creators\/\" class=\"btn btn-primary\">Registrarsi come designer<\/a><a href=\"https:\/\/topmymfans.com\/it\/go\/ambassadors\/\" class=\"btn\" style=\"background-color: #9333ea; color: white;\" onmouseover=\"this.style.backgroundColor='#7e22ce'\" onmouseout=\"this.style.backgroundColor='#9333ea'\">Registrazione come Ambasciatore<\/a><\/div>\n<h2 id=\"fonctionnement-programme-affiliation-mym\">Come funziona il programma di affiliazione MYM?<\/h2>\n<p>MYM Fans \u00e8 posizionato come <strong>rete sociale premium<\/strong> dove i progettisti possono <strong>guadagnare con i loro contenuti<\/strong> tramite abbonamenti. Il loro <strong>programma di sponsorizzazione<\/strong> permette a qualsiasi utente attivo di promuovere la piattaforma a nuovi creatori per adulti. Ma come funziona effettivamente questo sistema?<\/p>\n<table>\n<caption>Confronto tra piattaforme di affiliazione per adulti<\/caption>\n<thead>\n<tr>\n<th>Piattaforma<\/th>\n<th>Tipo di contenuto<\/th>\n<th>Commissione di affiliazione<\/th>\n<\/tr>\n<\/thead>\n<tbody>\n<tr>\n<td>MYM Fans<\/td>\n<td>Contenuti esclusivi, abbonamenti, media privati<\/td>\n<td>10% di ricavi generati da creatori referenziati<\/td>\n<\/tr>\n<tr>\n<td>SoloFans<\/td>\n<td>Varie (contenuti per adulti, musica, ecc.)<\/td>\n<td>Non specificato nei dati forniti<\/td>\n<\/tr>\n<tr>\n<td>Ricavo Crak<\/td>\n<td>Incontri e contenuti per adulti<\/td>\n<td>CPA (costo per acquisizione), percentuali variabili<\/td>\n<\/tr>\n<\/tbody>\n<tfoot>\n<tr>\n<td colspan=\"3\">Legenda: Questa tabella mette a confronto le principali piattaforme di affiliazione per adulti in base al tipo di contenuto e al modello di commissione.<\/td>\n<\/tr>\n<\/tfoot>\n<\/table>\n<p>In pratica, gli utenti affiliati ricevono <strong>10% dei guadagni dei creatori che raccomandano<\/strong>. Questa percentuale viene detratta dalla commissione di MYM, senza ridurre i guadagni dei creatori. Una caratteristica interessante: questo reddito aggiuntivo rimane <strong>pu\u00f2 essere combinato con altre attivit\u00e0 sui social network<\/strong> come Instagram o OnlyFans. Visitare <strong>strumenti promozionali forniti<\/strong> (link tracciati, immagini personalizzabili) facilitano la promozione di contenuti per adulti alla propria comunit\u00e0.<\/p>\n<p><img decoding=\"async\" class=\"alignnone wp-image-568 size-full\" src=\"https:\/\/topmymfans.com\/wp-content\/uploads\/2025\/03\/Ambassadeur_-_MYM_for_ambassadors_-_Reseau_social__dg6fd0nePH.png\" alt=\"\" width=\"1659\" height=\"705\" srcset=\"\" sizes=\"(max-width: 1659px) 100vw, 1659px\" data-srcset=\"\" \/><\/p>\n<h2 id=\"devenir-ambassadeur-mym-fans\">Diventare ambasciatore MYM: una guida passo dopo passo<\/h2>\n<p>Diventare <b>ambasciatore MYM Fans<\/b>\u00c8 pi\u00f9 facile di quanto si pensi. La piattaforma ha creato un <strong>processo rapido e accessibile<\/strong> a tutti.<\/p>\n<ul>\n<li><strong>Registrazione: andare al sito speciale dell'ambasciatore<\/strong> o la pagina principale di MYM Fans. La registrazione \u00e8 completamente gratuita e aperta a tutti gli utenti motivati.<\/li>\n<li>Creare un account : <strong>Non \u00e8 necessario essere un designer attivo sulla piattaforma per candidarsi.<\/strong>. Per iniziare \u00e8 sufficiente un account esistente o appena creato.<\/li>\n<li>Condizioni legali: <strong>Dovete essere della maggioranza e accettare il GTCU.<\/strong>. Queste regole garantiscono una chiara partnership tra la piattaforma e i suoi dipendenti.<\/li>\n<li>Recupero di <strong>link di riferimento personalizzato<\/strong> L'URL diventa attivo dopo la convalida. <strong>Questo strumento consente di tenere traccia delle registrazioni dei creatori reclutati e di calcolare la remunerazione.<\/strong>.<\/li>\n<li>Attivit\u00e0 promozionali : <strong>Condividete questo link con i produttori di contenuti per adulti<\/strong>. Evidenziare i vantaggi di MYM Fans per <strong>monetizzare foto o video<\/strong>.<\/li>\n<\/ul>\n<p>Seguendo questo percorso, potrete <strong>entrare a far parte dell'ecosistema MYM Fans mentre si sviluppa la propria comunit\u00e0<\/strong>. Per aiutare i vostri figliocci, indirizzateli a questo sito <a href=\"https:\/\/topmymfans.com\/it\/guida-completa-per-iniziare-con-mym\/\">guida pratica per iniziare a lavorare sull'MYM<\/a>.<\/p>\n<p>Gli obiettivi principali dello status di ambasciatore sono <strong>modelli che desiderano diversificare le proprie fonti di reddito<\/strong>. La piattaforma si riserva il diritto di rifiutare le candidature in caso di mancato rispetto dei suoi valori.<\/p>\n<p>I partner beneficiano di <strong>un'area di monitoraggio che illustra le prestazioni e le entrate<\/strong>. Sono disponibili statistiche precise sugli abbonamenti e sul pubblico di creatori reclutati. MYM fornisce anche <strong>URL tracciabili per identificare chiaramente ogni nuova registrazione<\/strong>.<\/p>\n<h2 id=\"strategies-recrutement-createurs\">Strategie efficaci per il reclutamento di designer<\/h2>\n<p>Per attirare i progettisti verso l'MYM Fans, la <strong>I social network stanno emergendo come uno strumento chiave per il<\/strong>. Questo approccio consente ai modelli di<strong>mantenere uno scambio diretto con il pubblico<\/strong>Questo rafforza i legami all'interno della comunit\u00e0. <strong>MYM Fans \u00e8 diventato sempre pi\u00f9 popolare dal 2019, con 14 milioni di utenti e 400.000 creatori entro la fine del 2023.<\/strong>. In effetti, \u00e8 proprio su queste piattaforme sociali che molti <strong>generano una parte significativa del loro denaro<\/strong>.<\/p>\n<p>La creazione di contenuti interessanti richiede un attento equilibrio. <strong>Dare priorit\u00e0 a foto e video professionali, diversificando i formati per raggiungere diversi segmenti di fan<\/strong>. I designer esperti lo sanno: . Si noti che gli influencer su Instagram o OnlyFans <strong>spesso includono codici promozionali nelle loro descrizioni<\/strong>un suggerimento che pu\u00f2 essere trasferito qui. Per quanto riguarda i video esplicativi <strong>promuovere la piattaforma e dimostrarne il potenziale di guadagno facile<\/strong>.<\/p>\n<div class=\"flex flex-col sm:flex-row gap-4 justify-center\"><a href=\"https:\/\/topmymfans.com\/it\/go\/creators\/\" class=\"btn btn-primary\">Registrarsi come designer<\/a><a href=\"https:\/\/topmymfans.com\/it\/go\/ambassadors\/\" class=\"btn\" style=\"background-color: #9333ea; color: white;\" onmouseover=\"this.style.backgroundColor='#7e22ce'\" onmouseout=\"this.style.backgroundColor='#9333ea'\">Registrazione come Ambasciatore<\/a><\/div>\n<h2 id=\"avantages-programme-affiliation\">I vantaggi del programma ambasciatori<\/h2>\n<h3 id=\"commissions-et-revenus\">Struttura delle commissioni e potenziale di guadagno<\/h3>\n<p>Denaro guadagnato come ambasciatore MYM <strong>dipende fortemente dalle prestazioni dei progettisti reclutati<\/strong>. In termini concreti, <strong>Gli ambasciatori guadagnano 10% di reddito dai designer che hanno reclutato.<\/strong>. Pi\u00f9 curioso : <strong>il sistema consente anche di ricevere 50% di guadagni da parte di altri ambasciatori<\/strong> invitati a partecipare alla piattaforma.<\/p>\n<p>Il programma di sponsorizzazione si basa su <strong>un modello intelligente a pi\u00f9 livelli<\/strong>. Ad esempio, ogni nuovo reclutamento nella vostra rete guadagna una commissione sulle proprie attivit\u00e0. Si noti che questo meccanismo di incentivazione <strong>incoraggia lo sviluppo di una vera e propria comunit\u00e0 di influencer<\/strong>tutti promuovono attivamente l'ecosistema MYM.<\/p>\n<h3 id=\"outils-promotion\">Strumenti promozionali disponibili<\/h3>\n<p>MYM mette a disposizione dei suoi ambasciatori <strong>una serie di strumenti professionali<\/strong>. Dai kit grafici ai link rintracciabili, tutto \u00e8 pensato per <strong>ottimizzare la promozione dei designer sui social network<\/strong>. Di particolare rilievo sono <strong>cruscotti analitici<\/strong>che offrono un monitoraggio in tempo reale delle prestazioni e degli abbonamenti generati.<\/p>\n<p>Il back office comprende <strong>caratteristiche di spicco per la gestione della vostra strategia<\/strong>. In particolare, fornisce un monitoraggio preciso delle interazioni su foto e video, oltre a<strong>gestione centralizzata dei conti affiliati<\/strong>. Pratico: questa interfaccia unica facilita l'analisi delle tendenze e l'adeguamento delle campagne promozionali.<\/p>\n<p><img decoding=\"async\" class=\"alignnone wp-image-569 size-full\" src=\"https:\/\/topmymfans.com\/wp-content\/uploads\/2025\/03\/Ambassadeur_\u2022_MYM_for_ambassadors_\u2022_Reseau_social__eUS7knr6aS.png\" alt=\"\" width=\"1781\" height=\"919\" srcset=\"https:\/\/topmymfans.com\/wp-content\/uploads\/2025\/03\/Ambassadeur_\u2022_MYM_for_ambassadors_\u2022_Reseau_social__eUS7knr6aS.png 1781w, https:\/\/topmymfans.com\/wp-content\/uploads\/2025\/03\/Ambassadeur_\u2022_MYM_for_ambassadors_\u2022_Reseau_social__eUS7knr6aS-300x155.png 300w, https:\/\/topmymfans.com\/wp-content\/uploads\/2025\/03\/Ambassadeur_\u2022_MYM_for_ambassadors_\u2022_Reseau_social__eUS7knr6aS-1024x528.png 1024w, https:\/\/topmymfans.com\/wp-content\/uploads\/2025\/03\/Ambassadeur_\u2022_MYM_for_ambassadors_\u2022_Reseau_social__eUS7knr6aS-768x396.png 768w, https:\/\/topmymfans.com\/wp-content\/uploads\/2025\/03\/Ambassadeur_\u2022_MYM_for_ambassadors_\u2022_Reseau_social__eUS7knr6aS-1536x793.png 1536w, https:\/\/topmymfans.com\/wp-content\/uploads\/2025\/03\/Ambassadeur_\u2022_MYM_for_ambassadors_\u2022_Reseau_social__eUS7knr6aS-18x9.png 18w\" sizes=\"(max-width: 1781px) 100vw, 1781px\" \/><\/p>\n<h2 id=\"maximiser-ses-gains\">Strategie per aumentare le vincite su MYM<\/h2>\n<p>La fidelizzazione dei creatori MYM si basa innanzitutto sulla sua gamma di <strong>contenuti esclusivi<\/strong> e un <strong>scambio regolare con il proprio pubblico<\/strong>. Le tariffe di abbonamento e la frequenza di pubblicazione giocano un ruolo fondamentale nel <strong>fidelizzazione degli abbonati<\/strong>.<\/p>\n<p>Diversificare le fonti di denaro <strong>promuovere prodotti complementari<\/strong> - Questo approccio riduce la dipendenza da un singolo partner. Numerosi programmi di partner offrono commissioni interessanti secondo diversi modelli: CPC, CPA o CPL. Si noti che <strong>l'impegno della vostra comunit\u00e0<\/strong> rimane la leva principale per generare denaro su MYM Fans. Un pubblico attivo crea un <strong>circolo virtuoso di interazioni<\/strong> Pi\u00f9 frequenti sono le interazioni, maggiori sono le opportunit\u00e0 di guadagno. Per approfondire l'argomento, questo articolo offre alcuni consigli pratici: <a href=\"https:\/\/topmymfans.com\/it\/aumentare-limpegno-su-mym\/\">Aumenta il tuo impegno su MYM<\/a>. Inoltre, condividete questa guida con i vostri figliocci per ottimizzare i risultati reciproci: <a href=\"https:\/\/topmymfans.com\/it\/massimizzare-il-proprio-potenziale-di-guadagno-con-i-fan-di-mym\/\">Massimizzate il vostro potenziale di guadagno su MYM Fans<\/a>.<\/p>\n<p>Diventare <strong>ambasciatore MYM Fans<\/strong> offre un'opportunit\u00e0 unica di <strong>generare entrate<\/strong> mettendo in mostra il talento dei nostri designer. Iniziate oggi stesso: <strong>sviluppare la propria rete<\/strong> e beneficiare dei vantaggi di un <strong>programma di affiliazione innovativo<\/strong>. Con MYM, il vostro successo inizia ora!<\/p>\n<h2>FAQ<\/h2>\n<h3>Come gestisce Mym Fans la conformit\u00e0 legale e la protezione dei dati per i creatori e gli ambasciatori?<\/h3>\n<p>MYM Fans si impegna a fornire <strong>conformit\u00e0 legale<\/strong> e il <strong>protezione dei dati<\/strong> dei propri utenti, in particolare seguendo le direttive del <strong>RGPD<\/strong>. La piattaforma utilizza <strong>sistemi di crittografia avanzati<\/strong> per proteggere le informazioni sensibili, come i dati di pagamento e i contenuti privati.<\/p>\n<p>Per <strong>proteggere i contenuti dei creatori<\/strong>MYM Fans disabilita il tasto destro del mouse e impedisce il copia-incolla, rendendo pi\u00f9 difficile la condivisione di contenuti senza autorizzazione. Un team dedicato lavora costantemente per <strong>migliorare la protezione contro il furto di contenuti<\/strong>L'attenzione \u00e8 rivolta alla creazione di legami autentici tra fan e creatori.<\/p>\n<h3>In che modo il supporto tecnico di Mym Fans aiuta gli ambasciatori a risolvere i problemi e a ottimizzare le loro prestazioni?<\/h3>\n<p>Il supporto tecnico di MYM Fans offre un'assistenza completa agli ambasciatori per <strong>risolvere i problemi<\/strong> e <strong>ottimizzare le loro prestazioni<\/strong>. A <strong>centro di assistenza MYM Assistenza<\/strong> \u00e8 disponibile, con articoli e categorie dedicate agli ambasciatori, rispondendo alle domande pi\u00f9 frequenti e fornendo informazioni sulla <strong>programma di affiliazione<\/strong>.<\/p>\n<p>Il team MYM Fans offre anche un <strong>supporto personalizzato<\/strong> agli ambasciatori, compresi i consigli su <strong>marketing<\/strong> e in <strong>promozione online<\/strong>. In caso di problemi tecnici o di domande specifiche, gli ambasciatori possono contattare l'assistenza MYM per ottenere aiuto, ad esempio, su <strong>unire un account creatore e un account ambasciatore<\/strong>.<\/p>","protected":false},"excerpt":{"rendered":"<p>Volete monetizzare la vostra rete e generare reddito dai vostri contatti? Sapevate che l'affiliazione a MYM Fans offre opportunit\u00e0 in un mercato in rapida crescita? Questo articolo spiega come diventare un ambasciatore MYM competitivo, quali metodi utilizzare per attirare i creatori di contenuti e come aumentare i propri guadagni tramite l'affiliazione MYM. <a href=\"https:\/\/topmymfans.com\/it\/affiliation-mym-fans\/\">Continua<\/a><\/p>","protected":false},"author":1,"featured_media":0,"parent":0,"menu_order":0,"comment_status":"closed","ping_status":"closed","template":"","meta":{"footnotes":""},"class_list":["post-23","page","type-page","status-publish","hentry"],"_links":{"self":[{"href":"https:\/\/topmymfans.com\/it\/wp-json\/wp\/v2\/pages\/23","targetHints":{"allow":["GET"]}}],"collection":[{"href":"https:\/\/topmymfans.com\/it\/wp-json\/wp\/v2\/pages"}],"about":[{"href":"https:\/\/topmymfans.com\/it\/wp-json\/wp\/v2\/types\/page"}],"author":[{"embeddable":true,"href":"https:\/\/topmymfans.com\/it\/wp-json\/wp\/v2\/users\/1"}],"replies":[{"embeddable":true,"href":"https:\/\/topmymfans.com\/it\/wp-json\/wp\/v2\/comments?post=23"}],"version-history":[{"count":59,"href":"https:\/\/topmymfans.com\/it\/wp-json\/wp\/v2\/pages\/23\/revisions"}],"predecessor-version":[{"id":588,"href":"https:\/\/topmymfans.com\/it\/wp-json\/wp\/v2\/pages\/23\/revisions\/588"}],"wp:attachment":[{"href":"https:\/\/topmymfans.com\/it\/wp-json\/wp\/v2\/media?parent=23"}],"curies":[{"name":"wp","href":"https:\/\/api.w.org\/{rel}","templated":true}]}}