{"id":12,"date":"2020-10-15T23:00:14","date_gmt":"2020-10-15T21:00:14","guid":{"rendered":"https:\/\/topmymfans.com\/?page_id=12"},"modified":"2024-02-12T10:54:20","modified_gmt":"2024-02-12T09:54:20","slug":"presentazione-di-mym-fans-la-rete-sociale-francese-destinata-ai-modelli","status":"publish","type":"page","link":"https:\/\/topmymfans.com\/it\/","title":{"rendered":"MYM Fans - Rete sociale per modelle francesi"},"content":{"rendered":"<p>In un'epoca in cui la tecnologia digitale \u00e8 una parte importante della vita quotidiana delle persone, Internet sta vedendo la nascita di diversi social network e piattaforme progettate per intrattenere il grande pubblico. Mentre alcuni si divertono a giocare online, altri amano seguire la vita quotidiana delle loro star preferite. I social media come Instagram e Facebook permettono alle celebrit\u00e0 di condividere vari contenuti (video, immagini, ecc.) con i loro fan. Questi canali digitali non solo permettono loro di costruire una comunit\u00e0 coinvolta e di scambiare con i loro fan, ma anche di fare soldi. In questa ondata di social network diversi, una piattaforma si distingue dalle altre per il suo approccio unico e le sue caratteristiche speciali. \u00c8 <strong>Me You More<\/strong> (ex Meet Your Model). Ma come funziona esattamente questo social network? E quali sono le sue particolarit\u00e0? Concentrarsi su MYM fans.<\/p>\t\t\n\t\t\t<a href=\"http:\/\/shortlinks.one\/r\/Ff5XYJ\" target=\"_blank\" rel=\"nofollow noopener\">\n\t\t\t\t\t\tRegistrarsi su MYM Fans come creatore\n\t\t\t\t\t<\/a>\n\t\t\t<a href=\"http:\/\/shortlinks.one\/r\/fTRYsL\" target=\"_blank\" rel=\"nofollow noopener\">\n\t\t\t\t\t\tRegistrarsi su MYM Fans come ambasciatore\n\t\t\t\t\t<\/a>\n\t\t<iframe title=\"MYM VENTOLE\" src=\"https:\/\/player.vimeo.com\/video\/475799861?dnt=1&amp;app_id=122963\" width=\"500\" height=\"281\" frameborder=\"0\" allow=\"autoplay; fullscreen; picture-in-picture; clipboard-write\"><\/iframe>\t\t\n\t\t<table>\n<tbody>\n<tr>\n<td>\ud83c\udf51 Creatori di registrazione<\/td>\n<td><a href=\"https:\/\/topmymfans.com\/it\/go\/creators\/\">creators.mym.fans<\/a><\/td>\n<\/tr>\n<tr>\n<td>\ud83d\udc51 Registrazione ambasciatore<\/td>\n<td><a href=\"https:\/\/topmymfans.com\/it\/go\/ambassadors\/\">ambassadors.mym.fans<\/a><\/td>\n<\/tr>\n<tr>\n<td>\ud83d\udcb0 Retribuzione<\/td>\n<td>Tra 1.000 e 10.000 euro al mese<\/td>\n<\/tr>\n<tr>\n<td>Pagamento<\/td>\n<td>24\/48h<\/td>\n<\/tr>\n<\/tbody>\n<\/table>\t\t\n\t\t\t<h2>Che cos'\u00e8 l'Me You More e come funziona? <\/h2>\t\t\n\t\t\t\t\t\t\t\t\t\t\t\t\t\t\t<img decoding=\"async\" width=\"300\" height=\"86\" src=\"https:\/\/topmymfans.com\/wp-content\/uploads\/2021\/10\/MYM_Logo_Basic_Blue_1000x287_without_margin-300x86.png\" alt=\"MYM VENTOLE\" loading=\"lazy\" srcset=\"https:\/\/topmymfans.com\/wp-content\/uploads\/2021\/10\/MYM_Logo_Basic_Blue_1000x287_without_margin-300x86.png 300w, https:\/\/topmymfans.com\/wp-content\/uploads\/2021\/10\/MYM_Logo_Basic_Blue_1000x287_without_margin-768x220.png 768w, https:\/\/topmymfans.com\/wp-content\/uploads\/2021\/10\/MYM_Logo_Basic_Blue_1000x287_without_margin-18x5.png 18w, https:\/\/topmymfans.com\/wp-content\/uploads\/2021\/10\/MYM_Logo_Basic_Blue_1000x287_without_margin.png 1000w\" sizes=\"auto, (max-width: 300px) 100vw, 300px\" \/>\t\t\t\t\t\t\t\t\t\t\t\t\t\t\t\n\t\t<p>MYM fans \u00e8 un nuovo social network emerso nel 2019. La piattaforma si differenzia da quelle che gi\u00e0 pullulano in rete perch\u00e9 si rivolge specificamente a creatori come influencer, artisti, celebrit\u00e0, ecc. e ai loro fan. Lungi dall'essere un semplice network per lo scambio e la condivisione di contenuti, Me You More (ex Meet Your Model) offre ai creatori il vantaggio di ricevere una remunerazione in base ai media che pubblicano. I fan, invece, hanno la possibilit\u00e0 di accedere a contenuti inediti che i loro idoli non condividono su altri social network.<\/p>\n<p><!-- \/wp:post-content --><!-- wp:paragraph --><\/p>\n<p>Iscrivendosi all'account di un personaggio di MYM, il fan pu\u00f2 inviare a quest'ultimo richieste di media privati con contenuti personalizzati. Il modello \u00e8 quindi libero di stabilire il prezzo dei contenuti che invier\u00e0 o di rifiutare la richiesta del suo abbonato. Ma pu\u00f2 anche offrire push media, attraverso i quali riceve un compenso per ogni sblocco effettuato dai suoi fan.<\/p>\n<p><!-- \/wp:paragraph --><!-- wp:paragraph --><\/p>\n<p>Si noti che senza un abbonamento, i fan non possono accedere al contenuto completo del feed dei loro idoli. La maggior parte di essi pu\u00f2 essere offuscata e quindi \u00e8 accessibile solo dopo che il fan ha sottoscritto un abbonamento. Il costo di quest'ultimo \u00e8 molto variabile, in quanto ogni modello \u00e8 libero di stabilire i propri prezzi. I fan possono anche scegliere tra un abbonamento mensile o annuale. D'altra parte, \u00e8 possibile che un appassionato si abboni a pi\u00f9 modelli diversi.<\/p>\n<p><!-- \/wp:paragraph --><!-- wp:paragraph --><\/p>\n<p>La piattaforma ha successo in Francia. Dal suo lancio nel novembre 2019 fino all'inizio di aprile 2020, ha registrato pi\u00f9 di 15.000 profili di modelli e personalit\u00e0 in Francia.<\/p>\t\t\n\t\t\t<h2>Un modo per far guadagnare i creatori<\/h2>\t\t\n\t\t<p>In concreto, MYM fans permette ai modelli di guadagnare. Come gi\u00e0 detto, i fan devono pagare un abbonamento se vogliono accedere alle foto o ai video postati dalle loro modelle. E sono le stesse modelle a stabilire le tariffe. Pi\u00f9 fan ha una celebrit\u00e0, pi\u00f9 soldi \u00e8 probabile che guadagni.<\/p>\n<p><!-- \/wp:paragraph --><!-- wp:paragraph --><\/p>\n<p>Il social network ha un carattere privato che permette ai modelli di essere visibili solo ai loro iscritti. Tuttavia, la piattaforma \u00e8 aperta a tutti.<\/p>\n<p><!-- \/wp:paragraph --><!-- wp:paragraph --><\/p>\n<p>Me You More (ex Meet Your Model) \u00e8 un social network perfetto per chi ama essere esposto e per chi ama condividere la propria vita quotidiana in foto e video. Su questa piattaforma, i fan avranno il piacere e la gioia di ottenere, pagando un abbonamento, informazioni esclusive che non possono trovare su altri social network.<\/p>\n<p><!-- \/wp:paragraph --><!-- wp:paragraph --><\/p>\n<p>Si noti che un abbonamento \u00e8 valido solo per un modello. Se desiderate seguire pi\u00f9 persone contemporaneamente, dovrete sottoscrivere diversi abbonamenti, i cui prezzi saranno stati fissati dai vostri idoli. Tuttavia, l'utente \u00e8 libero di annullare l'abbonamento in qualsiasi momento, senza incorrere in penali o costi aggiuntivi.<\/p>\n<p><!-- \/wp:paragraph --><!-- wp:paragraph --><\/p>\n<p>Per aiutare i modelli a promuovere i loro profili su MYM fans, utilizza algoritmi di ottimizzazione delle entrate e delle vendite. Ci\u00f2 consente alle celebrit\u00e0 di ampliare il proprio profilo sulla piattaforma e di attirare un numero ancora maggiore di abbonati. \u00c8 importante notare che su MYM Fans, pi\u00f9 grande e pi\u00f9 coinvolta \u00e8 la vostra comunit\u00e0, pi\u00f9 \u00e8 probabile che guadagniate.<\/p>\n<p><!-- \/wp:paragraph --><!-- wp:paragraph --><\/p>\n<p>\u00c8 quindi importante che un creatore gestisca bene il proprio account MYM fans. Oltre al numero di abbonati, anche offrire loro degli \"extra\" \u00e8 un buon modo per ottimizzare la remunerazione. Si noti che, in media, una modella francese con diverse decine di fan pu\u00f2 guadagnare almeno 500 euro al mese.<\/p>\t\t\n\t\t\t<a href=\"http:\/\/shortlinks.one\/r\/Ff5XYJ\" target=\"_blank\" rel=\"nofollow noopener\">\n\t\t\t\t\t\tRegistrarsi su MYM Fans come modello\n\t\t\t\t\t<\/a>\n\t\t\t<a href=\"http:\/\/shortlinks.one\/r\/fTRYsL\" target=\"_blank\" rel=\"nofollow noopener\">\n\t\t\t\t\t\tRegistrarsi su MYM Fans come ambasciatore\n\t\t\t\t\t<\/a>\n\t\t\t<h2>Come diventare designer su MYM fans?<\/h2>\t\t\n\t\t\t\t\t\t\t\t\t\t\t\t\t\t\t<img decoding=\"async\" width=\"582\" height=\"278\" src=\"https:\/\/topmymfans.com\/wp-content\/uploads\/2021\/06\/mym-fans-inscription-revenus.png\" alt=\"\" loading=\"lazy\" srcset=\"https:\/\/topmymfans.com\/wp-content\/uploads\/2021\/06\/mym-fans-inscription-revenus.png 582w, https:\/\/topmymfans.com\/wp-content\/uploads\/2021\/06\/mym-fans-inscription-revenus-300x143.png 300w, https:\/\/topmymfans.com\/wp-content\/uploads\/2021\/06\/mym-fans-inscription-revenus-18x9.png 18w\" sizes=\"auto, (max-width: 582px) 100vw, 582px\" \/>\t\t\t\t\t\t\t\t\t\t\t\t\t\t\t\n\t\t<p>Che siate influencer, artisti, modelli, ecc. (uomini o donne), \u00e8 assolutamente possibile creare un account creatore su MYM fans. Per farlo, andate sulla piattaforma MYM Creators. Per quanto riguarda i fan, l'iscrizione al social network \u00e8 gratuita. Ma a differenza dei vostri abbonati, potete guadagnare pubblicando contenuti.<\/p>\n<p>Secondo una stima piuttosto semplicistica, se si accumula quasi <strong>10.000 abbonati impegnati<\/strong>Potete ricevere una remunerazione abbastanza confortevole, che va da <strong>tra i 900 e i 4.500 euro al mese<\/strong>. Ma per questo \u00e8 necessario avere gi\u00e0 un profilo certificato su MYM Fans.<\/p>\n<p>Per ottenere una certificazione, \u00e8 possibile accedere alla pagina dedicata (certifica il mio account). \u00c8 inoltre indispensabile soddisfare le seguenti condizioni.<\/p>\n<p>In particolare, \u00e8 necessario :<\/p>\n<ul>\n<li>Avete gi\u00e0 uno o pochi abbonati<\/li>\n<li>Pubblicate almeno 5 media sul vostro feed<\/li>\n<li>Inserite i vostri dati di contatto ufficiali e aggiornati (cognome, nome, indirizzo, ecc.).<\/li>\n<li>Confermare il numero di telefono<\/li>\n<li>Avere un conto corrente bancario<\/li>\n<li>Si prega di allegare un documento d'identit\u00e0 ufficiale (carta d'identit\u00e0 o passaporto) e un selfie di sicurezza.<\/li>\n<\/ul>\n<p>Una volta soddisfatti tutti questi requisiti, il vostro account ricever\u00e0 automaticamente l'icona di certificazione. E il vostro profilo sar\u00e0 autentico sulla piattaforma.<\/p>\t\t\n\t\t\t<h2>Tipi di contenuti che possono essere disponibili su MYM fans\n<\/h2>\t\t\n\t\t<p>Come su qualsiasi social network, il modello deve presentare una foto del profilo sul proprio account MYM. In questo modo si identifica il conto e se ne garantisce il rendimento. \u00c8 anche possibile aggiungere una foto di copertina al profilo. Questa foto consente di personalizzare al massimo la pagina. Pu\u00f2 inoltre garantire una migliore conversione degli abbonamenti.<\/p>\n<p><!-- \/wp:paragraph --><!-- wp:heading {\"level\":3} --><\/p>\n<h3>Media di spinta<\/h3>\n<p><!-- \/wp:heading --><!-- wp:paragraph --><\/p>\n<p>Si tratta di contenuti (video o foto) che le modelle inviano in massa ai membri di MYM fans interessati ai loro profili. I creatori possono anche inviare media push ai loro abbonati attuali e precedenti. I prezzi di questi supporti push sono stabiliti da loro stessi e coloro che desiderano sbloccarli dovranno pagare i prezzi pubblicati.<\/p>\n<p><!-- \/wp:paragraph --><!-- wp:heading {\"level\":3} --><\/p>\n<h3>Media privati<\/h3>\n<p><!-- \/wp:heading --><!-- wp:paragraph --><\/p>\n<p>I fan possono chiedere alle modelle di inviare loro contenuti privati a un prezzo che viene sempre stabilito dai creatori. I creatori sono liberi di accettare o rifiutare le richieste dei loro abbonati.<\/p>\n<p><!-- \/wp:paragraph --><!-- wp:heading {\"level\":3} --><\/p>\n<h3>Media sui feed<\/h3>\n<p><!-- \/wp:heading --><!-- wp:paragraph --><\/p>\n<p>Ogni modello ha un feed su cui pu\u00f2 pubblicare contenuti pubblici e sfocati. Come dice il nome, i media pubblici sono visibili a tutti gli utenti, indipendentemente dal fatto che siano membri dell'MYM fans o meno e che si siano iscritti al profilo o meno.<\/p>\n<p><!-- \/wp:paragraph --><!-- wp:paragraph --><\/p>\n<p>\u00c8 un buon modo per un modello di dare al pubblico un assaggio di ci\u00f2 che offre effettivamente sul suo profilo. Inoltre, \u00e8 una soluzione che ottimizza le conversioni degli abbonamenti. I contenuti offuscati, invece, saranno visibili solo ai membri iscritti al profilo del creatore.<\/p>\n<p><!-- \/wp:paragraph --><!-- wp:paragraph --><\/p>\n<p>Si noti che, per evitare esposizioni indecenti, la piattaforma si riserva il diritto di controllare il contenuto di ogni media prima di renderlo disponibile ai membri di MYM fans. Pertanto, le foto di nudo e topless sono severamente vietate sul social network.<\/p>\t\t\n\t\t\t<h2>Un network dove seguire i propri idoli in esclusiva<\/h2>\t\t\n\t\t<p>Come in altri social network, \u00e8 possibile seguire i propri personaggi preferiti su MYM fans iscrivendosi ai loro profili. Per farlo, \u00e8 sufficiente cercarli facendo clic sull'icona dedicata (a forma di lente d'ingrandimento). Cliccare quindi sul pulsante \"Iscriviti\" visibile nella pagina del profilo. Tuttavia, tutti i media e le informazioni presenti nel feed dell'account sono offuscati finch\u00e9 non si paga un abbonamento.<\/p>\n<p>L'utente deve inoltre essere consapevole che tutti i media pubblicati su MYM fans sono soggetti a diritti di propriet\u00e0 intellettuale. Per questo motivo, \u00e8 severamente vietato ripubblicarli su altre piattaforme o utilizzarli al di fuori del canale privato del social network. Se un tifoso viola questa regola, sar\u00e0 immediatamente escluso dalla piattaforma e sar\u00e0 anche soggetto a procedimenti legali.<\/p>\n<p>Va notato che MYM Fans \u00e8 intransigente nel rispettare la privacy dei suoi membri. Per questo motivo, la piattaforma applica scrupolosamente le sanzioni relative alla violazione della privacy ai sensi degli articoli 226-1 e 226-22 del Codice Penale. Il social network invita inoltre i suoi membri a segnalare qualsiasi uso illecito dei media MYM fans al di fuori della piattaforma.<\/p>\n<p>Su MYM Fans, avete la possibilit\u00e0 di chattare con una celebrit\u00e0 e di richiedere i media privati. \u00c8 importante sapere che la modella ha 72 ore di tempo per inviarvi i vostri supporti personalizzati. Se la modella tarda a rispondere alla vostra richiesta, potete sempre contattarla inviandole un cuore nella casella di chat.<\/p>\n<p>Se, dopo aver effettuato il pagamento per il supporto privato, questo non vi arriva dopo le 72 ore annunciate, potete informare il servizio clienti e chiedere un rimborso.<\/p>\n<p>D'altra parte, se avete inviato una richiesta di contenuti privati a una modella e i media ricevuti non corrispondono alla vostra richiesta, potete inviare una nuova richiesta alla modella spiegando che i contenuti inviati non corrispondono alla vostra richiesta. Si noti che questo secondo supporto che vi verr\u00e0 rispedito deve essere di norma gratuito. Ma perch\u00e9 la vostra richiesta sia legittima, deve essere giustificata. \u00c8 il caso, ad esempio, di chi ha richiesto un video e riceve invece una foto. La vostra richiesta pu\u00f2 essere rivista anche se il modello vi invia una foto in cui non compare nemmeno o se vi invia i media di un'altra persona.<\/p>\n<p>E se, nonostante i vostri solleciti, il contenuto ricevuto non corrisponde ancora alla vostra richiesta, potete contattare il servizio clienti.<\/p>\t\t\n\t\t\t<h2>Distintivi dei designer<\/h2>\t\t\n\t\t<p>Su MYM fans, i profili dei modelli possono essere accompagnati da due diversi badge. Come gi\u00e0 detto, il badge di certificazione indica che l'account \u00e8 autentico. Ma \u00e8 anche possibile che questo distintivo sia accompagnato da una piccola stella. Questo \u00e8 il distintivo SuperStar. Se si trova questo dato sul profilo di un creatore, significa che l'account \u00e8 autentico e attivo.<\/p>\n<p>In genere, i creatori con lo status di SuperStar pubblicano contenuti sui loro account su base settimanale. Questi profili rispondono anche alle richieste private dei loro fan entro 48 ore.<\/p>\n<h3>Come si ottiene lo status di SuperStar?<\/h3>\n<p>Se siete un creatore (modello, personalit\u00e0, artista, ecc.) e desiderate <a href=\"https:\/\/support.mym.fans\/hc\/fr\/articles\/360013757780-J-aimerais-devenir-SuperStar-\" target=\"_blank\" rel=\"noopener\">acquisire lo status di SuperStar<\/a>\u00c8 necessario soddisfare determinate condizioni. Innanzitutto, il conto deve essere certificato. In secondo luogo, dovete essere molto attivi sulla piattaforma e connettervi regolarmente. In terzo luogo, dovete riuscire a ottenere almeno 50 abbonati attivi in un mese. In quarto luogo, \u00e8 necessario pubblicare almeno 2 foto a settimana sul proprio feed. Infine, dovete essere in grado di rispondere ai messaggi privati dei vostri fan entro 48 ore.<\/p>\n<p>Si noti che lo status di SuperStar \u00e8 valido solo per 1 mese. Pu\u00f2 essere concesso o ritirato a seconda dell'attivit\u00e0 del vostro conto sulla piattaforma. Questa attribuzione o ritiro avviene generalmente ogni 1\u00b0 del mese e la decisione viene presa dopo aver analizzato le statistiche del mese precedente.<\/p>\n<h3>Perch\u00e9 ottenere lo status di SuperStar?<\/h3>\n<p>Questo status non \u00e8 solo un'icona che permette ai fan di essere sicuri della seriet\u00e0 di un profilo. \u00c8 vantaggioso anche per i creatori grazie ai vari vantaggi che offre. Con lo status di SuperStar, viene evidenziato lo status speciale del creatore. Ci\u00f2 consente al creatore di ottenere un maggior numero di conversioni di abbonamenti. I profili con l'icona della stellina hanno anche la possibilit\u00e0 di apparire pi\u00f9 facilmente nei motori di ricerca della piattaforma. Ci\u00f2 \u00e8 dovuto alla presenza di un filtro SuperStar dedicato.<\/p>\n<p>Se siete un creatore e avete lo status di SuperStar, il vostro nickname sar\u00e0 associato a quel badge ovunque sulla piattaforma. Inoltre, a differenza di uno status classico, le commissioni sui media push e privati e sul numero di abbonamenti sono superiori di 1 %. Inoltre, potrete ricevere i vostri guadagni direttamente tramite PayPal.<\/p>\t\t\n\t\t\t<a href=\"http:\/\/shortlinks.one\/r\/Ff5XYJ\" target=\"_blank\" rel=\"nofollow noopener\">\n\t\t\t\t\t\tRegistrarsi su MYM Fans come modello\n\t\t\t\t\t<\/a>\n\t\t\t<a href=\"http:\/\/shortlinks.one\/r\/fTRYsL\" target=\"_blank\" rel=\"nofollow noopener\">\n\t\t\t\t\t\tRegistrarsi su MYM Fans come ambasciatore\n\t\t\t\t\t<\/a>\n\t\t\t<h2>Un aggiornamento sulle commissioni e sulle spese bancarie<\/h2>\t\t\n\t\t<p>MYM Fans vuole essere il pi\u00f9 trasparente possibile nella comunicazione delle commissioni assegnate a ciascun creatore sulla piattaforma. Questi vengono calcolati in base ai tassi di commissione, alle spese bancarie e all'IVA.<\/p>\n<p>Per i pagamenti online, la piattaforma collabora con Checkout ed Epoch, entrambi fornitori di terminali di pagamento affidabili ed efficienti. Inoltre, consentono ai creatori di godere di commissioni pi\u00f9 elevate. Si noti che per ogni transazione effettuata viene addebitata una commissione bancaria di 7 % (tasse incluse).<\/p>\n<p>La piattaforma applica una percentuale di pagamento (al netto delle spese bancarie) al valore dell'ordine al lordo delle imposte. Pertanto, i creatori possono riscuotere 80 % dell'importo dovuto per i media privati, 75 % per gli abbonamenti e 90 % per le mance.<\/p>\n<p>Si noti che l'IVA si applica a tutti i media che i fan acquistano sulla piattaforma.<\/p>\t\t\n\t\t\t<h2>Come vengono effettuati i pagamenti?<\/h2>\t\t\n\t\t<p>I creatori che desiderano guadagnare pubblicando contenuti su MYM fans non hanno nulla da temere in termini di pagamento. D'altra parte, \u00e8 importante soddisfare alcuni prerequisiti come avere un conto certificato, comunicare i dettagli del metodo di pagamento e avere almeno 50 \u20ac di guadagni \"convalidati\".<\/p>\n<p>Per riscuotere il pagamento, \u00e8 sufficiente selezionare il periodo di pagamento desiderato. Il pagamento pu\u00f2 essere effettuato una o due volte al mese oppure una o due volte alla settimana. \u00c8 possibile modificare questi periodi di pagamento accedendo alla sezione \"Dettagli di pagamento\".<\/p>\n<h3>Stato del pagamento<\/h3>\n<p>Il gattino di un creatore viene accreditato per ogni acquisto convalidato da un fan sul profilo. Si noti che il saldo del creatore ha due tipi di guadagno. Esistono guadagni convalidati che possono essere prelevati, in quanto hanno superato il periodo di convalida, e guadagni cosiddetti \"in sospeso\". Quest'ultimo non pu\u00f2 essere ritirato durante un periodo definito. Di solito si tratta di vincite recenti.<\/p>\n<p>Per gli abbonamenti mensili, di norma sono necessari 15 giorni per la convalida delle vincite. Per gli abbonamenti annuali, il periodo di convalida dei guadagni \u00e8 di 60 giorni.<\/p>\n<p>Nel caso dei guadagni dei media, il periodo di convalida \u00e8 di 7 giorni, e lo stesso vale per i guadagni delle mance. Tuttavia, il conto del creatore viene accreditato immediatamente dopo la consegna dei media privati.<\/p>\t\t\n\t\t\t<h2>Che ne \u00e8 della sicurezza su MYM fans?\n<\/h2>\t\t\n\t\t<p>Se siete interessati a diventare creatori di contenuti su MYM fans, sarete felici di sapere che la piattaforma segue un rigido protocollo di sicurezza per proteggere tutti i vostri media. Ci\u00f2 significa che i vostri fan non potranno salvare o condividere i vostri contenuti su altri media, pena una sanzione. MYM Fans garantisce inoltre la totale riservatezza dei dati personali dei creatori. Non sar\u00e0 utilizzato o divulgato a terzi o ai fan.<\/p>\n<p>Per incoraggiare gli utenti del social network a rispettare le condizioni generali di utilizzo, il clic destro da computer viene disabilitato non appena gli utenti entrano nella piattaforma. Lo stesso vale per l'opzione \"drag and drop\" per il salvataggio dei contenuti.<\/p>\n<p>MYM Fans ha anche disabilitato l'opzione di registrazione video sui suoi lettori di streaming. I media privati inviati dai creatori ai loro fan hanno dei tracker. MYM fans impiega altre tecnologie di sicurezza per proteggere il pi\u00f9 possibile i media dei suoi utenti. Ma anche se queste tecnologie offrono una certa performance, la piattaforma non \u00e8 ancora in grado di offrire un rischio zero ai suoi utenti. Per questo motivo, informa anche i fan sulle varie sanzioni a cui possono essere soggetti in caso di trasgressione delle regole d'uso della piattaforma.<\/p>\n<p>Chi non rispetta i termini di utilizzo della piattaforma pu\u00f2, ad esempio, essere soggetto a una diffida formale da parte di un ufficiale giudiziario. L'MYM fans pu\u00f2 anche intraprendere un'azione legale contro di loro.<\/p>\n<p>Si noti che il fatto di utilizzare o appropriarsi illecitamente di un contenuto ottenuto sul social network \u00e8 considerato una violazione della considerazione del creatore che possiede il media. Questi atti sono punibili con una multa di 45.000 euro e un anno di carcere.<\/p>\t\t\n\t\t\t<h2>Il programma degli ambasciatori<\/h2>\t\t\n\t\t\t\t\t\t\t\t\t\t\t\t\t\t\t<img decoding=\"async\" width=\"1024\" height=\"317\" src=\"https:\/\/topmymfans.com\/wp-content\/uploads\/2021\/06\/Revenue-1024x317.png\" alt=\"Entrate MYM\" loading=\"lazy\" srcset=\"https:\/\/topmymfans.com\/wp-content\/uploads\/2021\/06\/Revenue-1024x317.png 1024w, https:\/\/topmymfans.com\/wp-content\/uploads\/2021\/06\/Revenue-300x93.png 300w, https:\/\/topmymfans.com\/wp-content\/uploads\/2021\/06\/Revenue-768x238.png 768w, https:\/\/topmymfans.com\/wp-content\/uploads\/2021\/06\/Revenue-1536x476.png 1536w, https:\/\/topmymfans.com\/wp-content\/uploads\/2021\/06\/Revenue-18x6.png 18w, https:\/\/topmymfans.com\/wp-content\/uploads\/2021\/06\/Revenue.png 1639w\" sizes=\"auto, (max-width: 1024px) 100vw, 1024px\" \/>\t\t\t\t\t\t\t\t\t\t\t\t\t\t\t\n\t\t<p>Me You More (ex Meet Your Model) offre un programma di affiliazione unico nel suo genere che consente di generare entrate semplicemente presentando la piattaforma ad altri creatori (celebrit\u00e0, modelli, artisti, ecc.). Il principio \u00e8 semplice, perch\u00e9 basta presentare il social network ad altri creatori invitandoli a visitare il vostro link di affiliazione. \u00c8 possibile recuperare questo link anche attraverso il sito degli Ambasciatori.<\/p>\n<p>E non appena gli utenti si iscrivono alla piattaforma attraverso il vostro link, diventano vostri affiliati. Quando guadagnano dai loro media e dagli abbonamenti, voi ricevete una percentuale.<\/p>\n<p>Per ogni ambasciatore che si iscrive a MYM fans attraverso il vostro link di affiliazione, riceverete 50 % dei loro guadagni. E per ogni guadagno generato dai creatori che si iscrivono al social network utilizzando il vostro link, otterrete 10 %, che si tratti di abbonamenti, media push o media privati.<\/p>\n<p>Diventando ambasciatori sulla piattaforma si ha accesso a una dashboard da cui \u00e8 possibile monitorare le proprie entrate in tempo reale. Avrete inoltre a disposizione strumenti interessanti (generatore di messaggi teaser, MYM media kit, ecc.). Inoltre, un back-office vi permetter\u00e0 di gestire meglio i vostri affiliati.<\/p>","protected":false},"excerpt":{"rendered":"<p>In un'epoca in cui la tecnologia digitale \u00e8 una parte importante della vita quotidiana delle persone, Internet sta vedendo la nascita di diversi social network e piattaforme progettate per intrattenere il grande pubblico. Mentre alcuni sono appassionati di giochi online, altri amano seguire la vita quotidiana delle loro star preferite. Social media come Instagram o ... <a href=\"https:\/\/topmymfans.com\/it\/\">Continua<\/a><\/p>","protected":false},"author":1,"featured_media":0,"parent":0,"menu_order":0,"comment_status":"open","ping_status":"closed","template":"elementor_header_footer","meta":{"footnotes":""},"class_list":["post-12","page","type-page","status-publish","hentry"],"_links":{"self":[{"href":"https:\/\/topmymfans.com\/it\/wp-json\/wp\/v2\/pages\/12","targetHints":{"allow":["GET"]}}],"collection":[{"href":"https:\/\/topmymfans.com\/it\/wp-json\/wp\/v2\/pages"}],"about":[{"href":"https:\/\/topmymfans.com\/it\/wp-json\/wp\/v2\/types\/page"}],"author":[{"embeddable":true,"href":"https:\/\/topmymfans.com\/it\/wp-json\/wp\/v2\/users\/1"}],"replies":[{"embeddable":true,"href":"https:\/\/topmymfans.com\/it\/wp-json\/wp\/v2\/comments?post=12"}],"version-history":[{"count":114,"href":"https:\/\/topmymfans.com\/it\/wp-json\/wp\/v2\/pages\/12\/revisions"}],"predecessor-version":[{"id":433,"href":"https:\/\/topmymfans.com\/it\/wp-json\/wp\/v2\/pages\/12\/revisions\/433"}],"wp:attachment":[{"href":"https:\/\/topmymfans.com\/it\/wp-json\/wp\/v2\/media?parent=12"}],"curies":[{"name":"wp","href":"https:\/\/api.w.org\/{rel}","templated":true}]}}