{"id":119,"date":"2020-11-17T15:33:17","date_gmt":"2020-11-17T14:33:17","guid":{"rendered":"https:\/\/topmymfans.com\/?page_id=119"},"modified":"2022-06-30T11:26:55","modified_gmt":"2022-06-30T09:26:55","slug":"diventare-influencer-instagram","status":"publish","type":"page","link":"https:\/\/topmymfans.com\/it\/devenir-influenceur-instagram\/","title":{"rendered":"Come diventare facilmente un influencer?"},"content":{"rendered":"<p>La Generazione Z si sta affacciando sul mercato del lavoro e sta creando una nuova tendenza in termini di professioni 2.0. Da qualche anno sono nate professioni che combinano social network e tecniche di marketing\/comunicazione. In questa ondata di professioni emergenti ci sono blogger, youtuber e Instagrammer.&nbsp;<\/p>\n<div class=\"su-button-center\"><a href=\"http:\/\/shortlinks.one\/r\/Ff5XYJ\" class=\"su-button su-button-style-3d su-button-wide\" style=\"color:#FFFFFF;background-color:#2ecc71;border-color:#25a45b;border-radius:10px\" target=\"_blank\" rel=\"nofollow noopener\"><span style=\"color:#FFFFFF;padding:8px 26px;font-size:20px;line-height:30px;border-color:#6ddc9c;border-radius:10px;text-shadow:none\"><i class=\"sui sui-hand-o-right\" style=\"font-size:20px;color:#FFFFFF\"><\/i> Diventare un influencer MYM Fans<\/span><\/a><\/div>\n<p>Sono particolarmente popolari tra i giovani in cerca di fama e successo. L'aspetto migliore \u00e8 che, nella maggior parte dei casi, questi lavori non richiedono una conoscenza approfondita di settori specifici. D'altra parte, se riuscite a diventare una persona influente sui social network, \u00e8 probabile che possiate generare un reddito sostanziale. Tuttavia, diventare un influencer non \u00e8 cos\u00ec facile da fare da un giorno all'altro. Come si fa?<\/p>\n<h2>Che cos'\u00e8 un influencer?<\/h2>\n\n\n<p>Essere un influencer \u00e8 una professione che paga, per non parlare dei numerosi vantaggi che ne derivano. Come suggerisce il nome, si tratta di una professione il cui scopo \u00e8 quello di riunire un gruppo di persone in una comunit\u00e0. L'influencer investe in un settore specifico e riunisce persone che condividono le stesse aspirazioni e valori.<\/p>\n<h2>\n\n\n\n<\/h2>\n<p>I primi influencer che hanno fatto la storia non avevano necessariamente in mente di fare di questa attivit\u00e0 la loro professione. La maggior parte di loro ha deciso di creare una comunit\u00e0 attorno a un tema specifico per condividere le proprie ispirazioni e intrattenere gli utenti di Internet. Nel corso degli anni, la professione dell'influenza ha avuto un tale successo che i pionieri di questa professione sono diventati rapidamente personaggi pubblici influenti e riconosciuti in tutto il mondo. Le aziende, ben consapevoli del loro potere di influenza, hanno preso in considerazione partnership e collaborazioni con loro. \u00c8 cos\u00ec che gli influencer sono stati elevati al rango di ambasciatori del marchio.<\/p>\n<h2>\n\n\n\n<\/h2>\n<p>Attualmente, i pi\u00f9 grandi nomi di questo settore (Norman, Tibo InShape, Squeezie, ecc.) riescono a generare entrate consistenti che permettono loro di vivere esclusivamente della loro professione di influencer.<\/p>\n<h2>\n\n\n\n<\/h2>\n<p>A prima vista, essere un influencer sembra facile. Tuttavia, non \u00e8 un'attivit\u00e0 adatta a chiunque. Innanzitutto, dovete essere appassionati di ci\u00f2 che presentate ai vostri follower. \u00c8 inoltre necessario essere un grande comunicatore, avere un certo carisma, una personalit\u00e0 ben definita e amare la condivisione.<\/p>\n<h2>\n\n\n\n<\/h2>\n<p>Se siete interessati a diventare influencer solo per i soldi o la fama, \u00e8 un'attivit\u00e0 che richiede impegno e pazienza. L'influencer marketing non \u00e8 chiaramente redditizio nel breve e medio termine, a meno che non si sappia come farlo nel modo giusto.<\/p>\n<h2>\n\n\n\n<\/h2>\n<h2 class=\"wp-block-heading\">A cosa serve essere un influencer?<\/h2>\n<h2>\n\n\n\n<\/h2>\n<p>Essere un influencer \u00e8 un'attivit\u00e0 entusiasmante che permette di condividere il proprio punto di vista su un argomento o un tema e di farsi ascoltare dal maggior numero di persone. \u00c8 un modo per far parte di qualcosa di pi\u00f9 grande e per essere parte di qualcosa di pi\u00f9 grande. Essere un influencer significa contribuire alla costruzione di un mondo migliore.<\/p>\n<h2>\n\n\n\n<\/h2>\n<p>Gli influencer sono molto richiesti per il loro potere di persuasione sui membri della loro comunit\u00e0. Sono esperti nella mobilitazione di massa e possono essere facilmente identificati dagli utenti comuni di Internet. Per questo motivo, possono anche essere visti come ambasciatori di un marchio, di una causa, ecc. e come voce del popolo.<\/p>\n<h2>\n\n\n\n<\/h2>\n<p>Se riuscite a costruire una comunit\u00e0 coinvolta, potete guadagnarvi da vivere e persino ottenere piccoli vantaggi. Oltre al compenso, \u00e8 probabile che un influencer riceva bonus gratuiti dai marchi e dalle aziende che lo sollecitano. Pu\u00f2 trattarsi di viaggi e soggiorni gratuiti in luoghi idilliaci o di pacchetti regalo. Questo \u00e8 anche uno dei motivi per cui molte persone aspirano a diventare influencer, ma non sempre ci riescono.<\/p>\n<h2>\n\n\n\n<\/h2>\n<h2 class=\"wp-block-heading\">I diversi tipi di influencer<\/h2>\n<h2>\n\n\n\n<\/h2>\n<p>Sebbene gli obiettivi degli influencer e le loro attivit\u00e0 possano sembrare uguali dall'esterno, in realt\u00e0 esistono diversi tipi di influencer.<\/p>\n<h2>\n\n\n\n<\/h2>\n<h3 class=\"wp-block-heading\">Influencer sociali<\/h3>\n<h2>\n\n\n\n<\/h2>\n<p>Si tratta di persone le cui azioni sono molto simili a quelle degli opinion leader convenzionali. Un social influencer \u00e8 una persona che opera su scala ridotta sui social media. Pu\u00f2 essere considerato un esperto di fiducia nel settore in cui opera. Chiunque pu\u00f2 diventare un social influencer anche senza rendersene conto.<\/p>\n<h2>\n\n\n\n<\/h2>\n<p>Ad esempio, quando si pubblica un post su un social network (Facebook, Instagram, Twitter), <a href=\"https:\/\/topmymfans.com\/it\/come-creare\/\">MYM Fans<\/a> ecc.). Pubblicando una recensione di un prodotto, di un film, ecc. si agisce gi\u00e0 come influencer. Il vostro post diventa visibile ai vostri amici e abbonati, \u00e8 probabile che generi commenti, reazioni, condivisioni e persino che influenzi l'azione degli utenti di Internet.<\/p>\n<div class=\"su-button-center\"><a href=\"http:\/\/shortlinks.one\/r\/Ff5XYJ\" class=\"su-button su-button-style-3d su-button-wide\" style=\"color:#FFFFFF;background-color:#2ecc71;border-color:#25a45b;border-radius:10px\" target=\"_blank\" rel=\"nofollow noopener\"><span style=\"color:#FFFFFF;padding:8px 26px;font-size:20px;line-height:30px;border-color:#6ddc9c;border-radius:10px;text-shadow:none\"><i class=\"sui sui-hand-o-right\" style=\"font-size:20px;color:#FFFFFF\"><\/i> Diventare un influencer MYM Fans<\/span><\/a><\/div>\n<h2>\n\n\n\n<\/h2>\n<p>Una recensione positiva pu\u00f2, ad esempio, accrescere l'interesse per il marchio e, al contrario, una pubblicazione negativa pu\u00f2 anche compromettere l'immagine di un prodotto. Tutte queste azioni (valutazione di un prodotto, di un locale, recensioni, ecc.) sono gi\u00e0 una forma di microinfluenza. Tuttavia, non consentono di affermarsi come influencer e di guadagnare.<\/p>\n<h2>\n\n\n\n<\/h2>\n<h3 class=\"wp-block-heading\">Influenzatori chiave<\/h3>\n<h2>\n\n\n\n<\/h2>\n<p>Questi tipi di influencer sono generalmente percepiti come icone e ambasciatori. A differenza dei social influencer, i key influencer si distinguono per la loro autenticit\u00e0. Sono molto pi\u00f9 apprezzati e offrono i propri contenuti agli utenti di Internet. Personaggi pubblici, blogger, Twitch-Streamers, Youtubers e Instagrammers sono relegati in questa categoria.<\/p>\n<h2>\n\n\n\n<\/h2>\n<p>Un key influencer \u00e8 una persona che parla al pubblico di riferimento. Pu\u00f2 trattarsi di adolescenti, giocatori, ecc. Soprattutto, sono animati da una passione che condividono con la loro comunit\u00e0. Ad esempio, un influencer di moda pu\u00f2 condividere stili, look originali o consigli che si rivolgono a un particolare pubblico di riferimento. Le persone che apprezzano la creativit\u00e0 e la personalit\u00e0 di questa influencer si identificheranno inevitabilmente con lei. Ci\u00f2 contribuisce a creare una comunit\u00e0 impegnata.<\/p>\n<h2>\n\n\n\n<\/h2>\n<h3 class=\"wp-block-heading\">Influenzatori tra pari<\/h3>\n<h2>\n\n\n\n<\/h2>\n<p>I pari influenti si collocano tra i social influencer e i key influencer. Opinionisti sui social media, sono veri esperti nel loro campo. Inoltre, in genere hanno una portata pi\u00f9 ampia. Sono influencer che le aziende contattano e sponsorizzano per far conoscere i loro marchi e prodotti.<\/p>\n<h2>\n\n\n\n<\/h2>\n<p>Un peer influencer pu\u00f2 essere, ad esempio, un esperto del mondo dei giochi. Grazie alla loro conoscenza dell'argomento, si affermano facilmente come figure di fiducia nel settore e le loro opinioni e i loro commenti raggiungono probabilmente un gran numero di persone nel settore. Creano e condividono contenuti autentici e originali in grado di generare reazioni, condivisioni e commenti. Si noti che i peer influencer sono consapevoli della portata dei loro post. Possono promuovere articoli in linea con i loro valori e mobilitare la loro comunit\u00e0 per coinvolgerli.<\/p>\n<h2>\n\n\n\n<\/h2>\n<h2 class=\"wp-block-heading\">Quali piattaforme scegliere per diventare influencer?<\/h2>\n<h2>\n\n\n\n<\/h2>\n<p>Se volete diventare influencer e guadagnarvi da vivere, dovete partire logicamente dal basso. \u00c8 meglio affermarsi prima come influencer tra pari. Cura la tua immagine, crea contenuti, genera reazioni e condivisioni. Quando i vostri post iniziano ad avere una portata pi\u00f9 ampia e il vostro status di leader di pensiero \u00e8 ben consolidato, potete diventare un influencer chiave.<\/p>\n<h2>\n\n\n\n<\/h2>\n<p>In base all'impegno generato nelle vostre cerchie sociali e alle dimensioni della vostra comunit\u00e0, le aziende potrebbero contattarvi per rappresentare i loro prodotti, ecc. Si noti che la vostra ascesa come influencer chiave diventer\u00e0 esponenziale una volta raggiunta una certa soglia.<\/p>\n<h2>\n\n\n\n<\/h2>\n<p>I key influencer pi\u00f9 popolari operano su YouTube. Si guadagnano da vivere promuovendo prodotti in modo molto sottile nei loro video. Nella maggior parte dei casi, queste promozioni sono incorporate nei video e gli influencer non mancano di annunciare i vari sponsor mentre presentano i prodotti. Inoltre, forniscono ai loro abbonati i link da cui possono acquistare gli articoli sponsorizzati. Questo \u00e8 ci\u00f2 che permette agli influencer di guadagnare commissioni in seguito. Questa tecnica funziona altrettanto bene su altre piattaforme come Twitch o Instagram.<\/p>\n<h2>\n\n\n\n<\/h2>\n<p>In quest'ultimo caso, sono soprattutto le immagini e le storie che gli influencer utilizzano per presentare i prodotti. Si mettono in mostra indossando, ad esempio, gli abiti dei marchi con cui hanno firmato i contratti. Gli influencer di Instagram possono ricevere campioni gratuiti da mostrare sui loro account per incoraggiare i loro follower ad acquistare gli stessi prodotti.<\/p>\n<h2>\n\n\n\n<\/h2>\n<p>I blogger e i vlogger, invece, sono sollecitati da aziende che operano principalmente in settori pi\u00f9 tecnici. Ad esempio, un blogger specializzato nella produzione di contenuti sul tema degli elettrodomestici pu\u00f2 ricevere un apparecchio ed essere invitato a testarlo per scrivere una recensione dettagliata, autentica e corretta.<\/p>\n<h2>\n\n\n\n<\/h2>\n<p>Naturalmente, come blogger, non dovreste mettere a rischio la vostra immagine. In alcuni casi, se siete delusi dai prodotti che vi vengono offerti, potete semplicemente scrivere articoli molto sfumati, senza fare troppa pubblicit\u00e0 o criticare il marchio partner. Ed \u00e8 qui che l'influencer di Instagram ha i suoi vantaggi. Non \u00e8 necessario scrivere un articolo sul prodotto che si sta testando. Tutto ci\u00f2 che dovete fare \u00e8 creare contenuti visivi che siano abbastanza allettanti da mettere in evidenza il prodotto per coinvolgere gli utenti. Potete anche accompagnare le vostre foto con didascalie e hashtag per ottenere visibilit\u00e0.<\/p>\n<h2>\n\n\n\n<\/h2>\n<h2 class=\"wp-block-heading\">In quale area dovreste iniziare?<\/h2>\n<h2>\n\n\n\n<\/h2>\n<p>Essere un influencer pu\u00f2 avere molto successo se si sa come farlo. Prima di iniziare questa attivit\u00e0, \u00e8 consigliabile definire il settore in cui si desidera investire. Dato il crescente successo di alcuni influencer oggi, non bisogna ignorare che la concorrenza \u00e8 feroce. La verit\u00e0 \u00e8 che quasi tutti vogliono diventare influencer. Alcuni non lo fanno per le giuste ragioni, mentre altri sono spinti da una vera passione.<\/p>\n<h2>\n\n\n\n<\/h2>\n<p>Quando scegliete il settore in cui volete affermarvi come influencer di Instagram, scegliete una nicchia che vi piace. L'autenticit\u00e0 e l'originalit\u00e0 sono ci\u00f2 che vi distinguer\u00e0 dagli altri.<\/p>\n<h2>\n\n\n\n<\/h2>\n<p>Dovete anche essere consapevoli che essere un influencer non \u00e8 una passeggiata. Dietro i successi che i grandi nomi del settore ci fanno credere, c'\u00e8 in realt\u00e0 molto lavoro, tempo, energia e forza di volont\u00e0. Dovete anche sapere che dovrete essere molto pazienti. Diventare un influencer da un giorno all'altro non \u00e8 un compito facile. Inoltre, avrete bisogno di molta fortuna.<\/p>\n<h2>\n\n\n\n<\/h2>\n<h2 class=\"wp-block-heading\">Essere un influencer \u00e8 marketing<\/h2>\n<h2>\n\n\n\n<\/h2>\n<p>Anche se essere un influencer non richiede una formazione approfondita in un campo particolare, \u00e8 necessario padroneggiare alcune nozioni di base. \u00c8 importante sapere che il marketing e la comunicazione svolgono un ruolo importante in questa professione. Da un lato, \u00e8 necessario definire il target che si vuole influenzare, dall'altro, \u00e8 necessario conoscerlo meglio (le sue aspettative, le sue esigenze, ecc.). Solo cos\u00ec sarete in grado di offrire cose innovative e interessanti ai vostri target.<\/p>\n<h2>\n\n\n\n<\/h2>\n<p>Un buon influencer deve anche essere molto attento alle tendenze e agli eventi attuali. Ma soprattutto dovete essere preparati emotivamente. Gli influencer non hanno solo follower e fan. Nel vasto mondo dei social network ci sono anche gli \"haters\", coloro che non necessariamente apprezzeranno la vostra immagine e ci\u00f2 che essa trasmette. Avrete reazioni sia positive che negative. Dovete quindi essere in grado di valutarli bene e fare in modo che non abbiano alcun impatto sulla vostra personalit\u00e0.<\/p>\n<h2>\n\n\n\n<\/h2>\n<p>Alcuni influencer vengono rapidamente individuati per il modo in cui promuovono i prodotti. Nella maggior parte dei casi, il loro lavoro \u00e8 associato alla pubblicit\u00e0 sotto mentite spoglie. Questo accade spesso quando un influencer smette di promuovere i propri valori a favore di un articolo che \u00e8, ad esempio, l'opposto di quello che offriva alla sua community. Per questo motivo, bisogna sempre saper bilanciare le due cose e rimanere fedeli a se stessi. I vostri abbonati vi apprezzeranno ancora di pi\u00f9 per questo.<\/p>\n<div class=\"su-button-center\"><a href=\"http:\/\/shortlinks.one\/r\/Ff5XYJ\" class=\"su-button su-button-style-3d su-button-wide\" style=\"color:#FFFFFF;background-color:#2ecc71;border-color:#25a45b;border-radius:10px\" target=\"_blank\" rel=\"nofollow noopener\"><span style=\"color:#FFFFFF;padding:8px 26px;font-size:20px;line-height:30px;border-color:#6ddc9c;border-radius:10px;text-shadow:none\"><i class=\"sui sui-hand-o-right\" style=\"font-size:20px;color:#FFFFFF\"><\/i> Diventare un influencer MYM Fans<\/span><\/a><\/div>\n<h2>\n\n\n\n<\/h2>\n<p>Non lasciatevi tentare dal richiamo del denaro. Se i marchi vi offrono offerte vantaggiose, ma contrarie a ci\u00f2 che rappresentate, \u00e8 meglio rifiutare. Questo vi aiuter\u00e0 ad affermarvi come influencer di Instagram nel tempo e ad attirare pi\u00f9 follower.<\/p>\n<h2>\n\n\n\n<\/h2>\n<h2 class=\"wp-block-heading\">Cosa fare<\/h2>\n<h2>\n\n\n\n<\/h2>\n<p>Molte persone stanno scegliendo Instagram per lanciare la loro carriera di influencer. Quasi l'85% degli influencer esistenti opera su questa piattaforma per promuovere le proprie immagini. Se volete entrare in questo ambiente altamente competitivo, dovete aumentare il coinvolgimento sui vostri post di Instagram. Per farlo, dovrete innanzitutto determinare le vostre competenze. Poi analizzate cosa fanno i concorrenti che si concentrano sulla vostra stessa nicchia. Prestate particolare attenzione alla qualit\u00e0 dei vostri post e siate attivi sulla rete. Per rafforzare il vostro status di influencer di Instagram, non esitate a stabilire partnership con i marchi. Infine, siate sempre trasparenti con i vostri follower.<\/p>\n<h2>\n\n\n\n<\/h2>\n<h3 class=\"wp-block-heading\">Qual \u00e8 la sua competenza?<\/h3>\n<h2>\n\n\n\n<\/h2>\n<p>Se volete essere credibili come influencer di Instagram, dovete avere una buona conoscenza dell'argomento che presentate agli spettatori. Scegliete il campo in cui vi sentite bene e in cui sarete voi stessi. Non ha senso diventare fashion influencer se non si ha alcuna conoscenza di questo mondo.<\/p>\n<h2>\n\n\n\n<\/h2>\n<p>Se avete una comprovata esperienza in un settore specifico, \u00e8 meglio sfruttarla e orientarvi verso un gruppo target interessato. D'altra parte, \u00e8 necessario scoprire cosa cerca la vostra comunit\u00e0 per soddisfarla e coinvolgerla al meglio.<\/p>\n<h2>\n\n\n\n<\/h2>\n<h3 class=\"wp-block-heading\">Cosa la rende diversa dagli altri influencer?<\/h3>\n<h2>\n\n\n\n<\/h2>\n<p>Se volete farvi notare su Instagram, dovete essere in grado di distinguervi. Molti influencer possono sfruttare il vostro stesso universo. Per distinguersi dalla massa, non esitate a fare un po' di competitive intelligence. Analizzate ci\u00f2 che fanno i vostri concorrenti (identit\u00e0 visiva, stile linguistico, tipo di post, ecc.) per essere sempre aggiornati sulle formule che funzionano e sulle idee flop. Questo vi aiuter\u00e0 a proporre cose innovative e pi\u00f9 inventive.<\/p>\n<h2>\n\n\n\n<\/h2>\n<p>Il vostro valore aggiunto pu\u00f2 essere anche la vostra personalit\u00e0. Invece di offrire lavori insipidi e senza vita, potete far emergere il vostro carattere, le vostre opinioni e i vostri punti di vista. Questo vi permetter\u00e0 anche di posizionarvi come esperti del vostro settore.<\/p>\n<h2>\n\n\n\n<\/h2>\n<h3 class=\"wp-block-heading\">\u00c8 tutta una questione di qualit\u00e0 del contenuto<\/h3>\n<h2>\n\n\n\n<\/h2>\n<p>Su Instagram, le immagini parlano chiaro. Se volete catturare l'attenzione dei vostri follower e trasmettere un'immagine professionale, curate le immagini. Sia per i post che per le storie di Instagram, utilizzate immagini attraenti e in linea con il vostro stile. Prestate particolare attenzione alla scelta dei colori, all'inquadratura e ai filtri che utilizzate. La vostra identit\u00e0 visiva deve essere facilmente riconoscibile e autentica.<\/p>\n<h2>\n\n\n\n<\/h2>\n<h3 class=\"wp-block-heading\">Farsi conoscere attraverso i marchi e gli altri influencer<\/h3>\n<h2>\n\n\n\n<\/h2>\n<p>Ultimo, ma non meno importante, per aiutarvi ad avere successo come influencer su Instagram \u00e8 fare rete con influencer e marchi. Cercate di instaurare rapporti con loro (di amicizia o di lavoro).<\/p>\n<h2>\n\n\n\n<\/h2>\n<p>Anche se la concorrenza \u00e8 dura in questo settore, avere buoni contatti \u00e8 sempre un vantaggio da non trascurare per farsi conoscere da altre basi di abbonati. Gli influencer possono anche collaborare sullo stesso contenuto per aumentare la notoriet\u00e0 reciproca. \u00c8 un buon modo per farsi pubblicit\u00e0, ma anche per trovare contratti interessanti con i marchi. \u00c8 importante sapere che gli influencer possono scambiarsi indirizzi o contatti. Alcuni possono anche raccomandare le loro controparti alle aziende, ecc.<\/p>\n<h2>\n\n\n\n<p><!-- \/wp:post-content --><\/p>","protected":false},"excerpt":{"rendered":"<p>La Generazione Z sta entrando nel mercato del lavoro e sta creando una nuova tendenza in termini di professioni 2.0. Da diversi anni stanno emergendo professioni che combinano i social network e le tecniche di marketing\/comunicazione. Questa ondata di professioni emergenti comprende blogger, youtuber e ... <a href=\"https:\/\/topmymfans.com\/it\/devenir-influenceur-instagram\/\">Continua<\/a><\/p>","protected":false},"author":1,"featured_media":0,"parent":0,"menu_order":0,"comment_status":"closed","ping_status":"closed","template":"elementor_header_footer","meta":{"footnotes":""},"class_list":["post-119","page","type-page","status-publish","hentry"],"_links":{"self":[{"href":"https:\/\/topmymfans.com\/it\/wp-json\/wp\/v2\/pages\/119","targetHints":{"allow":["GET"]}}],"collection":[{"href":"https:\/\/topmymfans.com\/it\/wp-json\/wp\/v2\/pages"}],"about":[{"href":"https:\/\/topmymfans.com\/it\/wp-json\/wp\/v2\/types\/page"}],"author":[{"embeddable":true,"href":"https:\/\/topmymfans.com\/it\/wp-json\/wp\/v2\/users\/1"}],"replies":[{"embeddable":true,"href":"https:\/\/topmymfans.com\/it\/wp-json\/wp\/v2\/comments?post=119"}],"version-history":[{"count":21,"href":"https:\/\/topmymfans.com\/it\/wp-json\/wp\/v2\/pages\/119\/revisions"}],"predecessor-version":[{"id":284,"href":"https:\/\/topmymfans.com\/it\/wp-json\/wp\/v2\/pages\/119\/revisions\/284"}],"wp:attachment":[{"href":"https:\/\/topmymfans.com\/it\/wp-json\/wp\/v2\/media?parent=119"}],"curies":[{"name":"wp","href":"https:\/\/api.w.org\/{rel}","templated":true}]}}