{"id":559,"date":"2025-03-17T12:03:27","date_gmt":"2025-03-17T11:03:27","guid":{"rendered":"https:\/\/topmymfans.com\/meilleurs-comptes-mym\/"},"modified":"2025-03-17T13:38:51","modified_gmt":"2025-03-17T12:38:51","slug":"meilleurs-comptes-mym","status":"publish","type":"page","link":"https:\/\/topmymfans.com\/es\/meilleurs-comptes-mym\/","title":{"rendered":"Las mejores cuentas de MYM: el ranking de creadores de contenidos y fans a seguir"},"content":{"rendered":"<p>Est\u00e1 buscando <strong>mejores cuentas MYM<\/strong> para acceder <strong>contenido exclusivo<\/strong> y <strong>v\u00eddeos privados<\/strong> ? No es f\u00e1cil elegir entre la pl\u00e9tora de dise\u00f1adores MYM de esta plataforma. He aqu\u00ed nuestra <strong>clasificaci\u00f3n de las cuentas MYM fans<\/strong> los m\u00e1s seguidos: descubra c\u00f3mo estos dise\u00f1adores triunfan en <strong>generar ingresos<\/strong> compartiendo fotos y v\u00eddeos con sus abonados.<\/p>\n<h2 id=\"clara-mia-laudace-authentique\">Clara Mia: Aut\u00e9ntica audacia<\/h2>\n<p>Clara Mia gana <strong>MYM Francia<\/strong> con un estilo decididamente personal, que atrae a m\u00e1s de <strong>500.000 abonados<\/strong>. Esta joven dise\u00f1adora francesa ha dejado huella con <strong>su enfoque \u00fanico<\/strong>. \u00bfQu\u00e9 tipo de publicaciones ofrece para mantener la atenci\u00f3n de un p\u00fablico tan numeroso en las redes sociales?<\/p>\n<p>Es evidente que su \u00e9xito se basa en una <strong>di\u00e1logo permanente con su p\u00fablico<\/strong>. Clara Mia se comunica directamente por mensajes privados, cultivando una relaci\u00f3n especial. \u00bfC\u00f3mo consigue <strong>liderar esta comunidad<\/strong> mientras desarrolla medios personalizados en su perfil MYM, que atrae constantemente a nuevos abonados?<\/p>\n<h2 id=\"alicia-de-faultrey-excellence-francaise\">Alicia de Faultrey: excelencia francesa<\/h2>\n<p>Alicia de Faultrey se ha consolidado como una de las <strong>Dise\u00f1adores franceses<\/strong> m\u00e1s seguido en <strong>MYM<\/strong>con un perfil claramente premium. Pero \u00bfc\u00f3mo explicar su lugar en el <strong>clasificaci\u00f3n de las mejores cuentas MYM<\/strong>atraer a un p\u00fablico tan fiel?<\/p>\n<ul>\n<li><strong>Publicaciones preferidas<\/strong> La joven francesa comparte fotos y v\u00eddeos inaccesibles en otras redes sociales.<\/li>\n<li>Intercambios personalizados: dialoga regularmente con sus abonados, cultivando una estrecha relaci\u00f3n con ellos. <strong>v\u00ednculo genuino<\/strong> dentro de sus redes.<\/li>\n<li>Creatividad asumida: Cada publicaci\u00f3n en su perfil sorprende por su <strong>audacia y autenticidad<\/strong>.<\/li>\n<li>Calidad impecable: sus medios producidos profesionalmente ofrecen una gran calidad de servicio. <strong>la experiencia visual definitiva<\/strong>.<\/li>\n<li>Singularidad: la dise\u00f1adora francesa combina un estilo reconocible con mensajes decididamente personales.<\/li>\n<\/ul>\n<h2 id=\"petitelu-authenticite-amateur\">Petitelu: Autenticidad amateur<\/h2>\n<p>Petitelu est\u00e1 llamando la atenci\u00f3n en las redes sociales gracias a su <strong>estilo espont\u00e1neo<\/strong> y su <strong>intercambios personales<\/strong>. Este joven dise\u00f1ador franc\u00e9s apuesta por <strong>formatos brutos<\/strong> que crean un v\u00ednculo especial con su comunidad. Pero, \u00bfc\u00f3mo consigue fidelizar a sus abonados a pesar de este posicionamiento amateur?<\/p>\n<p>Su perfil ilustra un <strong>tendencia actual<\/strong> los usuarios prefieren<strong>autenticidad<\/strong> producciones demasiado pulidas. M\u00e1s que contenido exclusivo, este influencer ofrece <strong>publicaciones diarias y mensajes privados<\/strong>. Una estrategia que funciona especialmente bien con los adultos j\u00f3venes que buscan una interacci\u00f3n real en las plataformas digitales.<\/p>\n<h2 id=\"influenceurs-mode-monetisation-creative\">Influenciadores de moda: monetizaci\u00f3n creativa<\/h2>\n<p>Los influencers de la moda explotan <strong>MYM con estrategia<\/strong>asociar su imagen p\u00fablica con <strong>medios privados<\/strong>. \u00bfC\u00f3mo se <strong>dise\u00f1adores<\/strong> est\u00e1n consiguiendo alinear su presencia en las redes sociales con <strong>exclusividad para sus abonados<\/strong> ? Un enfoque com\u00fan es reservar ciertas publicaciones para su perfil MYM, manteniendo al mismo tiempo un flujo regular en sus otras cuentas.<\/p>\n<p>Tomemos el ejemplo de <strong>recientes colaboraciones entre dise\u00f1adores franceses y marcas de lujo<\/strong>. Estas asociaciones, a menudo publicitadas en las redes sociales, permiten a los usuarios acceder a <strong>mensajes personalizados<\/strong>. Para los j\u00f3venes influyentes, esto <strong>sinergia entre visibilidad p\u00fablica e interacci\u00f3n privada<\/strong> est\u00e1 resultando especialmente eficaz para fidelizar a la comunidad.<\/p>\n<h2 id=\"createurs-contenu-reseau-lucratif\">Creadores de contenidos: una red social rentable<\/h2>\n<p>MYM destaca por <strong>una red lucrativa para los creadores de contenidos<\/strong>. Esta plataforma permite a los usuarios <strong>ofrecer publicaciones de pago y mensajes privilegiados<\/strong>. Para optimizar su rentabilidad, <strong>una estrategia de compromiso a medida<\/strong> es necesario. Nuestra gu\u00eda pr\u00e1ctica <a href=\"https:\/\/topmymfans.com\/es\/aumenta-tu-compromiso-en-mym\/\">Aumenta tu compromiso en MYM<\/a> detalla m\u00e9todos de probada eficacia.<\/p>\n<table>\n<caption>Comparaci\u00f3n de los nichos m\u00e1s rentables en MYM<\/caption>\n<thead>\n<tr>\n<th>Tipo de contenido<\/th>\n<th>Destinatarios<\/th>\n<th>Precio medio de suscripci\u00f3n<\/th>\n<\/tr>\n<\/thead>\n<tbody>\n<tr>\n<td>Fotos y v\u00eddeos exclusivos<\/td>\n<td>Fans que buscan un acceso privilegiado a la vida del influencer<\/td>\n<td>9,99 - 44,99 euros al mes<\/td>\n<\/tr>\n<tr>\n<td>Contenidos personalizados (fotos y v\u00eddeos a la carta)<\/td>\n<td>Los suscriptores quieren contenidos \u00fanicos adaptados a sus preferencias<\/td>\n<td>Variable, fijada por el dise\u00f1ador<\/td>\n<\/tr>\n<tr>\n<td>Acceso VIP \/ Contenido de pago por visi\u00f3n<\/td>\n<td>Aficionados dispuestos a pagar por eventos especiales o contenidos premium<\/td>\n<td>Variable, seg\u00fan el acontecimiento o el contenido<\/td>\n<\/tr>\n<tr>\n<td>Estilo de vida y Vlogs exclusivos<\/td>\n<td>Suscriptores interesados en el d\u00eda a d\u00eda del influencer y en sus historias entre bastidores<\/td>\n<td>9,99 - 44,99 euros al mes<\/td>\n<\/tr>\n<tr>\n<td>Nichos espec\u00edficos (Cosplay, Fitness, Arte, etc.)<\/td>\n<td>Comunidades destinatarias de especial inter\u00e9s<\/td>\n<td>9,99 - 44,99 euros al mes<\/td>\n<\/tr>\n<\/tbody>\n<\/table>\n<p><strong>Pie de foto:<\/strong> Este cuadro compara <strong>los diferentes enfoques para monetizar un perfil en las redes sociales especializadas<\/strong>. Los dise\u00f1adores <strong>son libres de fijar sus propias tarifas de suscripci\u00f3n<\/strong>El nuevo servicio ofrece medios privados e interacci\u00f3n personalizada. Los precios var\u00edan seg\u00fan la reputaci\u00f3n de la cuenta y el tipo de publicaciones compartidas.<\/p>\n<h2 id=\"stars-tele-realite-controverses\">Estrellas de telerrealidad: pol\u00e9micas y reconversiones<\/h2>\n<p>Ex estrellas francesas de telerrealidad <strong>MYM tras la pol\u00e9mica medi\u00e1tica<\/strong>Est\u00e1n experimentando una transformaci\u00f3n estrat\u00e9gica. \u00bfPor qu\u00e9 han elegido esta <strong>las redes sociales como refugio<\/strong>\u00bfY c\u00f3mo se replantean su imagen en esta red orientada a los adultos?<\/p>\n<p>Es interesante estudiar <strong>la influencia de estos creadores en el p\u00fablico de MYM<\/strong>. Su capacidad para <strong>fidelizar a un p\u00fablico joven<\/strong> es notable, con una importante participaci\u00f3n de usuarios dispuestos a suscribirse para acceder a publicaciones privadas y mensajes personalizados. Veamos c\u00f3mo estos perfiles medi\u00e1ticos <strong>est\u00e1n trasladando el conocimiento de su marca televisiva a las redes sociales premium<\/strong>.<\/p>\n<h2 id=\"celebridades-mym-influence\">C\u00e9l\u00e9brit\u00e9s MYM : El peso de la influencia<\/h2>\n<p><strong>Clara Morgane, Van Damme...<\/strong> Estas estrellas francesas han elegido <strong>MYM para interactuar con su p\u00fablico<\/strong>. Prueba del creciente atractivo de la red para las figuras consagradas. Pero, \u00bfc\u00f3mo puede <strong>explotar su imagen<\/strong> para seducir a los usuarios y compartir contenido privado en sus perfiles?<\/p>\n<p>En MYM, estos dise\u00f1adores <strong>apuestan por precios altos<\/strong> por sus suscripciones y publicaciones reservadas. Es una postura que plantea interrogantes: \u00bfqu\u00e9 presupuesto est\u00e1n dispuestos a dedicar los j\u00f3venes abonados a estos intercambios privilegiados, y c\u00f3mo pueden permitirse pagarlos? <strong>influir en la remuneraci\u00f3n de los influencers<\/strong> ?<\/p>\n<h2 id=\"modeles-instagram-audience-crossplateforme\">Modelos de Instagram: audiencia multiplataforma<\/h2>\n<p>Creadores de Instagram <strong>est\u00e1n transfiriendo gradualmente su audiencia a MYM<\/strong>transformando a sus seguidores en suscriptores premium. Pero, \u00bfc\u00f3mo hacer esta transici\u00f3n entre redes sociales?<\/p>\n<ul>\n<li>Visibilidad ampliada: presencia simult\u00e1nea en varias redes para llegar a distintas comunidades.<\/li>\n<li>Ingresos adicionales: combinaci\u00f3n de suscripciones a MYM y asociaciones con Instagram<\/li>\n<li>Interacciones espec\u00edficas : Adaptaci\u00f3n de los mensajes privados en funci\u00f3n de la plataforma utilizada<\/li>\n<li>Imagen coherente : Mantener una identidad visual unificada en todas las publicaciones<\/li>\n<li>Estrategia evolutiva: an\u00e1lisis peri\u00f3dico de las estad\u00edsticas para ajustar los contenidos de pago.<\/li>\n<li>Fidelizaci\u00f3n: env\u00edo de soportes temporales a los abonados m\u00e1s activos<\/li>\n<li>Colaboraciones : Uso cruzado de audiencias para promocionar a los dise\u00f1adores asociados<\/li>\n<\/ul>\n<p>Tenga en cuenta que <strong>muchas francesas combinan ahora MYM y OnlyFans para diversificar sus fuentes de ingresos<\/strong>. T\u00e9cnicas pr\u00e1cticas : <a href=\"https:\/\/topmymfans.com\/es\/aumenta-tus-suscripciones-en-mym-y-onlyfans\/\">Aumenta tus suscriptores en MYM y OnlyFans<\/a>.<\/p>\n<h2 id=\"creatrices-mym-perles-races\">MYM Dise\u00f1adores: en busca de joyas raras<\/h2>\n<p>Ante la multitud de publicaciones sobre MYM, la <strong>curaci\u00f3n<\/strong> se est\u00e1 convirtiendo en un reto diario. \u00bfC\u00f3mo podemos guiar a los usuarios <strong>perfiles franceses m\u00e1s prometedores<\/strong>al tiempo que se destaca la <strong>talento de los j\u00f3venes dise\u00f1adores<\/strong> ? Veamos los criterios que hay que aplicar para desenterrar estas pepitas.<\/p>\n<p>A <strong>enfoque estructurado<\/strong> se est\u00e1 convirtiendo en algo esencial para detectar a las estrellas emergentes. \u00bfDebemos centrarnos en la actividad en las redes sociales, la interacci\u00f3n a trav\u00e9s de mensajes privados o la regularidad de las publicaciones? Tenga en cuenta que <strong>el compromiso de los abonados y la calidad de los medios compartidos<\/strong> siguen siendo indicadores clave para identificar a los dise\u00f1adores franceses que est\u00e1n dejando huella en su campo.<\/p>\n<h2 id=\"comptes-curvy-representation-diverse\">Cuentas con curvas: representaci\u00f3n variada<\/h2>\n<p>En <strong>perfiles curvil\u00edneos<\/strong> est\u00e1n ganando terreno a la MYM, demostrando un compromiso real con la <strong>bodypositivism<\/strong>. \u00bfQu\u00e9 observan los usuarios en cuanto al cambio de expectativas en torno a <strong>diversidad corporal<\/strong> en las redes sociales francesas?<\/p>\n<p>Nuestro estudio de las 40 cuentas m\u00e1s seguidas revela que <strong>caracter\u00edsticas interesantes<\/strong>. Veamos qu\u00e9 publicaciones privadas atraen a los j\u00f3venes lectores y c\u00f3mo estos dise\u00f1adores franceses est\u00e1n dejando su impronta. <strong>fidelizar a sus abonados<\/strong> mientras desarrollan su negocio? Un enfoque que a menudo implica <strong>mensajes personalizados<\/strong> y medios de comunicaci\u00f3n adaptados a cada perfil.<\/p>\n<h2 id=\"comparatif-choix-strategique\">Comparaci\u00f3n<\/h2>\n<p>Elegir bien <strong>Cuenta MYM<\/strong> puede resultar complejo, dada la multitud de opciones disponibles. Esta gu\u00eda de selecci\u00f3n le ayudar\u00e1 a elegir con conocimiento de causa en funci\u00f3n de su perfil de usuario y su presupuesto. Qu\u00e9 <strong>cuenta<\/strong> que mejor se adapte a sus necesidades y uso? \u00bfCu\u00e1les son los <strong>precio<\/strong> practicada por <strong>dise\u00f1adores<\/strong> ? Para ayudarle a elegir <strong>plataforma<\/strong> que mejor se adapte a sus necesidades, consulte nuestro art\u00edculo comparativo <a href=\"https:\/\/topmymfans.com\/es\/mym-vs-onlyfans\/\">MYM vs Onlyfans: \u00bfCu\u00e1l es el mejor sitio para empezar?<\/a>.<\/p>\n<table>\n<caption>Comparaci\u00f3n<\/caption>\n<thead>\n<tr>\n<th>Tipo de cuenta<\/th>\n<th>Destinatarios<\/th>\n<th>Precio medio<\/th>\n<th>Tasa de compromiso<\/th>\n<\/tr>\n<\/thead>\n<tbody>\n<tr>\n<td><strong>Fotos y v\u00eddeos exclusivos<\/strong><\/td>\n<td>Fans que buscan un acceso privilegiado a la vida del influencer<\/td>\n<td>9,99 - 44,99 euros al mes<\/td>\n<td>Alta<\/td>\n<\/tr>\n<tr>\n<td><strong>Contenidos personalizados<\/strong><\/td>\n<td>Suscriptores que desean contenidos \u00fanicos y personalizados<\/td>\n<td>Variable<\/td>\n<td>Muy alta<\/td>\n<\/tr>\n<tr>\n<td><strong>Acceso VIP \/ Pago por visi\u00f3n<\/strong><\/td>\n<td>Los aficionados, dispuestos a pagar por acontecimientos especiales<\/td>\n<td>Variable<\/td>\n<td>Medio<\/td>\n<\/tr>\n<tr>\n<td><strong>Estilo de vida y Vlogs exclusivos<\/strong><\/td>\n<td>Suscriptores interesados en la vida cotidiana del influencer<\/td>\n<td>9,99 - 44,99 euros al mes<\/td>\n<td>Media a alta<\/td>\n<\/tr>\n<tr>\n<td><strong>Nichos espec\u00edficos (Cosplay, Fitness, Arte)<\/strong><\/td>\n<td>Comunidades destinatarias de especial inter\u00e9s<\/td>\n<td>9,99 - 44,99 euros al mes<\/td>\n<td>Alta<\/td>\n<\/tr>\n<tr>\n<td><strong>Estrellas de telerrealidad<\/strong><\/td>\n<td>Los fans del programa<\/td>\n<td>14,99 - 49,99 euros al mes<\/td>\n<td>Medio<\/td>\n<\/tr>\n<tr>\n<td>Famosos<\/td>\n<td>Fans de famosos<\/td>\n<td>19,99 - 99,99 euros al mes<\/td>\n<td>Bajo<\/td>\n<\/tr>\n<tr>\n<td>Plantillas de Instagram<\/td>\n<td>Seguidores de Instagram<\/td>\n<td>9,99 - 29,99 euros al mes<\/td>\n<td>Medio<\/td>\n<\/tr>\n<tr>\n<td><strong>Cuentas con curvas<\/strong><\/td>\n<td>Personas que buscan una representaci\u00f3n diversa<\/td>\n<td>7,99 - 39,99 euros al mes<\/td>\n<td>Alta<\/td>\n<\/tr>\n<tr>\n<td>Aficionados<\/td>\n<td>Personas que buscan autenticidad<\/td>\n<td>4,99 - 19,99 euros al mes<\/td>\n<td>Muy alta<\/td>\n<\/tr>\n<\/tbody>\n<\/table>\n<p>En la era digital actual, MYM ofrece una variedad de cuentas para todos los perfiles. Tanto si te atrae la audacia de Clara Mia, la autenticidad de Petitelu o la <strong>contenido exclusivo<\/strong> de estrellas, es el momento perfecto para descubrir estos <strong>Perfiles MYM<\/strong> imprescindibles. Encuentra el <strong>creador<\/strong> y \u00fanase a una comunidad apasionante y diversa.<\/p>\n<h2>PREGUNTAS FRECUENTES<\/h2>\n<h3>\u00bfCu\u00e1les son los riesgos jur\u00eddicos y las responsabilidades de los creadores de contenidos en MYM, sobre todo en lo que se refiere al respeto de la intimidad y la difusi\u00f3n de contenidos expl\u00edcitos?<\/h3>\n<p>Los creadores de contenidos en MYM deben tener en cuenta lo siguiente <strong>riesgos jur\u00eddicos<\/strong> relacionado <strong>respeto de la intimidad<\/strong> y <strong>distribuci\u00f3n de contenidos expl\u00edcitos<\/strong>. Deben obtener un <strong>consentimiento expreso<\/strong> recoger datos y permitir a los usuarios acceder a ellos, rectificarlos o suprimirlos.<\/p>\n<p>Aunque MYM autoriza contenidos expl\u00edcitos, los creadores deben cumplir las siguientes normas <strong>normas estrictas de la UE<\/strong> prohibir contenidos ilegales y garantizar el cumplimiento de la legislaci\u00f3n vigente en materia de distribuci\u00f3n de contenidos pornogr\u00e1ficos. MYM pone <strong>menciones especiales<\/strong> en formatos \"expl\u00edcitos\" y requiere una <strong>certificado de identidad<\/strong> dise\u00f1adores, que deben tener al menos 18 a\u00f1os.<\/p>\n<h3>Cu\u00e1les son las estrategias promocionales m\u00e1s eficaces para atraer nuevos abonados a MYM en 2024, teniendo en cuenta los cambios en el algoritmo y las tendencias en el marketing de influencers?<\/h3>\n<p>Las estrategias de promoci\u00f3n m\u00e1s eficaces para atraer nuevos abonados a MYM en 2024 incluyen el uso de <strong>c\u00f3digos promocionales y descuentos<\/strong>el <strong>patrocinio<\/strong>y el <strong>marketing de influencers<\/strong>. Ofrecer descuentos mediante c\u00f3digos de cup\u00f3n es una estrategia eficaz para atraer a nuevos suscriptores.<\/p>\n<p>Colaborar con influencers populares puede ofrecer un <strong>visibilidad indirecta<\/strong> a un p\u00fablico ya cautivado. Muchos creadores promocionan su cuenta de MYM en las redes sociales. Es importante tener en cuenta que los creadores de MYM no pueden promocionar marcas directamente.<\/p>\n<h3>\u00bfC\u00f3mo pueden los creadores de contenidos gestionar eficazmente su tiempo y energ\u00eda para mantener un flujo constante de contenidos de calidad en MYM y evitar al mismo tiempo el agotamiento?<\/h3>\n<p>Para evitar el agotamiento, los creadores de contenidos en MYM pueden adoptar varias estrategias, entre ellas <strong>planificaci\u00f3n y organizaci\u00f3n<\/strong> con herramientas de gesti\u00f3n del tiempo, y la <strong>priorizar las tareas<\/strong> concentrarse en las actividades m\u00e1s importantes.<\/p>\n<p>Tambi\u00e9n es aconsejable adoptar un <strong>estrategia de contenidos a largo plazo<\/strong>de <strong>establecimiento de l\u00edmites<\/strong> entre el trabajo y la vida personal, para <strong>conectar con otros dise\u00f1adores<\/strong> de apoyo, y <strong>reconocer los signos del burnout<\/strong> para remediar r\u00e1pidamente la situaci\u00f3n.<\/p>\n<h3>\u00bfQu\u00e9 herramientas y recursos pone MYM a disposici\u00f3n de los creadores para ayudarles a analizar su rendimiento, comprender a su audiencia y optimizar su estrategia de contenidos?<\/h3>\n<p>MYM pone a disposici\u00f3n de los dise\u00f1adores una serie de herramientas y recursos para ayudarles a <strong>analizar su rendimiento<\/strong>, <strong>comprender a su p\u00fablico<\/strong> y <strong>optimizar su estrategia de contenidos<\/strong>. Estas herramientas incluyen <strong>estad\u00edsticas detalladas de audiencia y resultados<\/strong>Esto nos permite conocer las preferencias de la audiencia y adaptar nuestros contenidos en consecuencia.<\/p>\n<p>La plataforma tambi\u00e9n ofrece un <strong>herramienta de previsi\u00f3n de ingresos<\/strong>opciones <strong>personalice su perfil<\/strong>y <strong>funciones de monetizaci\u00f3n<\/strong> (como las suscripciones de pago), herramientas para <strong>gesti\u00f3n de abonados<\/strong>y la posibilidad de crear <strong>campa\u00f1as de promoci\u00f3n<\/strong>.<\/p>\n<h3>\u00bfC\u00f3mo podr\u00eda afectar el desarrollo de tecnolog\u00edas como la inteligencia artificial y la realidad virtual a la creaci\u00f3n de contenidos y a la participaci\u00f3n de los abonados en MYM en los pr\u00f3ximos a\u00f1os?<\/h3>\n<p>El desarrollo de la<strong>IA<\/strong> y <strong>realidad virtual (RV)<\/strong> podr\u00eda transformar la <strong>creaci\u00f3n de contenidos<\/strong> y el<strong>participaci\u00f3n de los abonados<\/strong> en MYM. La IA puede ayudar a los dise\u00f1adores a ahorrar tiempo <strong>automatizar determinadas tareas<\/strong> y en <strong>generar contenidos<\/strong>permiti\u00e9ndole concentrarse en tareas m\u00e1s estrat\u00e9gicas.<\/p>\n<p>La RV ofrece oportunidades para<strong>experiencias de inmersi\u00f3n<\/strong> para abonados, con contenidos de RV, eventos virtuales, encuentros con creadores o visitas a lugares exclusivos. Sin embargo, es importante se\u00f1alar que el uso de la IA y la RV plantea <strong>cuestiones \u00e9ticas y jur\u00eddicas<\/strong>.<\/p>","protected":false},"excerpt":{"rendered":"<p>\u00bfBuscas las mejores cuentas MYM para acceder a contenidos exclusivos y v\u00eddeos privados? No es f\u00e1cil elegir entre la pl\u00e9tora de creadores MYM de esta plataforma. Aqu\u00ed tienes nuestra clasificaci\u00f3n de las cuentas MYM fans m\u00e1s seguidas: descubre c\u00f3mo estos creadores consiguen generar ingresos compartiendo... <a href=\"https:\/\/topmymfans.com\/es\/meilleurs-comptes-mym\/\">Contin\u00faa en<\/a><\/p>","protected":false},"author":1,"featured_media":0,"parent":0,"menu_order":0,"comment_status":"closed","ping_status":"closed","template":"","meta":{"footnotes":""},"class_list":["post-559","page","type-page","status-publish","hentry"],"_links":{"self":[{"href":"https:\/\/topmymfans.com\/es\/wp-json\/wp\/v2\/pages\/559","targetHints":{"allow":["GET"]}}],"collection":[{"href":"https:\/\/topmymfans.com\/es\/wp-json\/wp\/v2\/pages"}],"about":[{"href":"https:\/\/topmymfans.com\/es\/wp-json\/wp\/v2\/types\/page"}],"author":[{"embeddable":true,"href":"https:\/\/topmymfans.com\/es\/wp-json\/wp\/v2\/users\/1"}],"replies":[{"embeddable":true,"href":"https:\/\/topmymfans.com\/es\/wp-json\/wp\/v2\/comments?post=559"}],"version-history":[{"count":2,"href":"https:\/\/topmymfans.com\/es\/wp-json\/wp\/v2\/pages\/559\/revisions"}],"predecessor-version":[{"id":567,"href":"https:\/\/topmymfans.com\/es\/wp-json\/wp\/v2\/pages\/559\/revisions\/567"}],"wp:attachment":[{"href":"https:\/\/topmymfans.com\/es\/wp-json\/wp\/v2\/media?parent=559"}],"curies":[{"name":"wp","href":"https:\/\/api.w.org\/{rel}","templated":true}]}}