{"id":439,"date":"2024-03-04T20:07:54","date_gmt":"2024-03-04T19:07:54","guid":{"rendered":"https:\/\/topmymfans.com\/?page_id=439"},"modified":"2024-03-04T20:08:11","modified_gmt":"2024-03-04T19:08:11","slug":"nota-maxima-2","status":"publish","type":"page","link":"https:\/\/topmymfans.com\/es\/mentions-legales\/","title":{"rendered":"Informaci\u00f3n jur\u00eddica"},"content":{"rendered":"<h2 class=\"wp-block-heading\">Presentaci\u00f3n del sitio web<\/h2>\n\n\n\n<p>De acuerdo con los requisitos legales detallados en la Ley de Confianza en la Econom\u00eda Digital (L.C.E.N.), se proporciona la siguiente informaci\u00f3n a los usuarios y visitantes de topmymfans.com :<\/p>\n\n\n\n<h2 class=\"wp-block-heading\">Informaci\u00f3n jur\u00eddica<\/h2>\n\n\n\n<p>La plataforma Top Mym Fans est\u00e1 representada por la empresa del mismo nombre, con posibilidad de comunicaci\u00f3n directa por correo electr\u00f3nico: contact@topmymfans.com.<\/p>\n\n\n\n<h2 class=\"wp-block-heading\">Creaci\u00f3n de p\u00e1ginas web<\/h2>\n\n\n\n<p>El dominio topmymfans.com est\u00e1 gestionado y mantenido por la empresa Top Mym Fans, con la que se puede contactar a trav\u00e9s del responsable de la publicaci\u00f3n: contact@topmymfans.com. La publicaci\u00f3n est\u00e1 gestionada por una persona jur\u00eddica.<\/p>\n\n\n\n<h2 class=\"wp-block-heading\">Gesti\u00f3n del sitio<\/h2>\n\n\n\n<p>Si tiene alguna pregunta t\u00e9cnica o comentario sobre el sitio, puede ponerse en contacto directamente con el webmaster en contact@topmymfans.com.<\/p>\n\n\n\n<h2 class=\"wp-block-heading\">Alojamiento web<\/h2>\n\n\n\n<p>El sitio web topmymfans.com est\u00e1 alojado en Vercel, Inc, proveedor reconocido por la calidad de sus servicios de alojamiento web.<\/p>\n\n\n\n<h2 class=\"wp-block-heading\">Descripci\u00f3n de los servicios<\/h2>\n\n\n\n<p>La informaci\u00f3n proporcionada en topmymfans.com pretende ser lo m\u00e1s precisa posible. Sin embargo, el sitio no se hace responsable de las omisiones, inexactitudes o falta de actualizaci\u00f3n de la informaci\u00f3n, ya sea causada por Top Mym Fans o terceros asociados.<\/p>\n\n\n\n<h2 class=\"wp-block-heading\">Propiedad intelectual<\/h2>\n\n\n\n<p>Los elementos publicados en topmymfans.com, incluidos textos, im\u00e1genes y gr\u00e1ficos, est\u00e1n protegidos por derechos de propiedad intelectual. Cualquier reproducci\u00f3n no autorizada del sitio o de su contenido est\u00e1 estrictamente prohibida sin el consentimiento previo por escrito de Top Mym Fans.<\/p>\n\n\n\n<h2 class=\"wp-block-heading\">Hiperv\u00ednculos y cookies<\/h2>\n\n\n\n<p>topmymfans.com puede contener enlaces a otros sitios web sobre cuyo contenido Top Mym Fans no tiene control alguno. La presencia de estos enlaces no constituye una validaci\u00f3n de estos sitios por Top Mym Fans. Adem\u00e1s, la navegaci\u00f3n en topmymfans.com puede dar lugar a la instalaci\u00f3n de cookie(s) en el ordenador del usuario, facilitando as\u00ed la navegaci\u00f3n posterior en el sitio.<\/p>\n\n\n\n<h2 class=\"wp-block-heading\">Protecci\u00f3n de datos personales<\/h2>\n\n\n\n<p>De conformidad con la legislaci\u00f3n francesa y europea en materia de protecci\u00f3n de datos, los usuarios de topmymfans.com disponen de un derecho de acceso, modificaci\u00f3n y supresi\u00f3n de los datos personales que les conciernen. Estos derechos pueden ejercerse enviando una solicitud por escrito a la direcci\u00f3n de correo electr\u00f3nico facilitada o por correo postal, acompa\u00f1ada de una copia de su documento de identidad.<\/p>","protected":false},"excerpt":{"rendered":"<p>Presentaci\u00f3n del sitio web De conformidad con los requisitos legales detallados en la Ley de Confianza en la Econom\u00eda Digital (L.C.E.N.), se proporciona la siguiente informaci\u00f3n a los usuarios y visitantes de topmymfans.com: Informaci\u00f3n legal La plataforma Top Mym Fans est\u00e1 representada por la empresa del mismo nombre, siendo posible la comunicaci\u00f3n directa a trav\u00e9s del correo electr\u00f3nico: contact@topmymfans.com. ... <a href=\"https:\/\/topmymfans.com\/es\/mentions-legales\/\">Contin\u00faa en<\/a><\/p>","protected":false},"author":1,"featured_media":0,"parent":0,"menu_order":0,"comment_status":"closed","ping_status":"closed","template":"","meta":{"footnotes":""},"class_list":["post-439","page","type-page","status-publish","hentry"],"_links":{"self":[{"href":"https:\/\/topmymfans.com\/es\/wp-json\/wp\/v2\/pages\/439","targetHints":{"allow":["GET"]}}],"collection":[{"href":"https:\/\/topmymfans.com\/es\/wp-json\/wp\/v2\/pages"}],"about":[{"href":"https:\/\/topmymfans.com\/es\/wp-json\/wp\/v2\/types\/page"}],"author":[{"embeddable":true,"href":"https:\/\/topmymfans.com\/es\/wp-json\/wp\/v2\/users\/1"}],"replies":[{"embeddable":true,"href":"https:\/\/topmymfans.com\/es\/wp-json\/wp\/v2\/comments?post=439"}],"version-history":[{"count":1,"href":"https:\/\/topmymfans.com\/es\/wp-json\/wp\/v2\/pages\/439\/revisions"}],"predecessor-version":[{"id":440,"href":"https:\/\/topmymfans.com\/es\/wp-json\/wp\/v2\/pages\/439\/revisions\/440"}],"wp:attachment":[{"href":"https:\/\/topmymfans.com\/es\/wp-json\/wp\/v2\/media?parent=439"}],"curies":[{"name":"wp","href":"https:\/\/api.w.org\/{rel}","templated":true}]}}