{"id":37,"date":"2020-10-19T20:29:27","date_gmt":"2020-10-19T18:29:27","guid":{"rendered":"https:\/\/topmymfans.com\/?page_id=37"},"modified":"2025-03-18T10:30:22","modified_gmt":"2025-03-18T09:30:22","slug":"como-crear","status":"publish","type":"page","link":"https:\/\/topmymfans.com\/es\/comment-devenir-createurs\/","title":{"rendered":"MYM Creator: la gu\u00eda completa para creadores de contenidos"},"content":{"rendered":"<p>\u00bfEs usted un creador de contenidos que busca una plataforma para mostrar su talento y compartirlo con su comunidad? <strong>Creador MYM<\/strong> es una opci\u00f3n seria que hay que explorar. Este art\u00edculo explica <strong>lo que debe saber sobre esta plataforma especializada<\/strong> c\u00f3mo funciona y qu\u00e9 puede hacer por los empresarios, <strong>m\u00e9todos para monetizar sus contenidos<\/strong>y algunos consejos para maximizar tus ganancias. Veamos c\u00f3mo <strong>esta soluci\u00f3n podr\u00eda dar una dimensi\u00f3n profesional a su actividad creativa<\/strong>\u2026<\/p>\n<div class=\"flex flex-col sm:flex-row gap-4 justify-center\"><a href=\"https:\/\/topmymfans.com\/es\/go\/creators\/\" class=\"btn btn-primary\">Registrarse como dise\u00f1ador<\/a><a href=\"https:\/\/topmymfans.com\/es\/go\/ambassadors\/\" class=\"btn\" style=\"background-color: #9333ea; color: white;\" onmouseover=\"this.style.backgroundColor='#7e22ce'\" onmouseout=\"this.style.backgroundColor='#9333ea'\">Registrarse como Embajador<\/a><\/div>\n<h2 id=\"mym-creator-plateforme-innovante\">MYM Creator: una plataforma innovadora para creadores de contenidos<\/h2>\n<p>En una \u00e9poca en la que la tecnolog\u00eda digital desempe\u00f1a un papel importante, este <strong>La aplicaci\u00f3n francesa se lanzar\u00e1 en 2019<\/strong> es un espacio para que creadores y abonados compartan su trabajo. En particular, permite <strong>distribuir contenidos exclusivos y rentabilizar su audiencia<\/strong>. Funciona de forma similar a OnlyFans, pero se dirige espec\u00edficamente a los <strong>Mercado franc\u00f3fono<\/strong>.<\/p>\n<p>Veamos las principales ventajas de esta soluci\u00f3n, dise\u00f1ada para <strong>optimizar el compromiso y la remuneraci\u00f3n de los usuarios<\/strong> :<\/p>\n<ul>\n<li><strong>Modelo de negocio ventajoso :<\/strong> Este es un punto fuerte: los dise\u00f1adores conservan <strong>hasta 90% de sus ingresos<\/strong>. Esta distribuci\u00f3n favorece claramente a los productores de contenidos, permiti\u00e9ndoles concentrarse en publicaciones originales. Una caracter\u00edstica que recuerda a OnlyFans, pero con algunas adaptaciones locales.<\/li>\n<li><strong>Adaptaci\u00f3n al p\u00fablico destinatario :<\/strong> La plataforma se basa en su <strong>conocimiento del mercado franc\u00e9s<\/strong>. De este modo, facilita la interacci\u00f3n entre usuarios y creadores, con herramientas adaptadas a necesidades culturales espec\u00edficas. Adem\u00e1s, la <strong>gesti\u00f3n de derechos de autor<\/strong> se aplica rigurosamente.<\/li>\n<li><strong>Herramientas de alto rendimiento :<\/strong> La aplicaci\u00f3n ofrece varias palancas de monetizaci\u00f3n: <strong>abonos flexibles, venta de v\u00eddeos exclusivos o un sistema de propinas<\/strong>. Estas opciones permiten una gesti\u00f3n flexible de su actividad, similar a la que YouTube ofrece a los creadores de contenidos de larga duraci\u00f3n.<\/li>\n<li><strong>Estructura equilibrada :<\/strong> El modelo de negocio incluye <strong>tres agentes clave: dise\u00f1adores, gestores y la comunidad<\/strong> - con el objetivo de encontrar un equilibrio entre los intereses comerciales y la calidad de los intercambios. Un enfoque que est\u00e1 conquistando a millones de usuarios en Francia y Europa.<\/li>\n<li><strong>Mayor seguridad :<\/strong> La <strong>protecci\u00f3n de datos y lucha contra el fraude<\/strong> son algunas de las prioridades. Los creadores se benefician de un entorno seguro para publicar fotos y v\u00eddeos, con asistencia reactiva en caso de problema.<\/li>\n<\/ul>\n<p>Esta soluci\u00f3n destaca por <strong>un enfoque comercial basado en intercambios aut\u00e9nticos<\/strong>. A diferencia de otras redes sociales, favorece la interacci\u00f3n directa mediante mensajes privados y sistemas de suscripci\u00f3n personalizables.<\/p>\n<p>El \u00e9xito de la aplicaci\u00f3n depende en particular de su capacidad para <strong>cumplir los requisitos legales franceses en materia de derechos de autor y protecci\u00f3n de datos<\/strong>. Los riesgos asociados a compartir medios sensibles se mitigan con funciones como el desenfoque autom\u00e1tico y la configuraci\u00f3n granular de la confidencialidad. Se presta especial atenci\u00f3n a <strong>cumplimiento de la legislaci\u00f3n europea<\/strong>Se trata de un aspecto crucial para millones de usuarios preocupados por su privacidad.<\/p>\n<p><img decoding=\"async\" class=\"alignnone wp-image-574 size-full\" src=\"https:\/\/topmymfans.com\/wp-content\/uploads\/2025\/03\/MYM_for_creators_-_Reseau_social_exclusif_-_Brave_4gZxsgjNQS.png\" alt=\"\" width=\"1830\" height=\"732\" srcset=\"\" sizes=\"(max-width: 1830px) 100vw, 1830px\" data-srcset=\"\" \/><\/p>\n<h2 id=\"monetisation-contenu-mym\">Optimizar sus ganancias en MYM Creator<\/h2>\n<p>Para los creadores de contenidos, la aplicaci\u00f3n MYM Creator es una eficaz herramienta de monetizaci\u00f3n gracias a sus numerosas funciones. Veamos c\u00f3mo <a href=\"https:\/\/topmymfans.com\/es\/maximice-su-potencial-de-ingresos-en-mym-fans\/\">aproveche al m\u00e1ximo este sistema<\/a>. An\u00e1lisis de <strong>modelos de suscripci\u00f3n<\/strong>el <strong>producci\u00f3n de contenidos espec\u00edficos<\/strong> y el <strong>gesti\u00f3n rigurosa de los beneficios<\/strong> son clave para transformar esta actividad en una fuente sostenible de ingresos. Cabe se\u00f1alar que estos mecanismos tambi\u00e9n se aplican a plataformas como OnlyFans, con caracter\u00edsticas locales espec\u00edficas en Francia.<\/p>\n<h3 id=\"modeles-abonnements\">Estrategias de precios adecuadas<\/h3>\n<p>La elecci\u00f3n de <strong>precio de suscripci\u00f3n<\/strong> es un factor clave para atraer y retener a su p\u00fablico. Una foto de perfil profesional sigue siendo esencial para reflejar la identidad de la marca. La plataforma ofrece varias opciones de precios, de 9,99 a 49,99 euros al mes, lo que permite una personalizaci\u00f3n a la medida del p\u00fablico objetivo. Esta flexibilidad explica en parte su \u00e9xito frente a competidores como OnlyFans.<\/p>\n<table>\n<caption>Comparaci\u00f3n de comisiones y pagos de ingresos entre MYM y Twitch<\/caption>\n<thead>\n<tr>\n<th>Plataforma<\/th>\n<th>Comisi\u00f3n cobrada<\/th>\n<th>Pago a los creadores<\/th>\n<\/tr>\n<\/thead>\n<tbody>\n<tr>\n<td>MYM<\/td>\n<td>MYM descuenta 1% de todas las ganancias de los creadores.<\/td>\n<td>MYM pretende devolver 80% de los ingresos generados a los creadores.<\/td>\n<\/tr>\n<tr>\n<td>Twitch (Socios)<\/td>\n<td>50% de los ingresos netos por suscripciones.<\/td>\n<td>50% de los ingresos netos por suscripciones.<\/td>\n<\/tr>\n<tr>\n<td>Twitch (Afiliados)<\/td>\n<td>70% ingresos netos por suscripci\u00f3n.<\/td>\n<td>30% en ingresos netos por suscripciones.<\/td>\n<\/tr>\n<\/tbody>\n<tfoot>\n<tr>\n<td colspan=\"3\"><b>Pie de foto:<\/b> Esta tabla compara las comisiones que cobran las plataformas MYM y Twitch, as\u00ed como el porcentaje de ingresos que se paga a los creadores. Las cifras de Twitch distinguen entre socios y afiliados, que tienen acuerdos diferentes. Es aconsejable reservar alrededor de 30% de tus ingresos en previsi\u00f3n de las obligaciones fiscales.<\/td>\n<\/tr>\n<\/tfoot>\n<\/table>\n<p>Adem\u00e1s de las suscripciones, la aplicaci\u00f3n permite <strong>diversifique sus fuentes de ingresos<\/strong> gracias a los contenidos de pago por visi\u00f3n. Visite <strong>Sistema de pago por visi\u00f3n (PPV)<\/strong> permite la venta de soportes exclusivos -v\u00eddeos, fotos o mensajes personalizados- con precios fijados libremente. En OnlyFans existe una funci\u00f3n similar, pero con normas de funcionamiento ligeramente distintas.<\/p>\n<h3 id=\"strategies-contenus-exclusifs\">Producci\u00f3n multimedia de calidad<\/h3>\n<p>La clave est\u00e1 en encontrar un equilibrio entre exclusividad y regularidad.<\/p>\n<p>Observar a los dise\u00f1adores de \u00e9xito revela <strong>la importancia de un calendario de publicaci\u00f3n estructurado<\/strong>. Algunos utilizan la plataforma para <strong>desarrollar su marketing personal<\/strong>alternando contenidos accesibles y producciones de primera calidad. Visite <strong>segmentaci\u00f3n de la audiencia mediante empujes dirigidos<\/strong> permite adaptar la oferta a las expectativas espec\u00edficas de cada grupo. Cabe se\u00f1alar que el respeto de los derechos de autor y la protecci\u00f3n de las creaciones siguen siendo primordiales en este planteamiento.<\/p>\n<h3 id=\"gestion-optimale-revenus\">Gesti\u00f3n financiera y marco jur\u00eddico<\/h3>\n<p>Es esencial comprender c\u00f3mo funcionan los pagos y cu\u00e1ndo deben efectuarse. En Francia, los ingresos de MYM y OnlyFans suelen clasificarse como BNC (b\u00e9n\u00e9fices non commerciaux). Una gesti\u00f3n rigurosa implica reservar una parte de los ingresos para cubrir las cargas fiscales y sociales.<\/p>\n<p>L'<strong>optimizaci\u00f3n fiscal<\/strong>A este respecto, es importante prestar especial atenci\u00f3n a la legislaci\u00f3n francesa. Algunos dise\u00f1adores se plantean <strong>estructuras jur\u00eddicas adecuadas<\/strong> para reducir sus obligaciones fiscales. Pero cuidado: cualquier intento de eludir las normas le expone a graves riesgos legales. Visite <strong>transparencia informativa<\/strong> sigue siendo la mejor protecci\u00f3n contra las inspecciones fiscales, ya sea para MYM u otras aplicaciones similares.<\/p>\n<div class=\"flex flex-col sm:flex-row gap-4 justify-center\"><a href=\"https:\/\/topmymfans.com\/es\/go\/creators\/\" class=\"btn btn-primary\">Registrarse como dise\u00f1ador<\/a><a href=\"https:\/\/topmymfans.com\/es\/go\/ambassadors\/\" class=\"btn\" style=\"background-color: #9333ea; color: white;\" onmouseover=\"this.style.backgroundColor='#7e22ce'\" onmouseout=\"this.style.backgroundColor='#9333ea'\">Registrarse como Embajador<\/a><\/div>\n<h2 id=\"debuter-mym-createur\">Comienza tu aventura creativa MYM<\/h2>\n<p>\u00bfEst\u00e1 pensando en unirse a la plataforma MYM? Veamos los pasos clave para <strong>atraiga a su primer p\u00fablico<\/strong>. Para obtener ayuda detallada, consulte nuestro <a href=\"https:\/\/topmymfans.com\/es\/guia-completa-para-empezar-con-mym\/\">gu\u00eda completa para principiantes<\/a>.<\/p>\n<p><img decoding=\"async\" class=\"alignnone wp-image-576 size-full\" src=\"https:\/\/topmymfans.com\/wp-content\/uploads\/2025\/03\/MYM_for_creators_\u2022_Reseau_social_exclusif_\u2013_Brave_xYENRE6k5o.png\" alt=\"\" width=\"1461\" height=\"589\" srcset=\"https:\/\/topmymfans.com\/wp-content\/uploads\/2025\/03\/MYM_for_creators_\u2022_Reseau_social_exclusif_\u2013_Brave_xYENRE6k5o.png 1461w, https:\/\/topmymfans.com\/wp-content\/uploads\/2025\/03\/MYM_for_creators_\u2022_Reseau_social_exclusif_\u2013_Brave_xYENRE6k5o-300x121.png 300w, https:\/\/topmymfans.com\/wp-content\/uploads\/2025\/03\/MYM_for_creators_\u2022_Reseau_social_exclusif_\u2013_Brave_xYENRE6k5o-1024x413.png 1024w, https:\/\/topmymfans.com\/wp-content\/uploads\/2025\/03\/MYM_for_creators_\u2022_Reseau_social_exclusif_\u2013_Brave_xYENRE6k5o-768x310.png 768w, https:\/\/topmymfans.com\/wp-content\/uploads\/2025\/03\/MYM_for_creators_\u2022_Reseau_social_exclusif_\u2013_Brave_xYENRE6k5o-18x7.png 18w\" sizes=\"(max-width: 1461px) 100vw, 1461px\" \/><\/p>\n<h3 id=\"creation-compte-optimise\">Crear y optimizar su perfil<\/h3>\n<p>El primer paso es <strong>abrir una cuenta de creador eficiente<\/strong>. Elija un seud\u00f3nimo memorable y una foto de perfil llamativa. Complete su presentaci\u00f3n con <strong>detalles sobre su mundo y el tipo de medios que ofrece<\/strong>. <a href=\"https:\/\/lesmakers.fr\/ouvrir-un-compte-mym\/\" target=\"_blank\" rel=\"noopener\">Abrir una cuenta de creador<\/a> es un requisito previo para acceder al ecosistema.<\/p>\n<p>Tras la inscripci\u00f3n, <strong>optimizar el perfil se convierte en algo esencial<\/strong>. Una biograf\u00eda bien elaborada marca la diferencia a la hora de captar la atenci\u00f3n. Exponga claramente su propuesta de valor y a\u00f1ada un banner visual llamativo. La plataforma <strong>comprueba sistem\u00e1ticamente la identidad de los dise\u00f1adores<\/strong>Esta medida refuerza la protecci\u00f3n de los usuarios y les da mayor visibilidad en las secciones dedicadas.<\/p>\n<h3 id=\"strategie-contenus-viraux\">Estrategia de contenidos atractivos<\/h3>\n<p>Para entrar en esta aplicaci\u00f3n, <strong>es esencial una planificaci\u00f3n rigurosa<\/strong>. Alterne inteligentemente contenidos accesibles con producciones exclusivas, siguiendo el ejemplo de las mejores pr\u00e1cticas en YouTube. El an\u00e1lisis peri\u00f3dico de las estad\u00edsticas integradas en la aplicaci\u00f3n le permite afinar su estrategia de marketing.<\/p>\n<p>Las herramientas de an\u00e1lisis proporcionan <strong>informaci\u00f3n valiosa sobre el comportamiento de millones de usuarios activos<\/strong>. Cruza estos datos con Google Analytics para identificar tendencias emergentes. Nuestro <a href=\"https:\/\/topmymfans.com\/es\/aumenta-tu-compromiso-en-mym\/\">gu\u00eda de optimizaci\u00f3n<\/a> detalla t\u00e9cnicas probadas para maximizar la interacci\u00f3n.<\/p>\n<h3 id=\"integration-ecosysteme-mym\">Integraci\u00f3n en el ecosistema MYM<\/h3>\n<p>Para emerger en este entorno competitivo, <strong>se recomienda una presencia activa en todos los canales de la plataforma<\/strong>. Aproveche las funciones promocionales internas y los programas de apoyo espec\u00edficos. En particular, las notificaciones push espec\u00edficas son una palanca infrautilizada para los nuevos creadores.<\/p>\n<p>La asistencia t\u00e9cnica para la aplicaci\u00f3n incluye <strong>apoyo inestimable para descifrar el rendimiento y ajustar la producci\u00f3n de v\u00eddeo<\/strong>. No dudes en pedirles consejo para dominar las sutilezas de los derechos de autor y la gesti\u00f3n de medios privados. Con un enfoque met\u00f3dico, podr\u00e1 reducir gradualmente los riesgos asociados a la visibilidad al tiempo que aumenta su audiencia.<\/p>\n<h2 id=\"reussite-mym-creator\">Claves del \u00e9xito en MYM Creator<\/h2>\n<p>Para lograr el \u00e9xito a largo plazo en plataformas como MYM Creator o OnlyFans, un <strong>enfoque estrat\u00e9gico<\/strong> es esencial. Desarrollar un <strong>comunidad comprometida<\/strong> es un pilar fundamental, ya que requiere una interacci\u00f3n regular con su p\u00fablico, responder a los mensajes e incorporar los comentarios de los abonados.<\/p>\n<p>Anticiparse a los cambios <strong>aplicaciones de contenido premium<\/strong> sigue siendo crucial. El funcionamiento de estos espacios digitales est\u00e1 en consonancia con la tendencia de la <strong>econom\u00eda de creaci\u00f3n<\/strong>En Francia, esta tendencia est\u00e1 permitiendo a millones de creadores monetizar su talento a trav\u00e9s de v\u00eddeos y medios exclusivos. En Francia, esta tendencia est\u00e1 permitiendo a millones de creadores monetizar su talento a trav\u00e9s de v\u00eddeos y medios exclusivos. Frente a las limitaciones de las redes sociales tradicionales, estas aplicaciones est\u00e1n devolviendo a los usuarios el control sobre su producci\u00f3n. Visite <strong>marketing de contenidos<\/strong> y la protecci\u00f3n de datos personales desempe\u00f1an un papel clave, de conformidad con la legislaci\u00f3n europea. MYM se enorgullece de ser una plataforma de creaci\u00f3n de contenidos con 14 millones de usuarios, lo que ilustra esta din\u00e1mica al tiempo que presenta riesgos vinculados a la gesti\u00f3n de derechos digitales.<\/p>\n<p>MYM Creator ofrece <strong>activos serios para creadores de contenidos decididos<\/strong>. Evidentemente, <strong>comprender sus mecanismos y compartir producciones originales<\/strong> le permite aumentar significativamente sus ganancias al tiempo que crea un p\u00fablico fiel. Entonces, \u00bfpor qu\u00e9 dudar? <strong>Act\u00faa ya<\/strong> tu talento merece convertirse en <strong>un \u00e9xito concreto en MYM<\/strong>.<\/p>\n<h2>PREGUNTAS FRECUENTES<\/h2>\n<h3>\u00bfQu\u00e9 tipos de contenido funcionan mejor en MYM Creator en t\u00e9rminos de participaci\u00f3n y monetizaci\u00f3n?<\/h3>\n<p>Los creadores de \u00e9xito en MYM diversifican sus formatos para maximizar sus ingresos. MYM es conocida sobre todo por difundir en privado <strong>fotograf\u00edas y v\u00eddeos<\/strong>. La clave est\u00e1 en crear <strong>contenidos exclusivos y atractivos<\/strong>Esto es especialmente cierto en el caso de los contenidos privados personalizados, que generan un alto valor a\u00f1adido.<\/p>\n<p>En <strong>suscripciones de pago<\/strong> son tambi\u00e9n una forma eficaz de generar ingresos recurrentes. Visite <strong>formatos de v\u00eddeo<\/strong> (historias, vlogs, tutoriales) y <strong>retransmisiones en directo<\/strong> son populares. Por \u00faltimo, los dise\u00f1adores pueden recibir <strong>consejos<\/strong> de sus fans.<\/p>\n<h3>\u00bfCu\u00e1les son las estrategias de promoci\u00f3n cruzada m\u00e1s eficaces entre MYM Creator y otras plataformas sociales?<\/h3>\n<p>La <strong>promoci\u00f3n cruzada<\/strong> es esencial para atraer a nuevos seguidores y aumentar su visibilidad. Esto incluye promocionar su cuenta MYM en otros sitios web. <strong>redes sociales<\/strong>. En <strong>colaboraciones<\/strong> con otros creadores tambi\u00e9n puede exponer un perfil a nuevas audiencias, aumentando el n\u00famero de suscriptores.<\/p>\n<p>Es crucial trabajar en la <strong>calidad de los contenidos<\/strong> para justificar unos aranceles m\u00e1s elevados. El uso de <strong>llamada a la acci\u00f3n<\/strong> fomentar la suscripci\u00f3n y publicaci\u00f3n de <strong>contenidos personalizados<\/strong> contribuyen a una presencia eficaz en las redes sociales.<\/p>\n<h3>\u00bfC\u00f3mo fomenta el algoritmo MYM Creator el descubrimiento de nuevos creadores y sus contenidos?<\/h3>\n<p>Aunque el funcionamiento exacto del algoritmo MYM no es p\u00fablico, el<strong>compromiso<\/strong> desempe\u00f1a un papel importante. Los dise\u00f1adores se clasifican seg\u00fan su <strong>tasa de compromiso<\/strong>como \"Me gusta\", \"Compartir\", \"Comentarios\" y \"Suscripciones\". Cuanta m\u00e1s interacci\u00f3n genere un creador, m\u00e1s probabilidades tendr\u00e1 de ser destacado.<\/p>\n<p>Le <strong>contenido viral<\/strong> tambi\u00e9n se resalta para una mayor visibilidad. Adem\u00e1s, MYM requiere un <strong>certificaci\u00f3n obligatoria<\/strong> lo que confiere a los perfiles cierta credibilidad y visibilidad.<\/p>\n<h3>\u00bfC\u00f3mo se posiciona MYM Creator ante la nueva normativa sobre distribuci\u00f3n de contenidos en l\u00ednea y protecci\u00f3n de datos personales?<\/h3>\n<p>MYM Creator debe cumplir la normativa relativa a la <strong>distribuci\u00f3n de contenidos<\/strong> y el <strong>protecci\u00f3n de datos personales<\/strong>incluido el RGPD. La plataforma debe garantizar que los creadores cumplen las leyes sobre propiedad intelectual, difamaci\u00f3n y pornograf\u00eda infantil, y poner en marcha mecanismos de denuncia de contenidos ilegales.<\/p>\n<p>En relaci\u00f3n con <strong>protecci\u00f3n de datos personales<\/strong>MYM Creator debe cumplir los principios del GDPR relativos a la recogida, tratamiento, almacenamiento y transferencia de datos. La plataforma debe informar claramente a los usuarios sobre el uso de sus datos y permitirles ejercer sus derechos.<\/p>\n<h3>\u00bfQu\u00e9 opciones de apoyo y formaci\u00f3n ofrece MYM Creator para ayudar a los creadores a desarrollar sus habilidades y maximizar sus ingresos?<\/h3>\n<p>MYM Creator ofrece un <strong>Fondo para Creadores<\/strong> para ayudar a los creadores a producir contenidos, mejorar su calidad, formarse en el uso de MYM y desarrollar sus ingresos. A <strong>centro de apoyo<\/strong> con art\u00edculos sobre diversos temas, as\u00ed como <strong>gu\u00edas y consejos<\/strong> expertos para desarrollar su comunidad.<\/p>\n<p>La plataforma ofrece <strong>datos para analizar el rendimiento<\/strong> contenido y ajustar su estrategia. Visite <strong>blog MYM<\/strong> propone estrategias para aumentar los ingresos y un programa de <strong>patrocinio<\/strong> permite a los creadores ganar comisiones reclutando nuevos miembros.<\/p>","protected":false},"excerpt":{"rendered":"<p>\u00bfEres un creador de contenidos que busca una plataforma para mostrar su talento mientras comparte con su comunidad? MYM Creator es una opci\u00f3n seria a explorar. Este art\u00edculo explica lo que necesitas saber sobre esta plataforma especializada: c\u00f3mo funciona, sus ventajas para los creadores, c\u00f3mo monetizar... <a href=\"https:\/\/topmymfans.com\/es\/comment-devenir-createurs\/\">Contin\u00faa en<\/a><\/p>","protected":false},"author":1,"featured_media":0,"parent":0,"menu_order":0,"comment_status":"closed","ping_status":"closed","template":"","meta":{"footnotes":""},"class_list":["post-37","page","type-page","status-publish","hentry"],"_links":{"self":[{"href":"https:\/\/topmymfans.com\/es\/wp-json\/wp\/v2\/pages\/37","targetHints":{"allow":["GET"]}}],"collection":[{"href":"https:\/\/topmymfans.com\/es\/wp-json\/wp\/v2\/pages"}],"about":[{"href":"https:\/\/topmymfans.com\/es\/wp-json\/wp\/v2\/types\/page"}],"author":[{"embeddable":true,"href":"https:\/\/topmymfans.com\/es\/wp-json\/wp\/v2\/users\/1"}],"replies":[{"embeddable":true,"href":"https:\/\/topmymfans.com\/es\/wp-json\/wp\/v2\/comments?post=37"}],"version-history":[{"count":44,"href":"https:\/\/topmymfans.com\/es\/wp-json\/wp\/v2\/pages\/37\/revisions"}],"predecessor-version":[{"id":587,"href":"https:\/\/topmymfans.com\/es\/wp-json\/wp\/v2\/pages\/37\/revisions\/587"}],"wp:attachment":[{"href":"https:\/\/topmymfans.com\/es\/wp-json\/wp\/v2\/media?parent=37"}],"curies":[{"name":"wp","href":"https:\/\/api.w.org\/{rel}","templated":true}]}}