{"id":23,"date":"2020-10-16T21:53:11","date_gmt":"2020-10-16T19:53:11","guid":{"rendered":"https:\/\/topmymfans.com\/?page_id=23"},"modified":"2025-03-18T10:30:55","modified_gmt":"2025-03-18T09:30:55","slug":"afiliacion-mym-fans","status":"publish","type":"page","link":"https:\/\/topmymfans.com\/es\/affiliation-mym-fans\/","title":{"rendered":"Afiliaci\u00f3n MYM Fans - Gu\u00eda completa para convertirse en embajador y aumentar sus ingresos"},"content":{"rendered":"<p>Usted desea <strong>rentabilice su red<\/strong> y generar ingresos a partir de tus contactos? \u00bfSab\u00eda que<strong>afiliaci\u00f3n MYM Fans<\/strong> ofrece oportunidades en un <strong>mercado en r\u00e1pido crecimiento<\/strong> ? Este art\u00edculo explica c\u00f3mo convertirse en <strong>embajador competitivo MYM<\/strong>Descubra c\u00f3mo atraer a los creadores de contenidos y c\u00f3mo aumentar sus ingresos a trav\u00e9s del programa de afiliaci\u00f3n MYM. Quiere saber m\u00e1s sobre las ventajas concretas y las perspectivas del patrocinio de MYM Fans?<\/p>\n<div class=\"flex flex-col sm:flex-row gap-4 justify-center\"><a href=\"https:\/\/topmymfans.com\/es\/go\/creators\/\" class=\"btn btn-primary\">Registrarse como dise\u00f1ador<\/a><a href=\"https:\/\/topmymfans.com\/es\/go\/ambassadors\/\" class=\"btn\" style=\"background-color: #9333ea; color: white;\" onmouseover=\"this.style.backgroundColor='#7e22ce'\" onmouseout=\"this.style.backgroundColor='#9333ea'\">Registrarse como Embajador<\/a><\/div>\n<h2 id=\"fonctionnement-programme-affiliation-mym\">\u00bfC\u00f3mo funciona el programa de afiliaci\u00f3n MYM?<\/h2>\n<p>MYM Fans se posiciona como <strong>red social premium<\/strong> donde los dise\u00f1adores pueden <strong>ganar dinero con sus contenidos<\/strong> mediante suscripciones. Su <strong>programa de patrocinio<\/strong> permite a cualquier usuario activo promocionar la plataforma entre nuevos creadores adultos. Pero, \u00bfc\u00f3mo funciona realmente este sistema?<\/p>\n<table>\n<caption>Comparaci\u00f3n de las plataformas de afiliaci\u00f3n de adultos<\/caption>\n<thead>\n<tr>\n<th>Plataforma<\/th>\n<th>Tipo de contenido<\/th>\n<th>Comisi\u00f3n de afiliaci\u00f3n<\/th>\n<\/tr>\n<\/thead>\n<tbody>\n<tr>\n<td>MYM Fans<\/td>\n<td>Contenidos exclusivos, suscripciones, medios privados<\/td>\n<td>10% de ingresos generados por creadores referidos<\/td>\n<\/tr>\n<tr>\n<td>OnlyFans<\/td>\n<td>Variado (contenido para adultos, m\u00fasica, etc.)<\/td>\n<td>No especificado en los datos facilitados<\/td>\n<\/tr>\n<tr>\n<td>CrakRevenue<\/td>\n<td>Citas y contenido para adultos<\/td>\n<td>CPA (coste por adquisici\u00f3n), porcentajes variables<\/td>\n<\/tr>\n<\/tbody>\n<tfoot>\n<tr>\n<td colspan=\"3\">Leyenda: Esta tabla compara las principales plataformas de afiliaci\u00f3n de adultos seg\u00fan el tipo de contenido y el modelo de comisi\u00f3n.<\/td>\n<\/tr>\n<\/tfoot>\n<\/table>\n<p>En la pr\u00e1ctica, los usuarios afiliados reciben <strong>10% de ganancias de los creadores que recomiendan<\/strong>. Este porcentaje se deduce de la comisi\u00f3n de MYM, sin reducir los ingresos de los creadores. Una caracter\u00edstica interesante: estos ingresos adicionales permanecen <strong>puede combinarse con otras actividades en las redes sociales<\/strong> como Instagram o OnlyFans. Visite <strong>herramientas de promoci\u00f3n proporcionadas<\/strong> (enlaces rastreados, elementos visuales personalizables) facilitan la promoci\u00f3n de contenidos para adultos entre su comunidad.<\/p>\n<p><img decoding=\"async\" class=\"alignnone wp-image-568 size-full\" src=\"https:\/\/topmymfans.com\/wp-content\/uploads\/2025\/03\/Ambassadeur_-_MYM_for_ambassadors_-_Reseau_social__dg6fd0nePH.png\" alt=\"\" width=\"1659\" height=\"705\" srcset=\"\" sizes=\"(max-width: 1659px) 100vw, 1659px\" data-srcset=\"\" \/><\/p>\n<h2 id=\"devenir-ambassadeur-mym-fans\">C\u00f3mo convertirse en embajador de MYM: gu\u00eda paso a paso<\/h2>\n<p>Convi\u00e9rtete en <b>embajador MYM Fans<\/b>Es m\u00e1s f\u00e1cil de lo que crees. La plataforma ha creado un <strong>proceso r\u00e1pido y accesible<\/strong> a todos.<\/p>\n<ul>\n<li><strong>Inscripci\u00f3n: Vaya al sitio especial de embajadores<\/strong> o en la p\u00e1gina principal de MYM Fans. La inscripci\u00f3n es totalmente gratuita y est\u00e1 abierta a todos los usuarios motivados.<\/li>\n<li>Crear una cuenta : <strong>No es necesario ser un dise\u00f1ador activo en la plataforma para solicitarlo.<\/strong>. Una cuenta existente o reci\u00e9n creada es todo lo que necesita para empezar.<\/li>\n<li>Condiciones legales: <strong>Debes ser de la mayor\u00eda y aceptar la GTCU.<\/strong>. Estas normas garantizan una asociaci\u00f3n clara entre la plataforma y sus empleados.<\/li>\n<li>Recuperaci\u00f3n de <strong>enlace de referencia personalizado<\/strong> Su URL se activa tras la validaci\u00f3n. <strong>Esta herramienta le permite seguir las inscripciones de los creadores contratados y calcular su remuneraci\u00f3n.<\/strong>.<\/li>\n<li>Actividades de promoci\u00f3n : <strong>Comparta este enlace con los productores de contenidos para adultos<\/strong>. Destacar las ventajas de MYM Fans para <strong>monetizar fotos o v\u00eddeos<\/strong>.<\/li>\n<\/ul>\n<p>Siguiendo este camino, podr\u00e1 <strong>Forme parte del ecosistema MYM Fans mientras desarrolla su comunidad<\/strong>. Para ayudar a sus ahijados, dir\u00edjalos a este <a href=\"https:\/\/topmymfans.com\/es\/guia-completa-para-empezar-con-mym\/\">Gu\u00eda pr\u00e1ctica para iniciarse en MYM<\/a>.<\/p>\n<p>Los principales objetivos del estatuto de embajador son <strong>modelos que desean diversificar sus fuentes de ingresos<\/strong>. La plataforma se reserva el derecho a rechazar solicitudes en caso de incumplimiento de sus valores.<\/p>\n<p>Los socios se benefician de <strong>un \u00e1rea de seguimiento en la que se detallen sus resultados e ingresos<\/strong>. Se dispone de estad\u00edsticas precisas sobre las suscripciones y la audiencia de creadores contratados. MYM tambi\u00e9n ofrece <strong>URL rastreables para identificar claramente cada nuevo registro<\/strong>.<\/p>\n<h2 id=\"strategies-recrutement-createurs\">Estrategias eficaces para contratar dise\u00f1adores<\/h2>\n<p>Para atraer a los dise\u00f1adores a MYM Fans, el <strong>Las redes sociales se perfilan como una herramienta clave para la<\/strong>. Este enfoque permite a los modelos<strong>mantener un intercambio directo con su p\u00fablico<\/strong>Esto refuerza los lazos dentro de la comunidad. <strong>MYM Fans se ha hecho cada vez m\u00e1s popular desde 2019, con 14 millones de usuarios y 400.000 creadores a finales de 2023<\/strong>. De hecho, es en estas plataformas sociales donde muchos <strong>generan una parte importante de su dinero<\/strong>.<\/p>\n<p>La creaci\u00f3n de contenidos atractivos requiere un cuidadoso equilibrio. <strong>Dar prioridad a las fotos y v\u00eddeos profesionales, diversificando al mismo tiempo los formatos para llegar a distintos segmentos de aficionados.<\/strong>. Los dise\u00f1adores experimentados lo saben: . Ten en cuenta que los influencers en Instagram o OnlyFans <strong>suelen incluir c\u00f3digos promocionales en sus descripciones<\/strong>un consejo que puede trasladarse aqu\u00ed. En cuanto a los v\u00eddeos explicativos <strong>promocionar la plataforma y demostrar su potencial de dinero f\u00e1cil<\/strong>.<\/p>\n<div class=\"flex flex-col sm:flex-row gap-4 justify-center\"><a href=\"https:\/\/topmymfans.com\/es\/go\/creators\/\" class=\"btn btn-primary\">Registrarse como dise\u00f1ador<\/a><a href=\"https:\/\/topmymfans.com\/es\/go\/ambassadors\/\" class=\"btn\" style=\"background-color: #9333ea; color: white;\" onmouseover=\"this.style.backgroundColor='#7e22ce'\" onmouseout=\"this.style.backgroundColor='#9333ea'\">Registrarse como Embajador<\/a><\/div>\n<h2 id=\"avantages-programme-affiliation\">Ventajas del programa de embajadores<\/h2>\n<h3 id=\"commissions-et-revenus\">Estructura de comisiones y potencial de ingresos<\/h3>\n<p>Dinero ganado como embajador de MYM <strong>depende en gran medida de la actuaci\u00f3n de los dise\u00f1adores contratados<\/strong>. Concretamente, <strong>los embajadores obtienen 10% de ingresos de los dise\u00f1adores que han reclutado<\/strong>. M\u00e1s curiosos : <strong>el sistema te permite incluso recibir 50% de ganancias de otros embajadores<\/strong> invitados a unirse a la plataforma.<\/p>\n<p>El programa de patrocinio se basa en <strong>un inteligente modelo multinivel<\/strong>. Por ejemplo, cada nuevo miembro de su red gana una comisi\u00f3n por sus propias actividades. Tenga en cuenta que este mecanismo de incentivos <strong>fomenta el desarrollo de una aut\u00e9ntica comunidad de personas influyentes<\/strong>todos ellos promoviendo activamente el ecosistema MYM.<\/p>\n<h3 id=\"outils-promotion\">Herramientas de promoci\u00f3n disponibles<\/h3>\n<p>MYM proporciona a sus embajadores <strong>una gama de herramientas profesionales<\/strong>. Desde kits gr\u00e1ficos hasta enlaces rastreables, todo est\u00e1 dise\u00f1ado para <strong>optimizar la promoci\u00f3n de los dise\u00f1adores en las redes sociales<\/strong>. Cabe destacar <strong>cuadros de mando anal\u00edticos<\/strong>que ofrecen un seguimiento en tiempo real del rendimiento y las suscripciones generadas.<\/p>\n<p>El back office incluye <strong>funciones destacadas para gestionar su estrategia<\/strong>. En particular, ofrece un seguimiento preciso de las interacciones en fotos y v\u00eddeos, as\u00ed como<strong>gesti\u00f3n centralizada de las cuentas de las filiales<\/strong>. Pr\u00e1ctico: esta interfaz \u00fanica facilita enormemente el an\u00e1lisis de las tendencias y el ajuste de las campa\u00f1as promocionales.<\/p>\n<p><img decoding=\"async\" class=\"alignnone wp-image-569 size-full\" src=\"https:\/\/topmymfans.com\/wp-content\/uploads\/2025\/03\/Ambassadeur_\u2022_MYM_for_ambassadors_\u2022_Reseau_social__eUS7knr6aS.png\" alt=\"\" width=\"1781\" height=\"919\" srcset=\"https:\/\/topmymfans.com\/wp-content\/uploads\/2025\/03\/Ambassadeur_\u2022_MYM_for_ambassadors_\u2022_Reseau_social__eUS7knr6aS.png 1781w, https:\/\/topmymfans.com\/wp-content\/uploads\/2025\/03\/Ambassadeur_\u2022_MYM_for_ambassadors_\u2022_Reseau_social__eUS7knr6aS-300x155.png 300w, https:\/\/topmymfans.com\/wp-content\/uploads\/2025\/03\/Ambassadeur_\u2022_MYM_for_ambassadors_\u2022_Reseau_social__eUS7knr6aS-1024x528.png 1024w, https:\/\/topmymfans.com\/wp-content\/uploads\/2025\/03\/Ambassadeur_\u2022_MYM_for_ambassadors_\u2022_Reseau_social__eUS7knr6aS-768x396.png 768w, https:\/\/topmymfans.com\/wp-content\/uploads\/2025\/03\/Ambassadeur_\u2022_MYM_for_ambassadors_\u2022_Reseau_social__eUS7knr6aS-1536x793.png 1536w, https:\/\/topmymfans.com\/wp-content\/uploads\/2025\/03\/Ambassadeur_\u2022_MYM_for_ambassadors_\u2022_Reseau_social__eUS7knr6aS-18x9.png 18w\" sizes=\"(max-width: 1781px) 100vw, 1781px\" \/><\/p>\n<h2 id=\"maximiser-ses-gains\">Estrategias para aumentar tus ganancias en MYM<\/h2>\n<p>Los creadores de Retaining MYM conf\u00edan ante todo en su gama de <strong>contenido exclusivo<\/strong> y un <strong>intercambio regular con su p\u00fablico<\/strong>. Las tarifas de suscripci\u00f3n y la frecuencia de publicaci\u00f3n desempe\u00f1an un papel clave en la <strong>retenci\u00f3n de abonados<\/strong>.<\/p>\n<p>Diversifique sus fuentes de dinero <strong>promoci\u00f3n de productos complementarios<\/strong> - Este enfoque reduce la dependencia de un \u00fanico socio. Varios programas de socios ofrecen comisiones atractivas seg\u00fan distintos modelos: CPC, CPA o CPL. Tenga en cuenta que <strong>el compromiso de su comunidad<\/strong> sigue siendo la principal palanca para generar dinero en MYM Fans. Un p\u00fablico activo crea <strong>c\u00edrculo virtuoso de interacciones<\/strong> Cuanto m\u00e1s frecuentes sean las interacciones, m\u00e1s oportunidades de beneficio habr\u00e1. Para profundizar en el tema, este art\u00edculo ofrece algunos consejos pr\u00e1cticos: <a href=\"https:\/\/topmymfans.com\/es\/aumenta-tu-compromiso-en-mym\/\">Aumenta tu compromiso en MYM<\/a>. Adem\u00e1s, comparte esta gu\u00eda con tus ahijados para optimizar los resultados mutuos: <a href=\"https:\/\/topmymfans.com\/es\/maximice-su-potencial-de-ingresos-en-mym-fans\/\">Maximice su potencial de ingresos en MYM Fans<\/a>.<\/p>\n<p>Convi\u00e9rtete en <strong>embajador MYM Fans<\/strong> ofrece una oportunidad \u00fanica para <strong>generar ingresos<\/strong> mostrando el talento de nuestros dise\u00f1adores. Empieza hoy mismo: <strong>desarrolle su red<\/strong> y benef\u00edciese de las ventajas de un <strong>innovador programa de afiliaci\u00f3n<\/strong>. En MYM, su \u00e9xito empieza ahora.<\/p>\n<h2>PREGUNTAS FRECUENTES<\/h2>\n<h3>\u00bfC\u00f3mo gestiona Mym Fans el cumplimiento de la legislaci\u00f3n y la protecci\u00f3n de datos de creadores y embajadores?<\/h3>\n<p>MYM Fans se compromete a proporcionar <strong>cumplimiento de la legislaci\u00f3n<\/strong> y el <strong>protecci\u00f3n de datos<\/strong> de sus usuarios, en particular siguiendo las directrices de la <strong>RGPD<\/strong>. La plataforma utiliza <strong>sistemas avanzados de cifrado<\/strong> para proteger informaci\u00f3n sensible, como datos de pago y contenidos privados.<\/p>\n<p>Para <strong>proteger los contenidos de los creadores<\/strong>MYM Fans desactiva el bot\u00f3n derecho del rat\u00f3n e impide copiar y pegar, lo que hace m\u00e1s dif\u00edcil compartir contenidos sin autorizaci\u00f3n. Un equipo especializado trabaja continuamente para <strong>mejorar la protecci\u00f3n contra el robo de contenidos<\/strong>El objetivo es crear v\u00ednculos aut\u00e9nticos entre aficionados y creadores.<\/p>\n<h3>\u00bfC\u00f3mo ayuda el soporte t\u00e9cnico de Mym Fans a los embajadores a resolver problemas y optimizar su rendimiento?<\/h3>\n<p>El soporte t\u00e9cnico de MYM Fans ofrece asistencia completa a los embajadores para <strong>resolver problemas<\/strong> y <strong>optimizar su rendimiento<\/strong>. A <strong>centro de ayuda MYM Support<\/strong> que contiene art\u00edculos y categor\u00edas dedicados a los embajadores, responde a las preguntas m\u00e1s frecuentes y ofrece informaci\u00f3n sobre el programa de embajadores de la UE. <strong>programa de afiliados<\/strong>.<\/p>\n<p>El equipo MYM Fans tambi\u00e9n ofrece un <strong>apoyo personalizado<\/strong> a los embajadores, incluido el asesoramiento sobre <strong>marketing<\/strong> y en <strong>promoci\u00f3n en l\u00ednea<\/strong>. En caso de problemas t\u00e9cnicos o preguntas espec\u00edficas, los embajadores pueden ponerse en contacto con el servicio de asistencia de MYM para que les ayuden, por ejemplo, con lo siguiente <strong>fusionar una cuenta de creador y una cuenta de embajador<\/strong>.<\/p>","protected":false},"excerpt":{"rendered":"<p>\u00bfLe gustar\u00eda monetizar su red y generar ingresos a partir de sus contactos? \u00bfSab\u00eda que la afiliaci\u00f3n MYM Fans ofrece oportunidades en un mercado en pleno crecimiento? Este art\u00edculo te explica c\u00f3mo convertirte en un embajador MYM competitivo, qu\u00e9 m\u00e9todos utilizar para atraer a los creadores de contenidos y c\u00f3mo aumentar tus ingresos a trav\u00e9s de la afiliaci\u00f3n MYM. <a href=\"https:\/\/topmymfans.com\/es\/affiliation-mym-fans\/\">Contin\u00faa en<\/a><\/p>","protected":false},"author":1,"featured_media":0,"parent":0,"menu_order":0,"comment_status":"closed","ping_status":"closed","template":"","meta":{"footnotes":""},"class_list":["post-23","page","type-page","status-publish","hentry"],"_links":{"self":[{"href":"https:\/\/topmymfans.com\/es\/wp-json\/wp\/v2\/pages\/23","targetHints":{"allow":["GET"]}}],"collection":[{"href":"https:\/\/topmymfans.com\/es\/wp-json\/wp\/v2\/pages"}],"about":[{"href":"https:\/\/topmymfans.com\/es\/wp-json\/wp\/v2\/types\/page"}],"author":[{"embeddable":true,"href":"https:\/\/topmymfans.com\/es\/wp-json\/wp\/v2\/users\/1"}],"replies":[{"embeddable":true,"href":"https:\/\/topmymfans.com\/es\/wp-json\/wp\/v2\/comments?post=23"}],"version-history":[{"count":59,"href":"https:\/\/topmymfans.com\/es\/wp-json\/wp\/v2\/pages\/23\/revisions"}],"predecessor-version":[{"id":588,"href":"https:\/\/topmymfans.com\/es\/wp-json\/wp\/v2\/pages\/23\/revisions\/588"}],"wp:attachment":[{"href":"https:\/\/topmymfans.com\/es\/wp-json\/wp\/v2\/media?parent=23"}],"curies":[{"name":"wp","href":"https:\/\/api.w.org\/{rel}","templated":true}]}}