{"id":12,"date":"2020-10-15T23:00:14","date_gmt":"2020-10-15T21:00:14","guid":{"rendered":"https:\/\/topmymfans.com\/?page_id=12"},"modified":"2024-02-12T10:54:20","modified_gmt":"2024-02-12T09:54:20","slug":"presentacion-de-los-fans-de-la-red-social-francesa-destinada-a-modelos","status":"publish","type":"page","link":"https:\/\/topmymfans.com\/es\/","title":{"rendered":"MYM Fans - Red social para modelos francesas"},"content":{"rendered":"<p>En una \u00e9poca en la que la tecnolog\u00eda digital es una parte importante de la vida cotidiana de las personas, en Internet est\u00e1n surgiendo diversas redes sociales y plataformas dise\u00f1adas para entretener al p\u00fablico en general. Mientras que algunos disfrutan con los juegos en l\u00ednea, a otros les gusta seguir el d\u00eda a d\u00eda de sus estrellas favoritas. Las redes sociales como Instagram y Facebook permiten a los famosos compartir diversos contenidos (v\u00eddeos, im\u00e1genes, etc.) con sus seguidores. Estos canales digitales no s\u00f3lo les permiten crear una comunidad comprometida e intercambiar con sus fans, sino tambi\u00e9n ganar dinero. En esta oleada de diversas redes sociales, una plataforma destaca sobre las dem\u00e1s por su enfoque \u00fanico y sus caracter\u00edsticas especiales. Es <strong>Me You More<\/strong> (antes Meet Your Model). Pero, \u00bfc\u00f3mo funciona exactamente esta red social? \u00bfY cu\u00e1les son sus particularidades? Conc\u00e9ntrese en MYM fans.<\/p>\t\t\n\t\t\t<a href=\"http:\/\/shortlinks.one\/r\/Ff5XYJ\" target=\"_blank\" rel=\"nofollow noopener\">\n\t\t\t\t\t\tReg\u00edstrese en MYM Fans como creador\n\t\t\t\t\t<\/a>\n\t\t\t<a href=\"http:\/\/shortlinks.one\/r\/fTRYsL\" target=\"_blank\" rel=\"nofollow noopener\">\n\t\t\t\t\t\tRegistrarse en MYM Fans como Embajador\n\t\t\t\t\t<\/a>\n\t\t<iframe title=\"ABANICOS MYM\" src=\"https:\/\/player.vimeo.com\/video\/475799861?dnt=1&amp;app_id=122963\" width=\"500\" height=\"281\" frameborder=\"0\" allow=\"autoplay; fullscreen; picture-in-picture; clipboard-write\"><\/iframe>\t\t\n\t\t<table>\n<tbody>\n<tr>\n<td>\ud83c\udf51 Creadores de registro<\/td>\n<td><a href=\"https:\/\/topmymfans.com\/es\/go\/creators\/\">creators.mym.fans<\/a><\/td>\n<\/tr>\n<tr>\n<td>\ud83d\udc51 Registro de embajadores<\/td>\n<td><a href=\"https:\/\/topmymfans.com\/es\/go\/ambassadors\/\">ambassadors.mym.fans<\/a><\/td>\n<\/tr>\n<tr>\n<td>\ud83d\udcb0 Remuneraci\u00f3n<\/td>\n<td>Entre 1.000 y 10.000 euros al mes<\/td>\n<\/tr>\n<tr>\n<td>\u231a Pago<\/td>\n<td>24\/48h<\/td>\n<\/tr>\n<\/tbody>\n<\/table>\t\t\n\t\t\t<h2>\u00bfQu\u00e9 es el Me You More y c\u00f3mo funciona? <\/h2>\t\t\n\t\t\t\t\t\t\t\t\t\t\t\t\t\t\t<img decoding=\"async\" width=\"300\" height=\"86\" src=\"https:\/\/topmymfans.com\/wp-content\/uploads\/2021\/10\/MYM_Logo_Basic_Blue_1000x287_without_margin-300x86.png\" alt=\"ABANICOS MYM\" loading=\"lazy\" srcset=\"https:\/\/topmymfans.com\/wp-content\/uploads\/2021\/10\/MYM_Logo_Basic_Blue_1000x287_without_margin-300x86.png 300w, https:\/\/topmymfans.com\/wp-content\/uploads\/2021\/10\/MYM_Logo_Basic_Blue_1000x287_without_margin-768x220.png 768w, https:\/\/topmymfans.com\/wp-content\/uploads\/2021\/10\/MYM_Logo_Basic_Blue_1000x287_without_margin-18x5.png 18w, https:\/\/topmymfans.com\/wp-content\/uploads\/2021\/10\/MYM_Logo_Basic_Blue_1000x287_without_margin.png 1000w\" sizes=\"auto, (max-width: 300px) 100vw, 300px\" \/>\t\t\t\t\t\t\t\t\t\t\t\t\t\t\t\n\t\t<p>MYM fans es una nueva red social que ha surgido en 2019. La plataforma se diferencia de las que ya pululan por la Red en que se dirige espec\u00edficamente a creadores como influencers, artistas, famosos, etc., as\u00ed como a sus fans. Lejos de ser una simple red para intercambiar y compartir contenidos, Me You More (antes Meet Your Model) ofrece la ventaja a los creadores de recibir una remuneraci\u00f3n en funci\u00f3n de los medios que publiquen. Los fans, por su parte, tienen la posibilidad de acceder a contenidos in\u00e9ditos que sus \u00eddolos no comparten en otras redes sociales.<\/p>\n<p><!-- \/wp:post-content --><!-- wp:paragraph --><\/p>\n<p>Al suscribirse a la cuenta de una personalidad de MYM, el aficionado puede enviar a \u00e9sta solicitudes de medios privados con contenido personalizado. El modelo es entonces libre de fijar el precio del contenido que enviar\u00e1 o de rechazar la petici\u00f3n de su abonado. Pero tambi\u00e9n puede ofrecer medios de comunicaci\u00f3n push, a trav\u00e9s de los cuales recibe una comisi\u00f3n por cada desbloqueo realizado por sus seguidores.<\/p>\n<p><!-- \/wp:paragraph --><!-- wp:paragraph --><\/p>\n<p>Tenga en cuenta que sin una suscripci\u00f3n, el aficionado no puede acceder al contenido completo del feed de sus \u00eddolos. La mayor\u00eda de ellas pueden ser borrosas y, por lo tanto, s\u00f3lo son accesibles despu\u00e9s de que el aficionado haya contratado un abono. El coste de estos \u00faltimos es muy variable, ya que cada modelo es libre de fijar sus propios precios. Los aficionados tambi\u00e9n pueden elegir entre una suscripci\u00f3n mensual o anual. Por otro lado, es posible que un aficionado se suscriba a varios modelos diferentes.<\/p>\n<p><!-- \/wp:paragraph --><!-- wp:paragraph --><\/p>\n<p>La plataforma tiene \u00e9xito en Francia. Desde su lanzamiento en noviembre de 2019 hasta principios de abril de 2020, ha registrado m\u00e1s de 15.000 perfiles de modelos y personalidades en Francia.<\/p>\t\t\n\t\t\t<h2>Una forma de ganar dinero para los creadores<\/h2>\t\t\n\t\t<p>En concreto, MYM fans permite a las modelos ganar dinero. Como ya se ha dicho, los fans tienen que pagar una cuota de suscripci\u00f3n si quieren acceder a las fotos o v\u00eddeos publicados por sus modelos. Y los propios modelos fijan las tarifas. Cuantos m\u00e1s fans tenga un famoso, m\u00e1s dinero podr\u00e1 ganar.<\/p>\n<p><!-- \/wp:paragraph --><!-- wp:paragraph --><\/p>\n<p>La red social tiene un car\u00e1cter privado que permite que los modelos sean visibles s\u00f3lo para sus suscriptores. Sin embargo, la plataforma est\u00e1 abierta a todos.<\/p>\n<p><!-- \/wp:paragraph --><!-- wp:paragraph --><\/p>\n<p>Me You More (antes Meet Your Model) es una red social perfecta para quienes les gusta exponerse y para quienes les gusta compartir su vida cotidiana en fotos y v\u00eddeos. En esta plataforma, los fans tendr\u00e1n el placer y la alegr\u00eda de obtener, por una cuota de suscripci\u00f3n, informaci\u00f3n exclusiva que no pueden encontrar en otras redes sociales.<\/p>\n<p><!-- \/wp:paragraph --><!-- wp:paragraph --><\/p>\n<p>Tenga en cuenta que una suscripci\u00f3n s\u00f3lo es v\u00e1lida para un modelo. Si quieres seguir a varias personas al mismo tiempo, tendr\u00e1s que suscribirte a diferentes abonos, cuyos precios habr\u00e1n sido fijados por tus \u00eddolos. Sin embargo, usted es libre de cancelar sus suscripciones en cualquier momento, sin incurrir en penalizaciones o costes adicionales.<\/p>\n<p><!-- \/wp:paragraph --><!-- wp:paragraph --><\/p>\n<p>Para ayudar a las modelos a promocionar sus perfiles en MYM fans, utiliza algoritmos de optimizaci\u00f3n de ingresos y ventas. Esto permite a los famosos ampliar su perfil en la plataforma y atraer a\u00fan m\u00e1s suscriptores. Es importante tener en cuenta que en MYM Fans, cuanto m\u00e1s grande y comprometida sea su comunidad, m\u00e1s ingresos podr\u00e1 obtener.<\/p>\n<p><!-- \/wp:paragraph --><!-- wp:paragraph --><\/p>\n<p>Por lo tanto, es importante que un creador gestione bien su cuenta de MYM fans. Adem\u00e1s del n\u00famero de abonados, ofrecerles \"extras\" es tambi\u00e9n una buena manera de optimizar una remuneraci\u00f3n. Tenga en cuenta que, por t\u00e9rmino medio, una modelo francesa con varias decenas de seguidores puede ganar al menos 500 euros al mes.<\/p>\t\t\n\t\t\t<a href=\"http:\/\/shortlinks.one\/r\/Ff5XYJ\" target=\"_blank\" rel=\"nofollow noopener\">\n\t\t\t\t\t\tReg\u00edstrese en MYM Fans como modelo\n\t\t\t\t\t<\/a>\n\t\t\t<a href=\"http:\/\/shortlinks.one\/r\/fTRYsL\" target=\"_blank\" rel=\"nofollow noopener\">\n\t\t\t\t\t\tRegistrarse en MYM Fans como Embajador\n\t\t\t\t\t<\/a>\n\t\t\t<h2>\u00bfC\u00f3mo convertirse en dise\u00f1ador en MYM fans?<\/h2>\t\t\n\t\t\t\t\t\t\t\t\t\t\t\t\t\t\t<img decoding=\"async\" width=\"582\" height=\"278\" src=\"https:\/\/topmymfans.com\/wp-content\/uploads\/2021\/06\/mym-fans-inscription-revenus.png\" alt=\"\" loading=\"lazy\" srcset=\"https:\/\/topmymfans.com\/wp-content\/uploads\/2021\/06\/mym-fans-inscription-revenus.png 582w, https:\/\/topmymfans.com\/wp-content\/uploads\/2021\/06\/mym-fans-inscription-revenus-300x143.png 300w, https:\/\/topmymfans.com\/wp-content\/uploads\/2021\/06\/mym-fans-inscription-revenus-18x9.png 18w\" sizes=\"auto, (max-width: 582px) 100vw, 582px\" \/>\t\t\t\t\t\t\t\t\t\t\t\t\t\t\t\n\t\t<p>Si eres un influencer, un artista, un modelo, etc. (hombre o mujer), es totalmente posible que crees una cuenta de creador en MYM fans. Para ello, dir\u00edjase a la plataforma MYM Creators. En cuanto a los aficionados, el registro en la red social es gratuito. Pero a diferencia de sus suscriptores, usted puede ganar dinero publicando contenidos.<\/p>\n<p>Seg\u00fan una estimaci\u00f3n bastante simplista, si acumulas casi <strong>10.000 abonados comprometidos<\/strong>Puede recibir una remuneraci\u00f3n bastante c\u00f3moda, que va desde <strong>entre 900 y 4.500 euros al mes<\/strong>. Pero para ello, debe tener ya un perfil certificado en MYM Fans.<\/p>\n<p>Para obtener una certificaci\u00f3n, puede ir a la p\u00e1gina dedicada (certificar mi cuenta). Adem\u00e1s, es imprescindible que cumpla las siguientes condiciones.<\/p>\n<p>En particular, debe :<\/p>\n<ul>\n<li>Ya tiene uno o varios abonados<\/li>\n<li>Publica al menos 5 medios en tu feed<\/li>\n<li>Rellene sus datos de contacto oficiales y actualizados (apellidos, nombre, direcci\u00f3n, etc.)<\/li>\n<li>Confirme su n\u00famero de tel\u00e9fono<\/li>\n<li>Tener una cuenta bancaria<\/li>\n<li>Adjunte una identificaci\u00f3n oficial (DNI o pasaporte) y un selfie de seguridad.<\/li>\n<\/ul>\n<p>Una vez que haya cumplido todos estos requisitos, su cuenta recibir\u00e1 autom\u00e1ticamente el icono de certificaci\u00f3n. Y tu perfil ser\u00e1 aut\u00e9ntico en la plataforma.<\/p>\t\t\n\t\t\t<h2>Tipos de contenidos que pueden estar disponibles en MYM fans\n<\/h2>\t\t\n\t\t<p>Como en cualquier red social, el modelo debe presentar una foto de perfil en su cuenta MYM. Esto identifica la cuenta y asegura su rendimiento. Tambi\u00e9n es posible a\u00f1adir una foto de portada al perfil. Esta foto te permite personalizar al m\u00e1ximo tu p\u00e1gina. Tambi\u00e9n puede garantizar una mejor conversi\u00f3n de las suscripciones.<\/p>\n<p><!-- \/wp:paragraph --><!-- wp:heading {\"level\":3} --><\/p>\n<h3>Medios de comunicaci\u00f3n de empuje<\/h3>\n<p><!-- \/wp:heading --><!-- wp:paragraph --><\/p>\n<p>Se trata de contenidos (v\u00eddeos o fotos) que las modelos env\u00edan en mensajes masivos a los miembros de MYM fans que est\u00e1n interesados en sus perfiles. Los creadores tambi\u00e9n pueden enviar medios push a sus actuales y antiguos abonados. Ellos fijan sus precios en estos medios de empuje y quienes deseen desbloquearlos tendr\u00e1n que pagar los precios publicados.<\/p>\n<p><!-- \/wp:paragraph --><!-- wp:heading {\"level\":3} --><\/p>\n<h3>Medios de comunicaci\u00f3n privados<\/h3>\n<p><!-- \/wp:heading --><!-- wp:paragraph --><\/p>\n<p>Los fans pueden pedir a las modelos que les env\u00eden contenidos privados por un precio que siempre fijan los creadores. Los creadores son libres de aceptar o rechazar las peticiones de sus abonados.<\/p>\n<p><!-- \/wp:paragraph --><!-- wp:heading {\"level\":3} --><\/p>\n<h3>Los medios de comunicaci\u00f3n en la alimentaci\u00f3n<\/h3>\n<p><!-- \/wp:heading --><!-- wp:paragraph --><\/p>\n<p>Cada modelo dispone de un feed en el que puede publicar contenidos p\u00fablicos y borrosos. Como su nombre indica, los medios p\u00fablicos son visibles para todos los usuarios, sean o no miembros de MYM fans y est\u00e9n o no suscritos al perfil.<\/p>\n<p><!-- \/wp:paragraph --><!-- wp:paragraph --><\/p>\n<p>Es una buena manera de que un modelo d\u00e9 al p\u00fablico una muestra de lo que realmente ofrece en su perfil. Adem\u00e1s, es una soluci\u00f3n que optimiza las conversiones de las suscripciones. Los contenidos borrosos, en cambio, s\u00f3lo ser\u00e1n visibles para los miembros suscritos al perfil del creador.<\/p>\n<p><!-- \/wp:paragraph --><!-- wp:paragraph --><\/p>\n<p>Tenga en cuenta que para evitar la exposici\u00f3n indecente, la plataforma se reserva el derecho de comprobar el contenido de cada medio antes de ponerlo a disposici\u00f3n de los miembros de MYM fans. As\u00ed, las fotos de desnudos y topless est\u00e1n estrictamente prohibidas en la red social.<\/p>\t\t\n\t\t\t<h2>Una red en la que puedes seguir a tus \u00eddolos en exclusiva<\/h2>\t\t\n\t\t<p>Al igual que en otras redes sociales, puedes seguir a tus personalidades favoritas en MYM fans suscribi\u00e9ndote a sus perfiles. Para ello, basta con buscarlos haciendo clic en el icono dedicado (en forma de lupa). A continuaci\u00f3n, haga clic en el bot\u00f3n \"Suscribirse\" visible en la p\u00e1gina del perfil. Sin embargo, todos los medios de comunicaci\u00f3n y la informaci\u00f3n en el feed de la cuenta son borrosos hasta que se paga una suscripci\u00f3n.<\/p>\n<p>Tambi\u00e9n debe saber que todos los medios publicados en MYM fans est\u00e1n sujetos a derechos de propiedad intelectual. Por este motivo, est\u00e1 estrictamente prohibido volver a publicarlos en otras plataformas o utilizarlos fuera del canal privado de la red social. Si un aficionado infringe esta norma, ser\u00e1 excluido inmediatamente de la plataforma y tambi\u00e9n ser\u00e1 objeto de un procedimiento judicial.<\/p>\n<p>Cabe se\u00f1alar que MYM Fans no se compromete a respetar la privacidad de sus miembros. Por este motivo, la plataforma aplica escrupulosamente las sanciones relacionadas con la violaci\u00f3n de la intimidad de acuerdo con los art\u00edculos 226-1 y 226-22 del C\u00f3digo Penal. La red social tambi\u00e9n invita a sus miembros a denunciar cualquier uso il\u00edcito de los medios de MYM fans fuera de la plataforma.<\/p>\n<p>En MYM Fans, tienes la oportunidad de chatear con un famoso y solicitar medios de comunicaci\u00f3n privados. Es importante saber que la modelo tiene 72 horas para enviarle sus soportes personalizados. Siempre puedes hacer un seguimiento del modelo envi\u00e1ndole un coraz\u00f3n en el cuadro de chat si tarda en responder a tu solicitud.<\/p>\n<p>Si despu\u00e9s de haber efectuado el pago de los medios de comunicaci\u00f3n privados, \u00e9stos no le llegan despu\u00e9s de las 72 horas anunciadas, puede informar al servicio de atenci\u00f3n al cliente y solicitar el reembolso.<\/p>\n<p>Por otro lado, si has enviado una solicitud de contenido privado a una modelo y el medio recibido no se corresponde con tu solicitud, puedes enviar una nueva solicitud a la modelo explicando que el contenido enviado no se corresponde con tu solicitud. Tenga en cuenta que este segundo soporte que le ser\u00e1 devuelto debe ser normalmente gratuito. Pero para que su petici\u00f3n sea leg\u00edtima, debe estar justificada. Este es el caso, por ejemplo, si ha solicitado un v\u00eddeo, pero en su lugar recibe una foto. Su solicitud tambi\u00e9n puede ser revisada si el modelo le env\u00eda una foto en la que ni siquiera aparece o si le env\u00eda los medios de comunicaci\u00f3n de otra persona.<\/p>\n<p>Y si, a pesar de sus recordatorios, el contenido recibido sigue sin corresponder a su solicitud, puede ponerse en contacto con el servicio de atenci\u00f3n al cliente.<\/p>\t\t\n\t\t\t<h2>Insignias de los dise\u00f1adores<\/h2>\t\t\n\t\t<p>En MYM fans, los perfiles de los modelos pueden venir con dos distintivos diferentes. Como se ha mencionado anteriormente, el distintivo de certificaci\u00f3n significa que la cuenta es aut\u00e9ntica. Pero tambi\u00e9n es posible que este distintivo vaya acompa\u00f1ado de una peque\u00f1a estrella. Esta es la insignia SuperStar. Si encuentras esto en el perfil de un creador, significa que la cuenta es aut\u00e9ntica y est\u00e1 activa.<\/p>\n<p>Normalmente, los creadores con estatus de Superestrella publican contenidos en sus cuentas semanalmente. Estos perfiles tambi\u00e9n responden a las solicitudes de medios privados de sus fans en un plazo de 48 horas.<\/p>\n<h3>\u00bfC\u00f3mo puedo conseguir el estatus de Superestrella?<\/h3>\n<p>Si eres un creador (modelo, personalidad, artista, etc.) y quieres <a href=\"https:\/\/support.mym.fans\/hc\/fr\/articles\/360013757780-J-aimerais-devenir-SuperStar-\" target=\"_blank\" rel=\"noopener\">adquirir el estatus de Superestrella<\/a>Debe cumplir ciertas condiciones. En primer lugar, su cuenta debe estar certificada. En segundo lugar, debes ser muy activo en la plataforma y conectarte a ella regularmente. En tercer lugar, debe conseguir al menos 50 suscriptores activos durante un mes. En cuarto lugar, tienes que publicar al menos 2 fotos por semana en tu feed. Y por \u00faltimo, debes ser capaz de responder a los medios privados de tus fans en un plazo de 48 horas.<\/p>\n<p>Tenga en cuenta que el estatus SuperStar s\u00f3lo es v\u00e1lido durante 1 mes. Se puede conceder o retirar en funci\u00f3n de la actividad de su cuenta en la plataforma. Esta atribuci\u00f3n o retirada se realiza generalmente cada d\u00eda 1 de cada mes y la decisi\u00f3n se toma tras el an\u00e1lisis de sus estad\u00edsticas del mes anterior.<\/p>\n<h3>\u00bfPor qu\u00e9 obtener el estatus de Superestrella?<\/h3>\n<p>Este estado no es s\u00f3lo un icono que permite a los aficionados estar seguros de la seriedad de un perfil. Tambi\u00e9n es beneficioso para los creadores por las diversas ventajas que ofrece. Con un estatus de Superestrella, se resalta el estatus especial del creador. Esto permite al creador obtener m\u00e1s conversiones de suscripci\u00f3n. Los perfiles con este icono de la estrellita tambi\u00e9n tienen la posibilidad de aparecer m\u00e1s f\u00e1cilmente en los motores de b\u00fasqueda de la plataforma. Esto se debe a la presencia de un filtro SuperStar dedicado.<\/p>\n<p>Si eres un creador y tienes el estatus de Superestrella, tu apodo estar\u00e1 asociado a esa insignia en cualquier lugar de la plataforma. Y a diferencia de un estatus cl\u00e1sico, sus comisiones en los medios push y privados, as\u00ed como en su n\u00famero de suscripciones, son 1 % m\u00e1s altas. Adem\u00e1s, podr\u00e1s recibir tus ganancias directamente a trav\u00e9s de PayPal.<\/p>\t\t\n\t\t\t<a href=\"http:\/\/shortlinks.one\/r\/Ff5XYJ\" target=\"_blank\" rel=\"nofollow noopener\">\n\t\t\t\t\t\tReg\u00edstrese en MYM Fans como modelo\n\t\t\t\t\t<\/a>\n\t\t\t<a href=\"http:\/\/shortlinks.one\/r\/fTRYsL\" target=\"_blank\" rel=\"nofollow noopener\">\n\t\t\t\t\t\tRegistrarse en MYM Fans como Embajador\n\t\t\t\t\t<\/a>\n\t\t\t<h2>Actualizaci\u00f3n de las comisiones bancarias<\/h2>\t\t\n\t\t<p>MYM Fans quiere ser lo m\u00e1s transparente posible en la comunicaci\u00f3n de las comisiones asignadas a cada creador en la plataforma. Se calculan en funci\u00f3n de las tarifas de las comisiones, los gastos bancarios y el IVA.<\/p>\n<p>Para los pagos en l\u00ednea, la plataforma trabaja con Checkout y Epoch, ambos proveedores de terminales de pago fiables y eficaces. Adem\u00e1s, permiten a los creadores disfrutar de mayores comisiones. Tenga en cuenta que por cada transacci\u00f3n realizada se cobra una comisi\u00f3n bancaria de 7 % (impuestos incluidos).<\/p>\n<p>La plataforma aplica un porcentaje de pago (tras deducir los gastos bancarios) al valor antes de impuestos de la orden. Por lo tanto, los creadores pueden cobrar 80 % de la cantidad debida por los medios de comunicaci\u00f3n privados, 75 % por las suscripciones y 90 % por las propinas.<\/p>\n<p>Tenga en cuenta que el IVA se aplica a todos los soportes que los aficionados compran en la plataforma.<\/p>\t\t\n\t\t\t<h2>\u00bfC\u00f3mo se realizan los pagos?<\/h2>\t\t\n\t\t<p>Los creadores que deseen ganar dinero publicando contenidos en MYM fans no tienen nada que temer en cuanto a la remuneraci\u00f3n. Por otro lado, es importante cumplir algunos requisitos previos como tener una cuenta certificada, informar de los detalles del m\u00e9todo de pago y tener al menos 50 euros de ganancias \"validadas\".<\/p>\n<p>Para cobrar su pago, s\u00f3lo tiene que seleccionar el periodo de pago que desee. El pago puede hacerse una o dos veces al mes o una o dos veces a la semana. Puede modificar estos plazos de pago en la secci\u00f3n \"Datos de pago\".<\/p>\n<h3>Estado de los pagos<\/h3>\n<p>El gatito de un creador se acredita con cada compra validada por un fan en el perfil. Tenga en cuenta que el saldo del creador tiene dos tipos de ganancias. Hay ganancias validadas que se pueden retirar, ya que han pasado el periodo de validaci\u00f3n, y hay las llamadas \"pendientes\". Este \u00faltimo no puede ser retirado durante un periodo definido. Suelen ser ganancias recientes.<\/p>\n<p>En el caso de los abonos mensuales, normalmente se tarda 15 d\u00edas en validar las ganancias. Para las suscripciones anuales, el periodo de validaci\u00f3n de los ingresos es de 60 d\u00edas.<\/p>\n<p>En el caso de las ganancias de los medios de comunicaci\u00f3n, este periodo de validaci\u00f3n es de 7 d\u00edas, y lo mismo se aplica a las ganancias de las propinas. Sin embargo, el abono en la cuenta del creador se realiza inmediatamente despu\u00e9s de la entrega de los medios privados.<\/p>\t\t\n\t\t\t<h2>\u00bfQu\u00e9 pasa con la seguridad en MYM fans?\n<\/h2>\t\t\n\t\t<p>Si est\u00e1s interesado en convertirte en un creador de contenidos en MYM fans, te gustar\u00e1 saber que la plataforma sigue un estricto protocolo de seguridad para proteger todo tu material. Esto significa que tus fans no podr\u00e1n guardar o compartir tus contenidos en otros medios bajo pena de ser castigados. MYM Fans tambi\u00e9n garantiza la total confidencialidad de los datos personales de los creadores. No se utilizar\u00e1 ni se divulgar\u00e1 a terceros ni a los aficionados.<\/p>\n<p>Para que los usuarios de la red social respeten las condiciones generales de uso, se desactiva el clic derecho desde los ordenadores en cuanto los usuarios entran en la plataforma. Lo mismo ocurre con la opci\u00f3n de \"arrastrar y soltar\" para guardar contenidos.<\/p>\n<p>MYM Fans tambi\u00e9n ha desactivado la opci\u00f3n de grabaci\u00f3n de v\u00eddeo en sus reproductores de streaming. Los medios privados enviados por los creadores a sus fans tienen rastreadores. MYM fans utiliza otras tecnolog\u00edas de seguridad para proteger al m\u00e1ximo los medios de comunicaci\u00f3n de sus usuarios. Pero aunque estas tecnolog\u00edas ofrezcan un cierto rendimiento, la plataforma a\u00fan no es capaz de ofrecer un riesgo cero a sus usuarios. Por ello, tambi\u00e9n informa a los aficionados de las distintas sanciones a las que pueden estar sujetos en caso de transgresi\u00f3n de las normas de uso de la plataforma.<\/p>\n<p>Aquellos que no respeten las condiciones de uso de la plataforma pueden, por ejemplo, ser objeto de un requerimiento emitido por un agente judicial. MYM fans tambi\u00e9n puede emprender acciones legales contra ellos.<\/p>\n<p>Hay que tener en cuenta que el hecho de utilizar o apropiarse il\u00edcitamente de contenidos obtenidos de la red social se considera una infracci\u00f3n a la consideraci\u00f3n del creador propietario del medio. Estos actos se castigan con una multa de 45.000 euros y un a\u00f1o de prisi\u00f3n.<\/p>\t\t\n\t\t\t<h2>El programa de embajadores<\/h2>\t\t\n\t\t\t\t\t\t\t\t\t\t\t\t\t\t\t<img decoding=\"async\" width=\"1024\" height=\"317\" src=\"https:\/\/topmymfans.com\/wp-content\/uploads\/2021\/06\/Revenue-1024x317.png\" alt=\"Ingresos MYM\" loading=\"lazy\" srcset=\"https:\/\/topmymfans.com\/wp-content\/uploads\/2021\/06\/Revenue-1024x317.png 1024w, https:\/\/topmymfans.com\/wp-content\/uploads\/2021\/06\/Revenue-300x93.png 300w, https:\/\/topmymfans.com\/wp-content\/uploads\/2021\/06\/Revenue-768x238.png 768w, https:\/\/topmymfans.com\/wp-content\/uploads\/2021\/06\/Revenue-1536x476.png 1536w, https:\/\/topmymfans.com\/wp-content\/uploads\/2021\/06\/Revenue-18x6.png 18w, https:\/\/topmymfans.com\/wp-content\/uploads\/2021\/06\/Revenue.png 1639w\" sizes=\"auto, (max-width: 1024px) 100vw, 1024px\" \/>\t\t\t\t\t\t\t\t\t\t\t\t\t\t\t\n\t\t<p>Me You More (antes Meet Your Model) ofrece un programa de afiliaci\u00f3n \u00fanico que permite generar ingresos simplemente presentando la plataforma a otros creadores (celebridades, modelos, artistas, etc.). El principio es sencillo, ya que s\u00f3lo tienes que presentar la red social a otros creadores invit\u00e1ndoles a visitar tu enlace de afiliado. Tambi\u00e9n puede obtener este enlace en el sitio de los Embajadores.<\/p>\n<p>Y en cuanto los usuarios se registran en la plataforma a trav\u00e9s de tu enlace, se convierten en tus afiliados. Cuando ellos ganan dinero con sus medios y suscripciones, t\u00fa recibes un porcentaje.<\/p>\n<p>Por cada embajador que se inscriba en MYM fans a trav\u00e9s de tu enlace de afiliado, recibir\u00e1s 50 % de sus ganancias. Y por cada ingreso generado por los creadores que se registren en la red social utilizando tu enlace, obtienes 10 %, ya sea en suscripciones, medios push o medios privados.<\/p>\n<p>Ser embajador en la plataforma te da acceso a un panel de control desde el que puedes controlar tus ingresos en tiempo real. Tambi\u00e9n tendr\u00e1 a su disposici\u00f3n interesantes herramientas (generador de mensajes teaser, kit de medios MYM, etc.). Y un back-office le permitir\u00e1 gestionar mejor a sus afiliados.<\/p>","protected":false},"excerpt":{"rendered":"<p>En una \u00e9poca en la que la tecnolog\u00eda digital desempe\u00f1a un papel importante en la vida cotidiana de las personas, Internet es testigo de la aparici\u00f3n de diversas redes sociales y plataformas dise\u00f1adas para entretener al gran p\u00fablico. Mientras que a algunos les apasionan los juegos en l\u00ednea, otros disfrutan siguiendo el d\u00eda a d\u00eda de sus estrellas favoritas. Redes sociales como Instagram y ... <a href=\"https:\/\/topmymfans.com\/es\/\">Contin\u00faa en<\/a><\/p>","protected":false},"author":1,"featured_media":0,"parent":0,"menu_order":0,"comment_status":"open","ping_status":"closed","template":"elementor_header_footer","meta":{"footnotes":""},"class_list":["post-12","page","type-page","status-publish","hentry"],"_links":{"self":[{"href":"https:\/\/topmymfans.com\/es\/wp-json\/wp\/v2\/pages\/12","targetHints":{"allow":["GET"]}}],"collection":[{"href":"https:\/\/topmymfans.com\/es\/wp-json\/wp\/v2\/pages"}],"about":[{"href":"https:\/\/topmymfans.com\/es\/wp-json\/wp\/v2\/types\/page"}],"author":[{"embeddable":true,"href":"https:\/\/topmymfans.com\/es\/wp-json\/wp\/v2\/users\/1"}],"replies":[{"embeddable":true,"href":"https:\/\/topmymfans.com\/es\/wp-json\/wp\/v2\/comments?post=12"}],"version-history":[{"count":114,"href":"https:\/\/topmymfans.com\/es\/wp-json\/wp\/v2\/pages\/12\/revisions"}],"predecessor-version":[{"id":433,"href":"https:\/\/topmymfans.com\/es\/wp-json\/wp\/v2\/pages\/12\/revisions\/433"}],"wp:attachment":[{"href":"https:\/\/topmymfans.com\/es\/wp-json\/wp\/v2\/media?parent=12"}],"curies":[{"name":"wp","href":"https:\/\/api.w.org\/{rel}","templated":true}]}}