{"id":119,"date":"2020-11-17T15:33:17","date_gmt":"2020-11-17T14:33:17","guid":{"rendered":"https:\/\/topmymfans.com\/?page_id=119"},"modified":"2022-06-30T11:26:55","modified_gmt":"2022-06-30T09:26:55","slug":"convertirse-en-influencer-instagram","status":"publish","type":"page","link":"https:\/\/topmymfans.com\/es\/devenir-influenceur-instagram\/","title":{"rendered":"\u00bfC\u00f3mo convertirse en un influencer f\u00e1cilmente?"},"content":{"rendered":"<p>La generaci\u00f3n Z est\u00e1 entrando en el mercado laboral y est\u00e1 marcando una nueva tendencia en cuanto a las profesiones 2.0. Desde hace unos a\u00f1os, han surgido profesiones que combinan las redes sociales y las t\u00e9cnicas de marketing y comunicaci\u00f3n. En esta oleada de profesiones emergentes est\u00e1n los blogueros, youtubers e instagramers.&nbsp;<\/p>\n<div class=\"su-button-center\"><a href=\"http:\/\/shortlinks.one\/r\/Ff5XYJ\" class=\"su-button su-button-style-3d su-button-wide\" style=\"color:#FFFFFF;background-color:#2ecc71;border-color:#25a45b;border-radius:10px\" target=\"_blank\" rel=\"nofollow noopener\"><span style=\"color:#FFFFFF;padding:8px 26px;font-size:20px;line-height:30px;border-color:#6ddc9c;border-radius:10px;text-shadow:none\"><i class=\"sui sui-hand-o-right\" style=\"font-size:20px;color:#FFFFFF\"><\/i> Convi\u00e9rtase en un influencer de MYM Fans<\/span><\/a><\/div>\n<p>Son especialmente populares entre los j\u00f3venes que buscan fama y \u00e9xito. Lo mejor es que, en la mayor\u00eda de los casos, estos trabajos no requieren muchos conocimientos en \u00e1reas espec\u00edficas. Por otro lado, si consigues convertirte en una persona influyente en las redes sociales, es probable que generes importantes ingresos. Sin embargo, convertirse en un influencer no es tan f\u00e1cil de hacer de la noche a la ma\u00f1ana. \u00bfY c\u00f3mo se hace?<\/p>\n<h2>\u00bfQu\u00e9 es un influencer?<\/h2>\n\n\n<p>Ser influencer es una profesi\u00f3n que se paga, por no hablar de los muchos beneficios que conlleva. Como su nombre indica, es una profesi\u00f3n cuya finalidad es reunir a un grupo de personas en una comunidad. El influencer invierte en un sector espec\u00edfico y re\u00fane a personas que comparten las mismas aspiraciones y valores.<\/p>\n<h2>\n\n\n\n<\/h2>\n<p>Los primeros influencers que hicieron historia no ten\u00edan necesariamente en mente hacer de esta actividad su profesi\u00f3n. La mayor\u00eda hab\u00eda decidido crear una comunidad en torno a un tema concreto para compartir sus inspiraciones y entretener a los internautas. A lo largo de los a\u00f1os, la profesi\u00f3n de influencer ha tenido tanto \u00e9xito que los pioneros de esta profesi\u00f3n se han convertido r\u00e1pidamente en influyentes figuras p\u00fablicas reconocidas en todo el mundo. Las empresas, conscientes de su poder de influencia, han pensado en asociarse y colaborar con ellas. As\u00ed es como los influencers fueron elevados al rango de embajadores de marca.<\/p>\n<h2>\n\n\n\n<\/h2>\n<p>Actualmente, los grandes nombres de este sector (Norman, Tibo InShape, Squeezie, etc.) consiguen generar importantes ingresos que les permiten vivir \u00fanicamente de su profesi\u00f3n de influencer.<\/p>\n<h2>\n\n\n\n<\/h2>\n<p>A primera vista, ser un influencer parece f\u00e1cil. Sin embargo, no es una actividad que pueda convenir a cualquiera. Lo primero y m\u00e1s importante es que te apasione lo que presentas a tus seguidores. Tambi\u00e9n hay que ser un gran comunicador, tener cierto carisma, una personalidad bien definida y disfrutar compartiendo.<\/p>\n<h2>\n\n\n\n<\/h2>\n<p>Si s\u00f3lo te interesa ser influencer por el dinero o la fama, es una actividad que requiere compromiso y paciencia. Est\u00e1 claro que el marketing de influencers no es rentable a corto y medio plazo si no se sabe hacer bien.<\/p>\n<h2>\n\n\n\n<\/h2>\n<h2 class=\"wp-block-heading\">\u00bfPara qu\u00e9 sirve ser un influencer?<\/h2>\n<h2>\n\n\n\n<\/h2>\n<p>Ser un influencer es una actividad apasionante que te permite compartir tu punto de vista sobre un tema o asunto y ser escuchado por el mayor n\u00famero de personas posible. Es una forma de formar parte de algo m\u00e1s grande y de ser parte de algo m\u00e1s grande. Al ser un influencer, contribuyes a la construcci\u00f3n de un mundo mejor.<\/p>\n<h2>\n\n\n\n<\/h2>\n<p>Los influencers est\u00e1n muy solicitados por su poder de persuasi\u00f3n sobre los miembros de su comunidad. Son expertos en la movilizaci\u00f3n de masas y pueden ser f\u00e1cilmente identificados por los usuarios comunes de Internet. Por ello, tambi\u00e9n pueden ser considerados como embajadores de una marca, una causa, etc., adem\u00e1s de ser la voz del pueblo.<\/p>\n<h2>\n\n\n\n<\/h2>\n<p>Si consigues crear una comunidad comprometida, puedes vivir de ello e incluso ganar peque\u00f1as prebendas. Adem\u00e1s de la remuneraci\u00f3n, es probable que un influencer reciba bonificaciones gratuitas de las marcas y empresas que lo solicitan. Pueden ser viajes y estancias gratuitas en lugares id\u00edlicos o cajas de regalo. Esta es tambi\u00e9n una de las razones por las que muchas personas aspiran a convertirse en influencers, pero no siempre lo consiguen.<\/p>\n<h2>\n\n\n\n<\/h2>\n<h2 class=\"wp-block-heading\">Los diferentes tipos de influenciadores<\/h2>\n<h2>\n\n\n\n<\/h2>\n<p>Aunque los objetivos de los influencers y lo que hacen puede parecer lo mismo desde fuera, en realidad hay diferentes tipos de influencers.<\/p>\n<h2>\n\n\n\n<\/h2>\n<h3 class=\"wp-block-heading\">Influyentes sociales<\/h3>\n<h2>\n\n\n\n<\/h2>\n<p>Se trata de personas cuyas acciones son bastante similares a las de los l\u00edderes de opini\u00f3n convencionales. Un influencer social es una persona que opera a menor escala en las redes sociales. Es muy posible que se le considere un experto de confianza en el campo en el que opera. Cualquiera puede convertirse en un influencer social incluso sin darse cuenta.<\/p>\n<h2>\n\n\n\n<\/h2>\n<p>Este es el caso, por ejemplo, de la publicaci\u00f3n de un post en una red social (Facebook, Instagram, Twitter, <a href=\"https:\/\/topmymfans.com\/es\/como-crear\/\">MYM Fans<\/a> etc.). Al publicar una rese\u00f1a de un producto, una pel\u00edcula, etc., ya est\u00e1s actuando como influencer. Su publicaci\u00f3n se hace visible para sus amigos y suscriptores, es probable que genere comentarios, reacciones, acciones e incluso que influya en la acci\u00f3n de los internautas.<\/p>\n<div class=\"su-button-center\"><a href=\"http:\/\/shortlinks.one\/r\/Ff5XYJ\" class=\"su-button su-button-style-3d su-button-wide\" style=\"color:#FFFFFF;background-color:#2ecc71;border-color:#25a45b;border-radius:10px\" target=\"_blank\" rel=\"nofollow noopener\"><span style=\"color:#FFFFFF;padding:8px 26px;font-size:20px;line-height:30px;border-color:#6ddc9c;border-radius:10px;text-shadow:none\"><i class=\"sui sui-hand-o-right\" style=\"font-size:20px;color:#FFFFFF\"><\/i> Convi\u00e9rtase en un influencer de MYM Fans<\/span><\/a><\/div>\n<h2>\n\n\n\n<\/h2>\n<p>Una rese\u00f1a positiva puede, por ejemplo, hacer que la gente se interese m\u00e1s por la marca, y a la inversa, una publicaci\u00f3n negativa tambi\u00e9n puede romper la imagen de un producto. Todas estas acciones (calificar un producto, un establecimiento, las rese\u00f1as, etc.) son ya una forma de microinfluencia. Sin embargo, no te permiten establecerte como influencer y obtener ingresos.<\/p>\n<h2>\n\n\n\n<\/h2>\n<h3 class=\"wp-block-heading\">Influyentes clave<\/h3>\n<h2>\n\n\n\n<\/h2>\n<p>Son este tipo de personas influyentes las que suelen ser percibidas como iconos y embajadores. A diferencia de los influenciadores sociales, los influenciadores clave se diferencian por su autenticidad. Est\u00e1n mucho m\u00e1s valorados y ofrecen contenidos propios a los internautas. Figuras p\u00fablicas, blogueros, Twitch-Streamers, Youtubers e Instagramers quedan relegados a esta categor\u00eda.<\/p>\n<h2>\n\n\n\n<\/h2>\n<p>Un influenciador clave es alguien que se dirige a un p\u00fablico objetivo. Pueden ser adolescentes, jugadores, etc. Por encima de todo, les mueve una pasi\u00f3n que comparten con su comunidad. Por ejemplo, un influenciador de la moda puede compartir estilos, looks originales o consejos que atraigan a un p\u00fablico determinado. Las personas que aprecian la creatividad y la personalidad de esta influencer se identificar\u00e1n inevitablemente con ella. Esto ayuda a crear una comunidad comprometida.<\/p>\n<h2>\n\n\n\n<\/h2>\n<h3 class=\"wp-block-heading\">Influencias de los compa\u00f1eros<\/h3>\n<h2>\n\n\n\n<\/h2>\n<p>Los compa\u00f1eros influyentes se sit\u00faan entre los influenciadores sociales y los influenciadores clave. L\u00edderes de opini\u00f3n en las redes sociales, son verdaderos expertos en su campo. Adem\u00e1s, suelen tener un mayor alcance. Son influenciadores que las empresas contactan y patrocinan para dar a conocer sus marcas y productos.<\/p>\n<h2>\n\n\n\n<\/h2>\n<p>Un influencer puede ser, por ejemplo, un experto en el mundo del juego. Gracias a sus conocimientos sobre el tema, se establecen f\u00e1cilmente como una figura de confianza en el sector y es probable que sus opiniones y comentarios lleguen a un gran n\u00famero de personas del sector. Crean y comparten contenidos aut\u00e9nticos y originales que pueden generar reacciones, acciones y comentarios. Ten en cuenta que los influenciadores son conscientes del alcance de sus publicaciones. Pueden promover art\u00edculos que est\u00e9n en consonancia con su propio valor y movilizar a su comunidad para que se comprometa con ellos.<\/p>\n<h2>\n\n\n\n<\/h2>\n<h2 class=\"wp-block-heading\">\u00bfQu\u00e9 plataformas deber\u00edas elegir para convertirte en un influencer?<\/h2>\n<h2>\n\n\n\n<\/h2>\n<p>Si quieres convertirte en influencer y ganarte la vida con ello, tendr\u00e1s que empezar l\u00f3gicamente por abajo. Lo mejor es establecerse primero como influenciador de los dem\u00e1s. Cuida tu imagen, crea contenidos, genera reacciones y shares. Una vez que tus publicaciones empiezan a tener un mayor alcance y tu estatus como l\u00edder de opini\u00f3n est\u00e1 bien establecido, puedes convertirte en un influenciador clave.<\/p>\n<h2>\n\n\n\n<\/h2>\n<p>Dependiendo del compromiso que generes en tus c\u00edrculos sociales y del tama\u00f1o de tu comunidad, las empresas pueden ponerse en contacto contigo para representar sus productos, etc. Tenga en cuenta que su ascenso como influenciador clave ser\u00e1 exponencial una vez que alcance un determinado umbral.<\/p>\n<h2>\n\n\n\n<\/h2>\n<p>La mayor\u00eda de los influenciadores clave populares operan en YouTube. Se ganan la vida promocionando productos de forma muy sutil en sus v\u00eddeos. La mayor\u00eda de las veces, estas promociones est\u00e1n incrustadas en los v\u00eddeos y los influencers no dejan de anunciar a sus distintos patrocinadores mientras presentan dichos productos. Tambi\u00e9n proporcionan a sus suscriptores enlaces desde los que pueden comprar los art\u00edculos patrocinados. Esto es lo que permite a los influencers ganar comisiones despu\u00e9s. Esta t\u00e9cnica funciona igual de bien en otras plataformas como Twitch o Instagram.<\/p>\n<h2>\n\n\n\n<\/h2>\n<p>En esta \u00faltima, son principalmente im\u00e1genes e historias las que los influencers utilizan para mostrar los productos. Se exhiben llevando, por ejemplo, la ropa de las marcas con las que han firmado contratos. Los influencers de Instagram pueden recibir muestras gratuitas que exponen en sus cuentas para animar a sus seguidores a comprar tambi\u00e9n los mismos productos.<\/p>\n<h2>\n\n\n\n<\/h2>\n<p>Los bloggers y vloggers son solicitados por empresas que operan en sectores m\u00e1s t\u00e9cnicos. Por ejemplo, un bloguero especializado en la producci\u00f3n de contenidos sobre el tema de los electrodom\u00e9sticos puede recibir un aparato y ser invitado a probarlo para escribir una rese\u00f1a detallada, aut\u00e9ntica y justa.<\/p>\n<h2>\n\n\n\n<\/h2>\n<p>Por supuesto, como bloguero, no debes poner en riesgo tu imagen. En algunos casos, si est\u00e1 decepcionado con los productos que le ofrecen, puede limitarse a escribir art\u00edculos muy matizados, sin hacer demasiada publicidad ni criticar a la marca asociada. Y aqu\u00ed es donde el influencer de Instagram tiene sus ventajas. No tienes que escribir espec\u00edficamente un art\u00edculo sobre el producto que est\u00e1s probando. Todo lo que hay que hacer es crear un contenido visual lo suficientemente atractivo para destacar el producto y atraer a los usuarios. Tambi\u00e9n puedes acompa\u00f1ar tus fotos con leyendas y hashtags para ganar visibilidad.<\/p>\n<h2>\n\n\n\n<\/h2>\n<h2 class=\"wp-block-heading\">\u00bfEn qu\u00e9 \u00e1rea debe empezar?<\/h2>\n<h2>\n\n\n\n<\/h2>\n<p>Ser un influencer puede tener mucho \u00e9xito si se sabe c\u00f3mo hacerlo. Antes de iniciar esta actividad, es aconsejable definir primero el campo en el que se desea invertir. Dado el creciente \u00e9xito de algunos influencers en la actualidad, no debes ignorar que la competencia es feroz. La verdad es que casi todo el mundo quiere ser un influencer. Algunos no lo hacen por las razones correctas, mientras que otros est\u00e1n impulsados por una verdadera pasi\u00f3n.<\/p>\n<h2>\n\n\n\n<\/h2>\n<p>A la hora de elegir el \u00e1mbito en el que quieres establecerte como influencer de Instagram, elige un nicho que te guste. La autenticidad y la originalidad son lo que le diferenciar\u00e1 del resto.<\/p>\n<h2>\n\n\n\n<\/h2>\n<p>Tambi\u00e9n debes ser consciente de que ser un influencer no es un camino de rosas. Detr\u00e1s de estos \u00e9xitos que nos hacen creer los grandes del sector, hay en realidad mucho trabajo, tiempo, energ\u00eda y fuerza de voluntad. Tambi\u00e9n debe ser consciente de que tendr\u00e1 que ser muy paciente. Convertirse en influencer de la noche a la ma\u00f1ana no es una tarea f\u00e1cil. Adem\u00e1s, necesitar\u00e1s mucha suerte.<\/p>\n<h2>\n\n\n\n<\/h2>\n<h2 class=\"wp-block-heading\">Ser un influencer es marketing<\/h2>\n<h2>\n\n\n\n<\/h2>\n<p>Aunque ser un influencer no requiere una amplia formaci\u00f3n en ning\u00fan campo en particular, tendr\u00e1s que dominar algunos aspectos b\u00e1sicos. Es importante saber que el marketing y la comunicaci\u00f3n desempe\u00f1an un papel importante en esta profesi\u00f3n. Por un lado, hay que definir el objetivo sobre el que se quiere influir y, por otro, hay que conocerlo mejor (sus expectativas, sus necesidades, etc.). S\u00f3lo as\u00ed podr\u00e1 ofrecer cosas innovadoras e interesantes a sus destinatarios.<\/p>\n<h2>\n\n\n\n<\/h2>\n<p>Un buen influencer tambi\u00e9n debe estar muy al tanto de las tendencias y la actualidad. Pero lo m\u00e1s importante es estar preparado emocionalmente. Los influencers no s\u00f3lo tienen seguidores y fans. En el vasto mundo de las redes sociales, tambi\u00e9n hay \"haters\", aquellos que no necesariamente apreciar\u00e1n tu imagen y lo que transmite. Tendr\u00e1 reacciones positivas y negativas. Por lo tanto, debes saber calibrarlos bien y asegurarte de que no tengan ning\u00fan impacto en tu personalidad.<\/p>\n<h2>\n\n\n\n<\/h2>\n<p>Algunos influencers son r\u00e1pidamente se\u00f1alados por su forma de promocionar los productos. En la mayor\u00eda de los casos, su trabajo se asocia a la publicidad disfrazada. Esto suele ocurrir cuando un influencer deja de promocionar sus propios valores en favor de un art\u00edculo que es, por ejemplo, lo contrario de lo que sol\u00eda ofrecer a su comunidad. Por eso, siempre hay que saber equilibrar ambas cosas y ser fiel a uno mismo. Sus suscriptores le apreciar\u00e1n a\u00fan m\u00e1s por ello.<\/p>\n<div class=\"su-button-center\"><a href=\"http:\/\/shortlinks.one\/r\/Ff5XYJ\" class=\"su-button su-button-style-3d su-button-wide\" style=\"color:#FFFFFF;background-color:#2ecc71;border-color:#25a45b;border-radius:10px\" target=\"_blank\" rel=\"nofollow noopener\"><span style=\"color:#FFFFFF;padding:8px 26px;font-size:20px;line-height:30px;border-color:#6ddc9c;border-radius:10px;text-shadow:none\"><i class=\"sui sui-hand-o-right\" style=\"font-size:20px;color:#FFFFFF\"><\/i> Convi\u00e9rtase en un influencer de MYM Fans<\/span><\/a><\/div>\n<h2>\n\n\n\n<\/h2>\n<p>No te dejes tentar por el atractivo del dinero. Si las marcas te ofrecen grandes ofertas, pero van en contra de lo que defiendes, es mejor rechazarlas. Esto te ayudar\u00e1 a consolidarte como influencer de Instagram con el tiempo e incluso a atraer m\u00e1s seguidores.<\/p>\n<h2>\n\n\n\n<\/h2>\n<h2 class=\"wp-block-heading\">Lo que hay que hacer<\/h2>\n<h2>\n\n\n\n<\/h2>\n<p>Muchas personas est\u00e1n eligiendo actualmente Instagram para lanzar sus carreras de influencer. Casi el 85% de los influencers existentes operan desde esta plataforma para promocionar sus im\u00e1genes. Si quieres abrirte paso en este entorno tan competitivo, tienes que impulsar la participaci\u00f3n en tus publicaciones de Instagram. Para ello, primero tendr\u00e1 que determinar su experiencia. A continuaci\u00f3n, analice lo que hacen los competidores que se centran en el mismo nicho que usted. Presta especial atenci\u00f3n a la calidad de tus publicaciones y s\u00e9 activo en la red. Para reforzar tu estatus de influencer en Instagram, no dudes en establecer colaboraciones con marcas. Y por \u00faltimo, s\u00e9 siempre transparente con tus seguidores.<\/p>\n<h2>\n\n\n\n<\/h2>\n<h3 class=\"wp-block-heading\">\u00bfCu\u00e1l es su experiencia?<\/h3>\n<h2>\n\n\n\n<\/h2>\n<p>Si quieres ser cre\u00edble como influenciador de Instagram, debes tener un buen conocimiento del tema que presentas a los espectadores. Elige el campo en el que prosperas y en el que ser\u00e1s t\u00fa mismo. De nada sirve convertirse en influencer de moda si no se tiene ning\u00fan conocimiento de este mundo.<\/p>\n<h2>\n\n\n\n<\/h2>\n<p>Si tiene experiencia demostrada en un sector espec\u00edfico, es mejor explotarla y orientarse hacia un grupo objetivo que est\u00e9 interesado en \u00e9l. Por otro lado, hay que averiguar qu\u00e9 busca su comunidad para satisfacerla mejor y atraerla.<\/p>\n<h2>\n\n\n\n<\/h2>\n<h3 class=\"wp-block-heading\">\u00bfQu\u00e9 le diferencia de otros influencers?<\/h3>\n<h2>\n\n\n\n<\/h2>\n<p>Si quieres hacerte notar en Instagram, tendr\u00e1s que ser capaz de destacar. Muchos influencers pueden explotar el mismo universo que t\u00fa. Para destacar entre la multitud, no dude en hacer algo de inteligencia competitiva. Analice lo que hacen sus competidores (identidad visual, estilo de lenguaje, tipo de posts, etc.) para conocer las f\u00f3rmulas que funcionan y los fracasos. Esto le ayudar\u00e1 a idear cosas innovadoras y m\u00e1s inventivas.<\/p>\n<h2>\n\n\n\n<\/h2>\n<p>Tu valor a\u00f1adido tambi\u00e9n puede ser tu personalidad. En lugar de ofrecer trabajos anodinos y sin vida, puedes dejar que tu car\u00e1cter, opiniones y puntos de vista brillen. Esto tambi\u00e9n le permitir\u00e1 posicionarse como experto en su sector.<\/p>\n<h2>\n\n\n\n<\/h2>\n<h3 class=\"wp-block-heading\">Todo depende de la calidad del contenido<\/h3>\n<h2>\n\n\n\n<\/h2>\n<p>En Instagram, las im\u00e1genes lo dicen todo. Si quieres captar la atenci\u00f3n de tus seguidores y transmitir una imagen profesional, cuida tus im\u00e1genes. Ya sea para tus publicaciones o tus historias de Instagram, utiliza elementos visuales atractivos que se ajusten a tu estilo. Presta especial atenci\u00f3n a la elecci\u00f3n de los colores, el encuadre y los filtros que utilizas. Su identidad visual debe ser f\u00e1cilmente reconocible y aut\u00e9ntica.<\/p>\n<h2>\n\n\n\n<\/h2>\n<h3 class=\"wp-block-heading\">Date a conocer a trav\u00e9s de marcas y otros influencers<\/h3>\n<h2>\n\n\n\n<\/h2>\n<p>Por \u00faltimo, pero no por ello menos importante, para ayudarte a triunfar como influencer en Instagram, es establecer una red de contactos con influencers y marcas. Intenta establecer relaciones con ellos (amistosas o de negocios).<\/p>\n<h2>\n\n\n\n<\/h2>\n<p>Aunque la competencia es dura en este negocio, tener buenos contactos es siempre un plus que no hay que descuidar para darse a conocer a otras bases de abonados. Los influencers pueden incluso colaborar en el mismo contenido para aumentar la notoriedad de cada uno. Es una buena forma de publicitarse, pero tambi\u00e9n de encontrar contratos interesantes con marcas. Es importante saber que los influencers pueden intercambiar direcciones o contactos entre ellos. Algunos pueden incluso recomendar a sus hom\u00f3logos a las empresas, etc.<\/p>\n<h2>\n\n\n\n<p><!-- \/wp:post-content --><\/p>","protected":false},"excerpt":{"rendered":"<p>La Generaci\u00f3n Z est\u00e1 entrando en el mercado laboral y marcando una nueva tendencia en cuanto a profesiones 2.0. Desde hace varios a\u00f1os, est\u00e1n surgiendo profesiones que combinan las redes sociales y las t\u00e9cnicas de marketing y comunicaci\u00f3n. Esta ola de profesiones emergentes incluye a blogueros, youtubers y ... <a href=\"https:\/\/topmymfans.com\/es\/devenir-influenceur-instagram\/\">Contin\u00faa en<\/a><\/p>","protected":false},"author":1,"featured_media":0,"parent":0,"menu_order":0,"comment_status":"closed","ping_status":"closed","template":"elementor_header_footer","meta":{"footnotes":""},"class_list":["post-119","page","type-page","status-publish","hentry"],"_links":{"self":[{"href":"https:\/\/topmymfans.com\/es\/wp-json\/wp\/v2\/pages\/119","targetHints":{"allow":["GET"]}}],"collection":[{"href":"https:\/\/topmymfans.com\/es\/wp-json\/wp\/v2\/pages"}],"about":[{"href":"https:\/\/topmymfans.com\/es\/wp-json\/wp\/v2\/types\/page"}],"author":[{"embeddable":true,"href":"https:\/\/topmymfans.com\/es\/wp-json\/wp\/v2\/users\/1"}],"replies":[{"embeddable":true,"href":"https:\/\/topmymfans.com\/es\/wp-json\/wp\/v2\/comments?post=119"}],"version-history":[{"count":21,"href":"https:\/\/topmymfans.com\/es\/wp-json\/wp\/v2\/pages\/119\/revisions"}],"predecessor-version":[{"id":284,"href":"https:\/\/topmymfans.com\/es\/wp-json\/wp\/v2\/pages\/119\/revisions\/284"}],"wp:attachment":[{"href":"https:\/\/topmymfans.com\/es\/wp-json\/wp\/v2\/media?parent=119"}],"curies":[{"name":"wp","href":"https:\/\/api.w.org\/{rel}","templated":true}]}}