{"id":559,"date":"2025-03-17T12:03:27","date_gmt":"2025-03-17T11:03:27","guid":{"rendered":"https:\/\/topmymfans.com\/meilleurs-comptes-mym\/"},"modified":"2025-03-17T13:38:51","modified_gmt":"2025-03-17T12:38:51","slug":"beste-mym-konten","status":"publish","type":"page","link":"https:\/\/topmymfans.com\/de\/meilleurs-comptes-mym\/","title":{"rendered":"Beste Accounts MYM: Die Rangliste der Content Creators und Fans, denen man folgen sollte"},"content":{"rendered":"<p>Sie suchen die <strong>beste Konten MYM<\/strong> um Zugang zu <strong>exklusive Inhalte<\/strong> und <strong>Privatvideos<\/strong> ? Es ist nicht einfach, aus dem \u00fcbergro\u00dfen Angebot der MYM-Sch\u00f6pfer auf dieser Plattform eine Wahl zu treffen. Hier ist unser <strong>Rangliste der Konten MYM fans<\/strong> die am meisten beachtet werden: Erfahren Sie, wie es diesen Sch\u00f6pfern gelingt <strong>Einnahmen generieren<\/strong> durch das Teilen von Fotos und Videos mit ihren Abonnenten.<\/p>\n<h2 id=\"clara-mia-laudace-authentique\">Clara Mia: Echte K\u00fchnheit<\/h2>\n<p>Clara Mia setzt sich durch auf <strong>MYM Frankreich<\/strong> mit einem entschieden pers\u00f6nlichen Stil und verf\u00fchrt mehr als <strong>500k Abonnenten<\/strong>. Diese junge franz\u00f6sische Designerin zeichnete sich aus durch <strong>sein einzigartiger Ansatz<\/strong>. Welche Art von Beitr\u00e4gen bietet sie an, um die Aufmerksamkeit eines so gro\u00dfen Publikums in sozialen Netzwerken aufrechtzuerhalten?<\/p>\n<p>Offensichtlich beruht ihr Erfolg auf einem <strong>st\u00e4ndiger Dialog mit seinem Publikum<\/strong>. Clara Mia tauscht sich h\u00e4ufig direkt \u00fcber private Nachrichten aus und pflegt eine besondere Beziehung. Wie schafft sie es <strong>diese Gemeinschaft zu beleben<\/strong> w\u00e4hrend sie gleichzeitig personalisierte Medien auf ihrem Profil MYM entwickelt, das st\u00e4ndig neue Abonnenten anzieht?<\/p>\n<h2 id=\"alicia-de-faultrey-excellence-francaise\">Alicia de Faultrey: Franz\u00f6sische Exzellenz<\/h2>\n<p>Alicia de Faultrey setzt sich als eine der <strong>franz\u00f6sische Designerinnen<\/strong> am meisten beachtet auf <strong>MYM<\/strong>mit einem klaren Premium-Profil. Aber wie erkl\u00e4rt sich sein Platz in der <strong>Rangliste der besten Konten MYM<\/strong>Wie kann man ein so treues Publikum anziehen?<\/p>\n<ul>\n<li><strong>Bevorzugte Ver\u00f6ffentlichungen<\/strong> Die junge Franz\u00f6sin teilt Fotos und Videos, die in anderen sozialen Netzwerken nicht zug\u00e4nglich sind.<\/li>\n<li>Pers\u00f6nlicher Austausch: Sie f\u00fchrt regelm\u00e4\u00dfige Dialoge mit ihren Abonnenten und pflegt eine <strong>echte Verbindung<\/strong> innerhalb ihrer Netzwerke.<\/li>\n<li>Angenommene Kreativit\u00e4t: Jeder Beitrag auf ihrem Profil \u00fcberrascht durch seine <strong>K\u00fchnheit und Authentizit\u00e4t<\/strong>.<\/li>\n<li>Einwandfreie Qualit\u00e4t: Seine mit professioneller Gr\u00fcndlichkeit bearbeiteten Medien bieten eine <strong>vollendetes visuelles Erlebnis<\/strong>.<\/li>\n<li>Einzigartigkeit: Die franz\u00f6sische Designerin kombiniert einen wiedererkennbaren Stil mit ausgesprochen pers\u00f6nlichen Botschaften.<\/li>\n<\/ul>\n<h2 id=\"petitelu-authenticite-amateur\">Petitelu: Die Amateurauthentizit\u00e4t<\/h2>\n<p>Petitelu verf\u00fchrt in sozialen Netzwerken mit seinem <strong>spontaner Stil<\/strong> und seine <strong>pers\u00f6nlicher Austausch<\/strong>. Diese junge franz\u00f6sische Designerin setzt auf <strong>Rohformate<\/strong> die eine besondere Verbindung zu ihrer Community herstellen. Aber wie schafft sie es, ihre Abonnenten trotz dieser amateurhaften Positionierung zu binden?<\/p>\n<p>Sein Profil veranschaulicht eine <strong>aktuelle Tendenz<\/strong> : Die Nutzer bevorzugen nun die<strong>Authentizit\u00e4t<\/strong> mit allzu geleckten Produktionen. Anstelle von exklusiven Inhalten bietet diese Influencerin <strong>t\u00e4gliche Postings und private Nachrichten<\/strong>. Eine Strategie, die besonders gut bei jungen Erwachsenen funktioniert, die auf digitalen Plattformen nach realen Interaktionen suchen.<\/p>\n<h2 id=\"influenceurs-mode-monetisation-creative\">Mode-Influencer: Kreative Monetarisierung<\/h2>\n<p>Mode-Influencer nutzen <strong>MYM mit Strategie<\/strong>Sie verbinden ihr \u00f6ffentliches Image mit <strong>private Medien<\/strong>. Wie diese <strong>Sch\u00f6pfer<\/strong> gelingt es ihnen, ihre Pr\u00e4senz in sozialen Netzwerken mit <strong>die Exklusivit\u00e4t, die ihren Abonnenten angeboten wird<\/strong> ? Ein g\u00e4ngiger Ansatz ist es, bestimmte Beitr\u00e4ge f\u00fcr ihr MYM-Profil zu reservieren und gleichzeitig einen regelm\u00e4\u00dfigen Feed auf ihren anderen Konten aufrechtzuerhalten.<\/p>\n<p>Nehmen wir das Beispiel von <strong>j\u00fcngste Kooperationen zwischen franz\u00f6sischen Designerinnen und Luxusmarken<\/strong>. Diese Partnerschaften, die h\u00e4ufig \u00fcber soziale Netzwerke vermittelt werden, erm\u00f6glichen den Nutzern <strong>personalisierte Nachrichten<\/strong>. F\u00fcr junge Influencer ist diese <strong>Synergie zwischen \u00f6ffentlicher Sichtbarkeit und privaten Interaktionen<\/strong> erweist sich als besonders effektiv, um ihre Community an sich zu binden.<\/p>\n<h2 id=\"createurs-contenu-reseau-lucratif\">Ersteller von Inhalten: ein profitables soziales Netzwerk<\/h2>\n<p>MYM setzt sich durch als <strong>ein lukratives Netzwerk f\u00fcr Content-Ersteller<\/strong>. Diese Plattform erm\u00f6glicht es den Nutzern <strong>bezahlte Beitr\u00e4ge und privilegierte Nachrichten anbieten<\/strong>. Um Ihre Rentabilit\u00e4t zu optimieren, <strong>eine geeignete Anstellungsstrategie<\/strong> sich als notwendig erweist. Unser praktischer Leitfaden <a href=\"https:\/\/topmymfans.com\/de\/steigern-sie-ihr-engagement-auf-mym\/\">Boosten Sie Ihr Engagement auf MYM<\/a> geht detailliert auf bew\u00e4hrte Methoden ein.<\/p>\n<table>\n<caption>Vergleich der profitabelsten Nischen auf MYM<\/caption>\n<thead>\n<tr>\n<th>Art des Inhalts<\/th>\n<th>Zielpublikum<\/th>\n<th>Durchschnittlicher Preis f\u00fcr ein Abonnement<\/th>\n<\/tr>\n<\/thead>\n<tbody>\n<tr>\n<td>Exklusive Fotos und Videos<\/td>\n<td>Fans, die einen privilegierten Zugang zum Leben des Influencers suchen<\/td>\n<td>9,99 \u20ac - 44,99 \u20ac pro Monat<\/td>\n<\/tr>\n<tr>\n<td>Benutzerdefinierte Inhalte (Fotos und Videos auf Anfrage)<\/td>\n<td>Abonnenten, die einzigartige Inhalte w\u00fcnschen, die auf ihre Vorlieben zugeschnitten sind<\/td>\n<td>Variabel, vom Ersteller festgelegt<\/td>\n<\/tr>\n<tr>\n<td>VIP-Zugang \/ Inhalte in Pay-Per-View<\/td>\n<td>Fans, die bereit sind, f\u00fcr besondere Veranstaltungen oder Premium-Inhalte zu bezahlen<\/td>\n<td>Variabel, abh\u00e4ngig von der Veranstaltung oder dem Inhalt<\/td>\n<\/tr>\n<tr>\n<td>Lifestyle und exklusive Vlogs<\/td>\n<td>Abonnenten, die sich f\u00fcr den Alltag und die Hintergr\u00fcnde des Influencers interessieren<\/td>\n<td>9,99 \u20ac - 44,99 \u20ac pro Monat<\/td>\n<\/tr>\n<tr>\n<td>Spezifische Nischen (Cosplay, Fitness, Kunst, etc.)<\/td>\n<td>Zielgemeinschaften mit besonderem Interesse<\/td>\n<td>9,99 \u20ac - 44,99 \u20ac pro Monat<\/td>\n<\/tr>\n<\/tbody>\n<\/table>\n<p><strong>Legende:<\/strong> Diese Tabelle vergleicht <strong>die verschiedenen Ans\u00e4tze zur Monetarisierung eines Profils in dedizierten sozialen Netzwerken<\/strong>. Die Sch\u00f6pfer <strong>legen ihre Abonnementgeb\u00fchren frei fest<\/strong>Sie bieten private Medien und personalisierte Interaktionen an. Die Preise variieren je nach Bekanntheitsgrad des Kontos und der Art der geteilten Beitr\u00e4ge.<\/p>\n<h2 id=\"stars-tele-realite-controverses\">Reality-TV-Stars: Kontroversen und Neuorientierungen<\/h2>\n<p>Ehemalige Figuren des franz\u00f6sischen Reality-TV wenden sich an <strong>MYM nach Medienpolemiken<\/strong>Sie haben sich strategisch ver\u00e4ndert. Warum w\u00e4hlen sie diesen Weg? <strong>soziales Netzwerk als Zufluchtsort<\/strong>Wie denken sie \u00fcber ihr Image in diesem erwachsenenorientierten Netzwerk nach?<\/p>\n<p>Es ist interessant zu untersuchen <strong>den Einfluss dieser Sch\u00f6pferinnen auf das Publikum von MYM<\/strong>. Ihre F\u00e4higkeit <strong>ein junges Publikum an sich binden<\/strong> ist bemerkenswert, mit einem signifikanten Engagement bei Nutzern, die bereit sind, sich f\u00fcr den Zugang zu privaten Beitr\u00e4gen und personalisierten Nachrichten anzumelden. Sehen wir uns an, wie diese Medienprofile <strong>\u00fcbertragen ihre Fernsehbekanntheit auf soziale Premium-Netzwerke<\/strong>.<\/p>\n<h2 id=\"celebridades-mym-influence\">Ber\u00fchmtheiten MYM: Das Gewicht des Einflusses<\/h2>\n<p><strong>Clara Morgane, Van Damme...<\/strong> Diese franz\u00f6sischen Stars haben sich entschieden <strong>MYM, um mit ihrem Publikum zu interagieren<\/strong>. Ein Beweis f\u00fcr die wachsende Attraktivit\u00e4t des Netzwerks f\u00fcr etablierte Pers\u00f6nlichkeiten. Aber wie <strong>nutzen sie ihr Image aus<\/strong> um Nutzer zu verf\u00fchren und private Medien auf ihren Profilen zu teilen?<\/p>\n<p>Auf MYM haben diese Sch\u00f6pferinnen <strong>setzen auf hohe Geb\u00fchren<\/strong> f\u00fcr ihr Abonnement und ihre reservierten Ver\u00f6ffentlichungen. Eine Positionierung, die Fragen aufwirft: Welches Budget sind junge Abonnenten bereit, f\u00fcr diesen privilegierten Austausch auszugeben, und wie <strong>wirkt sich dies auf die Bezahlung der Influencer aus<\/strong> ?<\/p>\n<h2 id=\"modeles-instagram-audience-crossplateforme\">Instagram-Templates: Cross-Plattform Audience<\/h2>\n<p>Instagram-Designerinnen <strong>verlagern ihr Publikum allm\u00e4hlich zu MYM<\/strong>So werden aus Followern Premium-Abonnenten. Aber wie findet dieser \u00dcbergang zwischen den sozialen Netzwerken statt?<\/p>\n<ul>\n<li>Erweiterte Sichtbarkeit: Gleichzeitige Pr\u00e4senz in mehreren Netzwerken, um verschiedene Gemeinschaften zu erreichen<\/li>\n<li>Zus\u00e4tzliche Einnahmen: Kombination aus MYM-Abonnements und Instagram-Partnerschaften<\/li>\n<li>Gezielte Interaktionen : Anpassung der privaten Nachrichten je nach verwendeter Plattform<\/li>\n<li>Einheitliches Erscheinungsbild : Aufrechterhaltung einer einheitlichen visuellen Identit\u00e4t \u00fcber alle Publikationen hinweg<\/li>\n<li>Skalierbare Strategie: Regelm\u00e4\u00dfige Analyse der Statistiken zur Anpassung der bezahlten Inhalte<\/li>\n<li>Kundenbindung: Senden von tempor\u00e4ren Medien an die aktivsten Abonnenten<\/li>\n<li>Kollaborationen : Quernutzung von Zielgruppen zur F\u00f6rderung von Partner-Designerinnen<\/li>\n<\/ul>\n<p>Berichten Sie, dass <strong>viele Franz\u00f6sinnen kombinieren nun MYM und OnlyFans, um ihre Einkommensquellen zu diversifizieren<\/strong>. F\u00fcr konkrete Techniken : <a href=\"https:\/\/topmymfans.com\/de\/steigern-sie-ihre-abonnenten-auf-mym-und-onlyfans\/\">Mehr Abonnenten auf MYM und OnlyFans<\/a>.<\/p>\n<h2 id=\"creatrices-mym-perles-races\">Designerinnen MYM: Auf der Suche nach seltenen Perlen<\/h2>\n<p>Angesichts der Vielzahl von Ver\u00f6ffentlichungen \u00fcber MYM ist die <strong>Kuration<\/strong> wird zu einer t\u00e4glichen Herausforderung. Wie lenkt man die Nutzer zu den <strong>die vielversprechendsten franz\u00f6sischen Profile<\/strong>und beleuchtet dabei die <strong>Talent von jungen Designerinnen<\/strong> ? Sehen wir uns an, welche Kriterien Sie anwenden m\u00fcssen, um diese Nuggets zu finden.<\/p>\n<p>Eine <strong>strukturierter Ansatz<\/strong> wird immer wichtiger, um aufstrebende Sterne zu finden. Ist die Aktivit\u00e4t in sozialen Netzwerken, die Interaktion \u00fcber private Nachrichten oder die Regelm\u00e4\u00dfigkeit der Ver\u00f6ffentlichungen wichtiger? Wir weisen darauf hin, dass <strong>das Engagement der Abonnenten und die Qualit\u00e4t der geteilten Medien<\/strong> sind nach wie vor Schl\u00fcsselindikatoren, um franz\u00f6sische Designerinnen zu identifizieren, die ihre Welt pr\u00e4gen.<\/p>\n<h2 id=\"comptes-curvy-representation-diverse\">Curvy Accounts: Diverse Vertretungen<\/h2>\n<p>Die <strong>Curvy-Profile<\/strong> gewinnen auf MYM an Boden und zeugen von einem echten Engagement f\u00fcr den <strong>Bodypositivismus<\/strong>. Was beobachten die Nutzer in Bezug auf die Entwicklung der Erwartungen rund um die <strong>K\u00f6rpervielfalt<\/strong> in franz\u00f6sischen sozialen Netzwerken?<\/p>\n<p>Unsere Untersuchung der 40 meistbeachteten Konten zeigt, dass <strong>interessante Besonderheiten<\/strong>. Mal sehen: Welche privaten Publikationen sprechen ein junges Publikum an, und wie diese franz\u00f6sischen Designerinnen <strong>ihre Abonnenten an sich binden<\/strong> und gleichzeitig ihr Gesch\u00e4ft ausbauen? Ein Ansatz, der h\u00e4ufig \u00fcber <strong>personalisierte Nachrichten<\/strong> und Medien, die auf jedes Profil zugeschnitten sind.<\/p>\n<h2 id=\"comparatif-choix-strategique\">Vergleich<\/h2>\n<p>Den richtigen ausw\u00e4hlen <strong>Konto MYM<\/strong> kann sich angesichts der Vielzahl an verf\u00fcgbaren Optionen als kompliziert erweisen. Dieser Auswahlleitfaden hilft Ihnen, eine fundierte Wahl zu treffen, die auf Ihrem Nutzerprofil und Ihrem Budget basiert. Welche <strong>Konto<\/strong> am besten zu Ihren Erwartungen und Ihrem Verwendungszweck passt? Welche Spannen von <strong>Preis<\/strong> praktiziert von den <strong>Sch\u00f6pfer<\/strong> ? Um Ihnen bei der Auswahl der <strong>Plattform<\/strong> die am besten zu Ihren Bed\u00fcrfnissen passt, lesen Sie unseren Vergleichsartikel <a href=\"https:\/\/topmymfans.com\/de\/mym-vs-onlyfans\/\">MYM vs. Onlyfans: Welche Seite ist die beste f\u00fcr den Anfang?<\/a>.<\/p>\n<table>\n<caption>Vergleich<\/caption>\n<thead>\n<tr>\n<th>Art des Kontos<\/th>\n<th>Zielpublikum<\/th>\n<th>Durchschnittlicher Preis<\/th>\n<th>Verpflichtungsquote<\/th>\n<\/tr>\n<\/thead>\n<tbody>\n<tr>\n<td><strong>Exklusive Fotos und Videos<\/strong><\/td>\n<td>Fans, die einen privilegierten Zugang zum Leben des Influencers suchen<\/td>\n<td>9,99 \u20ac - 44,99 \u20ac pro Monat<\/td>\n<td>Hoch<\/td>\n<\/tr>\n<tr>\n<td><strong>Personalisierter Inhalt<\/strong><\/td>\n<td>Abonnenten, die einzigartige und ma\u00dfgeschneiderte Inhalte w\u00fcnschen<\/td>\n<td>Variable<\/td>\n<td>Sehr hoch<\/td>\n<\/tr>\n<tr>\n<td><strong>VIP-Zugang \/ Pay-Per-View<\/strong><\/td>\n<td>Fans, die bereit sind, f\u00fcr besondere Veranstaltungen zu zahlen<\/td>\n<td>Variable<\/td>\n<td>Mittel<\/td>\n<\/tr>\n<tr>\n<td><strong>Lifestyle und exklusive Vlogs<\/strong><\/td>\n<td>Abonnenten, die sich f\u00fcr den Alltag des Influencers interessieren<\/td>\n<td>9,99 \u20ac - 44,99 \u20ac pro Monat<\/td>\n<td>Mittel bis hoch<\/td>\n<\/tr>\n<tr>\n<td><strong>Spezifische Nischen (Cosplay, Fitness, Kunst)<\/strong><\/td>\n<td>Zielgemeinschaften mit besonderem Interesse<\/td>\n<td>9,99 \u20ac - 44,99 \u20ac pro Monat<\/td>\n<td>Hoch<\/td>\n<\/tr>\n<tr>\n<td><strong>Reality-TV-Stars<\/strong><\/td>\n<td>Fans der Sendung<\/td>\n<td>14,99 \u20ac - 49,99 \u20ac pro Monat<\/td>\n<td>Mittel<\/td>\n<\/tr>\n<tr>\n<td>Ber\u00fchmtheiten<\/td>\n<td>Fans von Ber\u00fchmtheiten<\/td>\n<td>19,99 \u20ac - 99,99 \u20ac pro Monat<\/td>\n<td>Niedrig<\/td>\n<\/tr>\n<tr>\n<td>Instagram-Vorlagen<\/td>\n<td>Instagram-Followers<\/td>\n<td>9,99 \u20ac - 29,99 \u20ac pro Monat<\/td>\n<td>Mittel<\/td>\n<\/tr>\n<tr>\n<td><strong>Curvy Accounts<\/strong><\/td>\n<td>Personen, die eine vielf\u00e4ltige Vertretung suchen<\/td>\n<td>7,99 \u20ac - 39,99 \u20ac pro Monat<\/td>\n<td>Hoch<\/td>\n<\/tr>\n<tr>\n<td>Amateure<\/td>\n<td>Personen, die nach Authentizit\u00e4t suchen<\/td>\n<td>4,99 \u20ac - 19,99 \u20ac pro Monat<\/td>\n<td>Sehr hoch<\/td>\n<\/tr>\n<\/tbody>\n<\/table>\n<p>In einem Zeitalter, in dem sich die Digitalisierung durchsetzt, bietet MYM vielf\u00e4ltige Konten f\u00fcr jedes Profil. Ob Sie sich von Clara Mias K\u00fchnheit, Petitelus Authentizit\u00e4t oder den <strong>exklusive Inhalte<\/strong> von Stars, ist dies der perfekte Zeitpunkt, um diese <strong>Profile MYM<\/strong> die man nicht verpassen darf. Finden Sie noch heute den <strong>Sch\u00f6pfer<\/strong> die Ihren W\u00fcnschen entspricht, und werden Sie Teil einer Gemeinschaft, die ebenso spannend wie vielf\u00e4ltig ist.<\/p>\n<h2>FAQ<\/h2>\n<h3>Welche rechtlichen Risiken und Verantwortlichkeiten bestehen f\u00fcr die Ersteller von Inhalten auf MYM, insbesondere im Hinblick auf den Schutz der Privatsph\u00e4re und die Verbreitung expliziter Inhalte?<\/h3>\n<p>Die Ersteller von Inhalten auf MYM m\u00fcssen sich der <strong>Rechtsrisiken<\/strong> verbunden mit dem <strong>Achtung der Privatsph\u00e4re<\/strong> und an die <strong>Verbreitung von expliziten Inhalten<\/strong>. Sie m\u00fcssen einen <strong>ausdr\u00fcckliche Zustimmung<\/strong> zur Datenerhebung und um den Nutzern zu erm\u00f6glichen, auf diese Daten zuzugreifen, sie zu korrigieren oder zu l\u00f6schen.<\/p>\n<p>Obwohl MYM explizite Inhalte erlaubt, m\u00fcssen die Ersteller die <strong>strenge Gemeinschaftsregeln<\/strong> die illegale Inhalte verbieten, und stellen sicher, dass sie die geltenden Gesetze bez\u00fcglich der Verbreitung pornografischer Inhalte einhalten. MYM bringt <strong>besondere Erw\u00e4hnungen<\/strong> auf \"explizite\" Formate und verlangt eine <strong>Identit\u00e4tsnachweis<\/strong> der Gr\u00fcnder, die mindestens 18 Jahre alt sein m\u00fcssen.<\/p>\n<h3>Welche Werbestrategien sind am wirksamsten, um im Jahr 2024 neue Abonnenten f\u00fcr MYM zu gewinnen, und zwar unter Ber\u00fccksichtigung der Entwicklungen des Algorithmus und der Trends im Influencer-Marketing?<\/h3>\n<p>Die effektivsten Werbestrategien, um neue Abonnenten f\u00fcr MYM im Jahr 2024 zu gewinnen, umfassen die Verwendung von <strong>Gutschein- und Rabattcodes<\/strong>am <strong>Patenschaft<\/strong>und der <strong>Einflussmarketing<\/strong>. Das Anbieten von Rabatten \u00fcber Gutscheincodes ist eine effektive Strategie, um neue Abonnenten zu gewinnen.<\/p>\n<p>Die Zusammenarbeit mit popul\u00e4ren Influencern kann eine <strong>indirekte Sichtbarkeit<\/strong> bei einem bereits gefesselten Publikum. Viele Sch\u00f6pfer werben f\u00fcr ihr MYM-Konto in sozialen Netzwerken. Es ist wichtig zu beachten, dass die Sch\u00f6pfer auf MYM nicht direkt f\u00fcr Marken werben k\u00f6nnen.<\/p>\n<h3>Wie k\u00f6nnen Inhaltsersteller ihre Zeit und Energie effektiv verwalten, um einen konstanten Fluss hochwertiger Inhalte auf MYM aufrechtzuerhalten und gleichzeitig einen Burnout zu vermeiden?<\/h3>\n<p>Um Burnout zu vermeiden, k\u00f6nnen die Ersteller von Inhalten auf MYM verschiedene Strategien anwenden. <strong>Planung und Organisation<\/strong> mit Zeitmanagement-Tools, und die <strong>Priorisierung von Aufgaben<\/strong> allt\u00e4glich, um sich auf die wichtigsten Aktivit\u00e4ten zu konzentrieren.<\/p>\n<p>Au\u00dferdem ist es ratsam, eine <strong>langfristige Inhaltsstrategie<\/strong>von <strong>Grenzen setzen<\/strong> zwischen Arbeit und Privatleben, von <strong>sich mit anderen Sch\u00f6pfern verbinden<\/strong> um Unterst\u00fctzung zu erhalten, und <strong>die Anzeichen von Burnout erkennen<\/strong> um sie schnell zu beheben.<\/p>\n<h3>Welche Tools und Ressourcen stellt MYM den Erstellern zur Verf\u00fcgung, um ihnen zu helfen, ihre Leistung zu analysieren, ihr Publikum zu verstehen und ihre Inhaltsstrategie zu optimieren?<\/h3>\n<p>MYM stellt Erstellern mehrere Werkzeuge und Ressourcen zur Verf\u00fcgung, die ihnen dabei helfen sollen <strong>ihre Leistung analysieren<\/strong>, <strong>ihr Publikum verstehen<\/strong> und <strong>ihre Inhaltsstrategie optimieren<\/strong>. Zu diesen Werkzeugen geh\u00f6ren <strong>detaillierte Zuschauer- und Leistungsstatistiken<\/strong>Diese Daten werden verwendet, um die Pr\u00e4ferenzen des Publikums zu verstehen und den Inhalt entsprechend anzupassen.<\/p>\n<p>Die Plattform bietet auch einen <strong>Einkommensprognosetool<\/strong>Sie k\u00f6nnen die Optionen von <strong>Personalisierung des Profils<\/strong>Die <strong>Monetisierungsfunktionen<\/strong> (wie kostenpflichtige Abonnements), Werkzeuge zur <strong>Abonnentenverwaltung<\/strong>und die M\u00f6glichkeit, eine <strong>Werbekampagnen<\/strong>.<\/p>\n<h3>Wie k\u00f6nnte sich die Entwicklung von Technologien wie KI und Virtual Reality in den n\u00e4chsten Jahren auf die Erstellung von Inhalten und das Engagement der Abonnenten auf MYM auswirken?<\/h3>\n<p>Die Entwicklung der<strong>IA<\/strong> und der <strong>virtuelle Realit\u00e4t (VR)<\/strong> k\u00f6nnte die <strong>Erstellung von Inhalten<\/strong> und die<strong>Engagement der Abonnenten<\/strong> auf MYM. KI kann Erstellern helfen, Zeit zu sparen, indem sie <strong>bestimmte Aufgaben automatisieren<\/strong> und in <strong>Inhalte generieren<\/strong>Sie k\u00f6nnen sich auf strategischere Aufgaben konzentrieren.<\/p>\n<p>VR bietet M\u00f6glichkeiten zur<strong>immersive Erlebnisse<\/strong> f\u00fcr Abonnenten mit VR-Inhalten, virtuellen Veranstaltungen, Treffen mit den Sch\u00f6pfern oder Besuchen an exklusiven Orten. Es ist jedoch wichtig zu beachten, dass der Einsatz von KI und VR einige Fragen aufwirft <strong>ethische und rechtliche Fragen<\/strong>.<\/p>","protected":false},"excerpt":{"rendered":"<p>Suchen Sie nach den besten MYM-Konten, um Zugang zu exklusiven Inhalten und privaten Videos zu erhalten? Es ist nicht einfach, aus dem \u00fcbergro\u00dfen Angebot an MYM-Sch\u00f6pfern auf dieser Plattform die richtige Wahl zu treffen. Hier ist unsere Rangliste der meistbeachteten MYM fans-Konten: Erfahren Sie, wie diese Ersteller durch das Teilen von Videos Einnahmen erzielen ... <a href=\"https:\/\/topmymfans.com\/de\/meilleurs-comptes-mym\/\">Continued<\/a><\/p>","protected":false},"author":1,"featured_media":0,"parent":0,"menu_order":0,"comment_status":"closed","ping_status":"closed","template":"","meta":{"footnotes":""},"class_list":["post-559","page","type-page","status-publish","hentry"],"_links":{"self":[{"href":"https:\/\/topmymfans.com\/de\/wp-json\/wp\/v2\/pages\/559","targetHints":{"allow":["GET"]}}],"collection":[{"href":"https:\/\/topmymfans.com\/de\/wp-json\/wp\/v2\/pages"}],"about":[{"href":"https:\/\/topmymfans.com\/de\/wp-json\/wp\/v2\/types\/page"}],"author":[{"embeddable":true,"href":"https:\/\/topmymfans.com\/de\/wp-json\/wp\/v2\/users\/1"}],"replies":[{"embeddable":true,"href":"https:\/\/topmymfans.com\/de\/wp-json\/wp\/v2\/comments?post=559"}],"version-history":[{"count":2,"href":"https:\/\/topmymfans.com\/de\/wp-json\/wp\/v2\/pages\/559\/revisions"}],"predecessor-version":[{"id":567,"href":"https:\/\/topmymfans.com\/de\/wp-json\/wp\/v2\/pages\/559\/revisions\/567"}],"wp:attachment":[{"href":"https:\/\/topmymfans.com\/de\/wp-json\/wp\/v2\/media?parent=559"}],"curies":[{"name":"wp","href":"https:\/\/api.w.org\/{rel}","templated":true}]}}