{"id":439,"date":"2024-03-04T20:07:54","date_gmt":"2024-03-04T19:07:54","guid":{"rendered":"https:\/\/topmymfans.com\/?page_id=439"},"modified":"2024-03-04T20:08:11","modified_gmt":"2024-03-04T19:08:11","slug":"legale-erwahnungen","status":"publish","type":"page","link":"https:\/\/topmymfans.com\/de\/mentions-legales\/","title":{"rendered":"Rechtliche Hinweise"},"content":{"rendered":"<h2 class=\"wp-block-heading\">\u00dcberblick \u00fcber die Website<\/h2>\n\n\n\n<p>In \u00dcbereinstimmung mit den detaillierten gesetzlichen Anforderungen des Gesetzes f\u00fcr Vertrauen in der digitalen Wirtschaft (L.C.E.N.) werden den Nutzern und Besuchern von topmymfans.com folgende Informationen zur Verf\u00fcgung gestellt:<\/p>\n\n\n\n<h2 class=\"wp-block-heading\">Rechtliche Informationen<\/h2>\n\n\n\n<p>Die Plattform Top Mym Fans wird von der gleichnamigen Firma vertreten, wobei eine direkte Kommunikation \u00fcber die E-Mail-Adresse: contact@topmymfans.com m\u00f6glich ist.<\/p>\n\n\n\n<h2 class=\"wp-block-heading\">Erstellung der Website<\/h2>\n\n\n\n<p>Die Domain topmymfans.com wird von der Firma Top Mym Fans verwaltet und gepflegt, die f\u00fcr jeden Kontakt mit dem Verantwortlichen f\u00fcr die Ver\u00f6ffentlichung \u00fcber: contact@topmymfans.com erreichbar ist. Die Verwaltung der Ver\u00f6ffentlichung erfolgt durch eine juristische Person.<\/p>\n\n\n\n<h2 class=\"wp-block-heading\">Verwaltung der Website<\/h2>\n\n\n\n<p>Bei technischen Fragen oder Kommentaren zur Website kann der Webmaster direkt kontaktiert werden unter: contact@topmymfans.com.<\/p>\n\n\n\n<h2 class=\"wp-block-heading\">Webhosting<\/h2>\n\n\n\n<p>Die Website topmymfans.com wird von Vercel, Inc. gehostet, einem f\u00fcr seine hochwertigen Webhosting-Dienste bekannten Anbieter.<\/p>\n\n\n\n<h2 class=\"wp-block-heading\">Beschreibung der Dienste<\/h2>\n\n\n\n<p>Die auf topmymfans.com bereitgestellten Informationen versuchen, so genau wie m\u00f6glich zu sein. Dennoch kann die Seite nicht f\u00fcr Auslassungen, Ungenauigkeiten und L\u00fccken in der Aktualisierung haftbar gemacht werden, unabh\u00e4ngig davon, ob diese von Top Mym Fans oder dritten Partnern verursacht wurden.<\/p>\n\n\n\n<h2 class=\"wp-block-heading\">Geistiges Eigentum<\/h2>\n\n\n\n<p>Die auf topmymfans.com ver\u00f6ffentlichten Elemente, einschlie\u00dflich Texte, Bilder und Grafiken, sind durch geistige Eigentumsrechte gesch\u00fctzt. Jede unerlaubte Vervielf\u00e4ltigung der Seite oder ihrer Inhalte ist ohne vorherige schriftliche Zustimmung von Top Mym Fans strengstens untersagt.<\/p>\n\n\n\n<h2 class=\"wp-block-heading\">Hyperlinks und Cookies<\/h2>\n\n\n\n<p>topmymfans.com kann Links zu anderen Webseiten enthalten, auf deren Inhalt Top Mym Fans keinen Einfluss hat. Das Vorhandensein dieser Links stellt keine Best\u00e4tigung dieser Websites durch Top Mym Fans dar. Dar\u00fcber hinaus kann das Surfen auf topmymfans.com dazu f\u00fchren, dass ein Cookie(s) auf dem Computer des Nutzers installiert wird, was das sp\u00e4tere Surfen auf der Website erleichtert.<\/p>\n\n\n\n<h2 class=\"wp-block-heading\">Schutz personenbezogener Daten<\/h2>\n\n\n\n<p>In \u00dcbereinstimmung mit der franz\u00f6sischen und europ\u00e4ischen Gesetzgebung zum Datenschutz haben die Nutzer von topmymfans.com das Recht, auf die sie betreffenden pers\u00f6nlichen Informationen zuzugreifen, sie zu \u00e4ndern und zu l\u00f6schen. Diese Rechte k\u00f6nnen \u00fcber eine schriftliche Anfrage an die bereitgestellte E-Mail-Adresse oder per Post ausge\u00fcbt werden, der eine Identit\u00e4tskopie beiliegt.<\/p>","protected":false},"excerpt":{"rendered":"<p>Pr\u00e4sentation der Website Gem\u00e4\u00df den detaillierten gesetzlichen Anforderungen des Gesetzes f\u00fcr Vertrauen in die digitale Wirtschaft (L.C.E.N.) werden den Nutzern und Besuchern von topmymfans.com die folgenden Informationen zur Verf\u00fcgung gestellt: Rechtliche Informationen Die Plattform Top Mym Fans wird von der gleichnamigen Firma vertreten, wobei eine direkte Kommunikation \u00fcber die E-Mail-Adresse: contact@topmymfans.com m\u00f6glich ist. ... <a href=\"https:\/\/topmymfans.com\/de\/mentions-legales\/\">Continued<\/a><\/p>","protected":false},"author":1,"featured_media":0,"parent":0,"menu_order":0,"comment_status":"closed","ping_status":"closed","template":"","meta":{"footnotes":""},"class_list":["post-439","page","type-page","status-publish","hentry"],"_links":{"self":[{"href":"https:\/\/topmymfans.com\/de\/wp-json\/wp\/v2\/pages\/439","targetHints":{"allow":["GET"]}}],"collection":[{"href":"https:\/\/topmymfans.com\/de\/wp-json\/wp\/v2\/pages"}],"about":[{"href":"https:\/\/topmymfans.com\/de\/wp-json\/wp\/v2\/types\/page"}],"author":[{"embeddable":true,"href":"https:\/\/topmymfans.com\/de\/wp-json\/wp\/v2\/users\/1"}],"replies":[{"embeddable":true,"href":"https:\/\/topmymfans.com\/de\/wp-json\/wp\/v2\/comments?post=439"}],"version-history":[{"count":1,"href":"https:\/\/topmymfans.com\/de\/wp-json\/wp\/v2\/pages\/439\/revisions"}],"predecessor-version":[{"id":440,"href":"https:\/\/topmymfans.com\/de\/wp-json\/wp\/v2\/pages\/439\/revisions\/440"}],"wp:attachment":[{"href":"https:\/\/topmymfans.com\/de\/wp-json\/wp\/v2\/media?parent=439"}],"curies":[{"name":"wp","href":"https:\/\/api.w.org\/{rel}","templated":true}]}}