{"id":23,"date":"2020-10-16T21:53:11","date_gmt":"2020-10-16T19:53:11","guid":{"rendered":"https:\/\/topmymfans.com\/?page_id=23"},"modified":"2025-03-18T10:30:55","modified_gmt":"2025-03-18T09:30:55","slug":"mitgliedschaft-mym-fans","status":"publish","type":"page","link":"https:\/\/topmymfans.com\/de\/affiliation-mym-fans\/","title":{"rendered":"Affiliate MYM Fans - Ein umfassender Leitfaden, um Botschafter zu werden und Ihr Einkommen zu steigern"},"content":{"rendered":"<p>Sie w\u00fcnschen <strong>Ihr Netzwerk monetarisieren<\/strong> und mit Ihren Kontakten Einnahmen generieren? Wussten Sie, dass die<strong>Zugeh\u00f6rigkeit MYM Fans<\/strong> bietet M\u00f6glichkeiten auf einem <strong>stark wachsender Markt<\/strong> ? In diesem Artikel erfahren Sie, wie Sie ein <strong>Botschafter MYM wettbewerbsf\u00e4hig<\/strong>Welche Methoden Sie anwenden k\u00f6nnen, um Content-Ersteller anzuziehen, und wie Sie Ihre Einnahmen durch das MYM-Partnerprogramm steigern k\u00f6nnen. M\u00f6chten Sie mehr \u00fcber die konkreten Vorteile und Perspektiven des MYM Fans-Sponsorings erfahren?<\/p>\n<div class=\"flex flex-col sm:flex-row gap-4 justify-center\"><a href=\"https:\/\/topmymfans.com\/de\/go\/creators\/\" class=\"btn btn-primary\">Als Ersteller anmelden<\/a><a href=\"https:\/\/topmymfans.com\/de\/go\/ambassadors\/\" class=\"btn\" style=\"background-color: #9333ea; color: white;\" onmouseover=\"this.style.backgroundColor='#7e22ce'\" onmouseout=\"this.style.backgroundColor='#9333ea'\">Als Botschafter\/in registrieren<\/a><\/div>\n<h2 id=\"fonctionnement-programme-affiliation-mym\">Wie funktioniert das MYM-Partnerprogramm?<\/h2>\n<p>MYM Fans positioniert sich als <strong>soziales Netzwerk Premium<\/strong> wo Designer <strong>mit ihren Inhalten Geld verdienen<\/strong> \u00fcber Abonnements. Ihre <strong>Sponsoringprogramm<\/strong> erm\u00f6glicht es jedem aktiven Nutzer, die Plattform bei neuen erwachsenen Sch\u00f6pfern zu bewerben. Aber wie funktioniert dieses System wirklich?<\/p>\n<table>\n<caption>Vergleich der Affiliate-Plattformen f\u00fcr Erwachsene<\/caption>\n<thead>\n<tr>\n<th>Plattform<\/th>\n<th>Art des Inhalts<\/th>\n<th>Kommission f\u00fcr die Mitgliedschaft<\/th>\n<\/tr>\n<\/thead>\n<tbody>\n<tr>\n<td>MYM Fans<\/td>\n<td>Exklusive Inhalte, Abonnements, private Medien<\/td>\n<td>10% der Einnahmen, die von den verwiesenen Designern generiert wurden<\/td>\n<\/tr>\n<tr>\n<td>OnlyFans<\/td>\n<td>Abwechslungsreich (Inhalte f\u00fcr Erwachsene, Musik etc.)<\/td>\n<td>Nicht in den bereitgestellten Daten angegeben<\/td>\n<\/tr>\n<tr>\n<td>CrakRevenue<\/td>\n<td>Dating und Inhalte f\u00fcr Erwachsene<\/td>\n<td>CPA (Kosten pro Akquisition), variable Prozents\u00e4tze<\/td>\n<\/tr>\n<\/tbody>\n<tfoot>\n<tr>\n<td colspan=\"3\">Legende: Diese Tabelle vergleicht die wichtigsten Affiliate-Plattformen f\u00fcr Erwachsene nach Art des Inhalts und des Provisionsmodells.<\/td>\n<\/tr>\n<\/tfoot>\n<\/table>\n<p>Konkret erhalten die angegliederten Nutzerinnen und Nutzer <strong>10% der Gewinne aus den von ihnen empfohlenen Designern<\/strong>. Dieser Prozentsatz wird von der Provision von MYM abgezogen, ohne die Gewinne der Ersteller zu schm\u00e4lern. Eine interessante Besonderheit: Dieses Zusatzeinkommen bleibt <strong>kumulierbar mit anderen Aktivit\u00e4ten in sozialen Netzwerken<\/strong> wie Instagram oder OnlyFans. Die <strong>bereitgestellte Werbemittel<\/strong> (getrackte Links, anpassbare Bilder) erleichtern es, Inhalte f\u00fcr Erwachsene bei ihrer Community zu bewerben.<\/p>\n<p><img decoding=\"async\" class=\"alignnone wp-image-568 size-full\" src=\"https:\/\/topmymfans.com\/wp-content\/uploads\/2025\/03\/Ambassadeur_-_MYM_for_ambassadors_-_Reseau_social__dg6fd0nePH.png\" alt=\"\" width=\"1659\" height=\"705\" srcset=\"\" sizes=\"(max-width: 1659px) 100vw, 1659px\" data-srcset=\"\" \/><\/p>\n<h2 id=\"devenir-ambassadeur-mym-fans\">MYM-Botschafter werden: Der Weg Schritt f\u00fcr Schritt<\/h2>\n<p>Werden Sie <b>Botschafter MYM Fans<\/b>Es ist einfacher, als man denkt. Die Plattform hat ein <strong>schneller und zug\u00e4nglicher Prozess<\/strong> an alle.<\/p>\n<ul>\n<li><strong>Anmeldung: Leitung der spezialisierten Botschafter-Website<\/strong> oder die Hauptseite von MYM Fans. Die Registrierung ist v\u00f6llig kostenlos und steht allen motivierten Nutzern offen.<\/li>\n<li>Konto erstellen : <strong>Sie m\u00fcssen kein aktiver Sch\u00f6pfer auf der Plattform sein, um sich zu bewerben.<\/strong>. Ein bestehendes oder neu erstelltes Konto reicht aus, um zu starten.<\/li>\n<li>Rechtliche Bedingungen : <strong>Die Vollj\u00e4hrigkeit und das Akzeptieren der AGB sind unerl\u00e4sslich.<\/strong>. Diese Regeln sorgen f\u00fcr eine klare Partnerschaft zwischen der Plattform und ihren Mitarbeitern.<\/li>\n<li>Wiederherstellen des <strong>personalisierter Empfehlungslink<\/strong> : Ihre URL wird nach der Best\u00e4tigung aktiv. <strong>Mit diesem Tool k\u00f6nnen Sie die Eintr\u00e4ge der angeworbenen Gr\u00fcnder nachverfolgen und Ihre Verg\u00fctung berechnen.<\/strong>.<\/li>\n<li>Werbema\u00dfnahmen : <strong>Teilen Sie diesen Link mit Produzenten von Erwachseneninhalten<\/strong>. Heben Sie die St\u00e4rken von MYM Fans hervor, um <strong>Fotos oder Videos monetarisieren<\/strong>.<\/li>\n<\/ul>\n<p>Wenn Sie diesem Weg folgen, werden Sie <strong>sich in das MYM Fans-\u00d6kosystem integrieren und gleichzeitig Ihre Gemeinschaft erweitern<\/strong>. Um Ihren Patenkindern zu helfen, verweisen Sie sie auf diesen <a href=\"https:\/\/topmymfans.com\/de\/mit-mym-beginnen-umfassender-leitfaden\/\">praktischer Leitfaden f\u00fcr den Einstieg auf MYM<\/a>.<\/p>\n<p>Der Status eines Botschafters zielt vor allem darauf ab <strong>Modelle, die ihre Einkommensquellen diversifizieren wollen<\/strong>. Die Plattform beh\u00e4lt sich das Recht vor, Bewerbungen abzulehnen, wenn die Werte der Plattform nicht eingehalten werden.<\/p>\n<p>Partner profitieren <strong>einen Tracking-Bereich, in dem ihre Leistung und ihr Einkommen detailliert aufgef\u00fchrt sind<\/strong>. Es sind genaue Statistiken \u00fcber die Abonnements und das Publikum der geworbenen Creators verf\u00fcgbar. MYM bietet au\u00dferdem <strong>nachvollziehbare URLs, um jede Neuanmeldung eindeutig zuzuordnen<\/strong>.<\/p>\n<h2 id=\"strategies-recrutement-createurs\">Effektive Strategien zur Rekrutierung von Sch\u00f6pfern<\/h2>\n<p>Um Kreative f\u00fcr MYM Fans zu gewinnen, werden die <strong>soziale Netzwerke werden zu einem bevorzugten Instrument<\/strong>. Dieser Weg erm\u00f6glicht es den Modellen<strong>einen direkten Austausch mit ihrem Publikum pflegen<\/strong>Dies st\u00e4rkt die Beziehungen innerhalb der Gemeinschaft. <strong>MYM Fans begeistert seit 2019 immer mehr Menschen, mit 14 Millionen Nutzern und 400.000 Gr\u00fcndern Ende 2023.<\/strong>. Es ist \u00fcbrigens auf diesen sozialen Plattformen, dass viele <strong>einen erheblichen Teil ihres Geldes erwirtschaften<\/strong>.<\/p>\n<p>Das Erstellen von aussagekr\u00e4ftigen Inhalten erfordert ein geschicktes Gleichgewicht. <strong>Bevorzugen Sie professionelle Fotos und Videos, wobei Sie die Formate diversifizieren sollten, um verschiedene Fansegmente zu erreichen.<\/strong>. Erfahrene Designer wissen das: . Berichten Sie, dass Influencer auf Instagram oder OnlyFans <strong>integrieren oft Gutscheincodes in ihre Beschreibungen<\/strong>Ein Tipp, der sich hier \u00fcbertragen l\u00e4sst. Was die Erkl\u00e4rvideos betrifft, so sind sie <strong>erm\u00f6glichen es, die Plattform zu bewerben und gleichzeitig ihr Potenzial f\u00fcr schnelles Geld zu demonstrieren<\/strong>.<\/p>\n<div class=\"flex flex-col sm:flex-row gap-4 justify-center\"><a href=\"https:\/\/topmymfans.com\/de\/go\/creators\/\" class=\"btn btn-primary\">Als Ersteller anmelden<\/a><a href=\"https:\/\/topmymfans.com\/de\/go\/ambassadors\/\" class=\"btn\" style=\"background-color: #9333ea; color: white;\" onmouseover=\"this.style.backgroundColor='#7e22ce'\" onmouseout=\"this.style.backgroundColor='#9333ea'\">Als Botschafter\/in registrieren<\/a><\/div>\n<h2 id=\"avantages-programme-affiliation\">Die Vorteile des Botschafterprogramms<\/h2>\n<h3 id=\"commissions-et-revenus\">Geb\u00fchrenstruktur und Gewinnpotenzial<\/h3>\n<p>Das als Botschafter verdiente Geld MYM <strong>h\u00e4ngt stark von der Leistung der angeworbenen Gr\u00fcnder ab<\/strong>. Konkret, <strong>Botschafter verdienen 10% von den Eink\u00fcnften der von ihnen angeworbenen Sch\u00f6pfer.<\/strong>. Neugieriger : <strong>das System erm\u00f6glicht es sogar, 50% Gewinne von anderen Botschaftern zu erhalten<\/strong> eingeladen, sich der Plattform anzuschlie\u00dfen.<\/p>\n<p>Das Sponsoringprogramm st\u00fctzt sich auf <strong>ein cleveres Multi-Level-Modell<\/strong>. So bringt beispielsweise jeder neue Mitarbeiter in Ihrem Netzwerk eine Provision auf seine eigenen Aktivit\u00e4ten ein. Dieser Anreizmechanismus <strong>f\u00f6rdert die Entwicklung einer echten Gemeinschaft von Influencern<\/strong>Sie alle sind motiviert, das MYM-\u00d6kosystem aktiv zu f\u00f6rdern.<\/p>\n<h3 id=\"outils-promotion\">Zur Verf\u00fcgung gestellte Werbemittel<\/h3>\n<p>MYM stellt seinen Botschaftern <strong>ein Arsenal an professionellen Werkzeugen<\/strong>. Zwischen grafischen Kits und nachverfolgbaren Links ist alles so konzipiert, dass es <strong>die F\u00f6rderung von Sch\u00f6pfern in sozialen Netzwerken optimieren<\/strong>. Besonders hervorzuheben sind <strong>analytische Dashboards<\/strong>Sie bieten eine Echtzeit-\u00dcberwachung der Leistung und der erzeugten Abonnements.<\/p>\n<p>Das Backoffice integriert <strong>bemerkenswerte Funktionen zur Steuerung ihrer Strategie<\/strong>. Dazu geh\u00f6ren eine genaue \u00dcberwachung der Interaktionen auf Fotos und Videos sowie<strong>eine zentrale Verwaltung der Partnerkonten<\/strong>. Praktisch: Diese einheitliche Schnittstelle vereinfacht die Trendanalyse und die Anpassung von Werbekampagnen erheblich.<\/p>\n<p><img decoding=\"async\" class=\"alignnone wp-image-569 size-full\" src=\"https:\/\/topmymfans.com\/wp-content\/uploads\/2025\/03\/Ambassadeur_\u2022_MYM_for_ambassadors_\u2022_Reseau_social__eUS7knr6aS.png\" alt=\"\" width=\"1781\" height=\"919\" srcset=\"https:\/\/topmymfans.com\/wp-content\/uploads\/2025\/03\/Ambassadeur_\u2022_MYM_for_ambassadors_\u2022_Reseau_social__eUS7knr6aS.png 1781w, https:\/\/topmymfans.com\/wp-content\/uploads\/2025\/03\/Ambassadeur_\u2022_MYM_for_ambassadors_\u2022_Reseau_social__eUS7knr6aS-300x155.png 300w, https:\/\/topmymfans.com\/wp-content\/uploads\/2025\/03\/Ambassadeur_\u2022_MYM_for_ambassadors_\u2022_Reseau_social__eUS7knr6aS-1024x528.png 1024w, https:\/\/topmymfans.com\/wp-content\/uploads\/2025\/03\/Ambassadeur_\u2022_MYM_for_ambassadors_\u2022_Reseau_social__eUS7knr6aS-768x396.png 768w, https:\/\/topmymfans.com\/wp-content\/uploads\/2025\/03\/Ambassadeur_\u2022_MYM_for_ambassadors_\u2022_Reseau_social__eUS7knr6aS-1536x793.png 1536w, https:\/\/topmymfans.com\/wp-content\/uploads\/2025\/03\/Ambassadeur_\u2022_MYM_for_ambassadors_\u2022_Reseau_social__eUS7knr6aS-18x9.png 18w\" sizes=\"(max-width: 1781px) 100vw, 1781px\" \/><\/p>\n<h2 id=\"maximiser-ses-gains\">Strategien, um Ihre Gewinne auf MYM zu steigern<\/h2>\n<p>Gr\u00fcnder binden MYM beruht vor allem auf einem Angebot von <strong>exklusive Inhalte<\/strong> und ein <strong>regelm\u00e4\u00dfiger Austausch mit seinem Publikum<\/strong>. Der Abonnementpreis und die H\u00e4ufigkeit der Ver\u00f6ffentlichung spielen eine Schl\u00fcsselrolle bei der <strong>Abonnentenbindung<\/strong>.<\/p>\n<p>Diversifizieren Sie Ihre Geldquellen, indem Sie <strong>Werbung f\u00fcr erg\u00e4nzende Produkte<\/strong> - dieser Ansatz verringert die Abh\u00e4ngigkeit von einem einzigen Partner. Mehrere Partnerprogramme bieten zudem attraktive Provisionen \u00fcber verschiedene Modelle an: CPC, CPA oder CPL. Beachten Sie Folgendes <strong>das Engagement Ihrer Gemeinde<\/strong> bleibt der Haupthebel, um Geld auf MYM Fans zu generieren. Ein aktives Publikum schafft in der Tat einen <strong>Tugendkreis der Interaktionen<\/strong> : Je h\u00e4ufiger die Interaktionen, desto gr\u00f6\u00dfer die Verdienstm\u00f6glichkeiten. Um das Thema zu vertiefen, liefert dieser Artikel konkrete Anhaltspunkte : <a href=\"https:\/\/topmymfans.com\/de\/steigern-sie-ihr-engagement-auf-mym\/\">Boosten Sie Ihr Engagement auf MYM<\/a>. Zus\u00e4tzlich k\u00f6nnen Sie diesen Leitfaden auch an Ihre Patenkinder weitergeben, um Ihre Ergebnisse gegenseitig zu optimieren: <a href=\"https:\/\/topmymfans.com\/de\/maximieren-sie-ihr-einkommenspotenzial-auf-mym-fans\/\">Maximieren Sie Ihr Einkommenspotenzial auf MYM Fans<\/a>.<\/p>\n<p>Werden Sie <strong>Botschafter MYM Fans<\/strong> bietet eine einzigartige Gelegenheit, um <strong>Einnahmen generieren<\/strong> indem sie das Talent der Sch\u00f6pfer hervorheben. Ab heute legen Sie los : <strong>bauen Sie Ihr Netzwerk aus<\/strong> und profitieren Sie von den Vorteilen eines <strong>innovatives Partnerprogramm<\/strong>. Auf MYM wird Ihr Erfolg schon jetzt aufgebaut!<\/p>\n<h2>FAQ<\/h2>\n<h3>Wie handhabt Mym Fans die Einhaltung gesetzlicher Vorschriften und den Schutz der Daten von Erstellern und Botschaftern?<\/h3>\n<p>MYM Fans verpflichtet sich, die <strong>Gesetzeskonformit\u00e4t<\/strong> und die <strong>Datenschutz<\/strong> ihrer Nutzer, indem sie insbesondere die Richtlinien des <strong>DSGVO<\/strong>. Die Plattform verwendet <strong>fortschrittliche Verschl\u00fcsselungssysteme<\/strong> um sensible Informationen wie Zahlungsdetails und private Inhalte zu sichern.<\/p>\n<p>F\u00fcr <strong>Inhalte von Sch\u00f6pfern sch\u00fctzen<\/strong>MYM Fans deaktiviert den Rechtsklick und verhindert das Kopieren und Einf\u00fcgen, was das unerlaubte Teilen von Inhalten erschwert. Ein engagiertes Team arbeitet kontinuierlich daran <strong>den Schutz vor dem Diebstahl von Inhalten verbessern<\/strong>Der Schwerpunkt liegt dabei auf dem Aufbau authentischer Beziehungen zwischen Fans und Sch\u00f6pfern.<\/p>\n<h3>Wie hilft der technische Support von Mym Fans den Botschaftern, Probleme zu l\u00f6sen und ihre Leistung zu optimieren?<\/h3>\n<p>Der technische Support von MYM Fans bietet Botschaftern umfassende Unterst\u00fctzung bei <strong>Probleme l\u00f6sen<\/strong> und <strong>ihre Leistung optimieren<\/strong>. Eine <strong>Hilfezentrum MYM Support<\/strong> ist verf\u00fcgbar, bietet Artikel und Kategorien, die den Botschaftern gewidmet sind, beantwortet h\u00e4ufig gestellte Fragen und bietet Informationen \u00fcber das <strong>Partnerprogramm<\/strong>.<\/p>\n<p>Das Team von MYM Fans bietet auch einen <strong>personalisierte Unterst\u00fctzung<\/strong> an Botschafter, einschlie\u00dflich Beratung in <strong>Marketing<\/strong> und in <strong>Online-Promotion<\/strong>. Bei technischen Problemen oder spezifischen Fragen k\u00f6nnen sich Botschafter an den MYM-Support wenden, um Hilfe zu erhalten, z. B. bei <strong>ein Gr\u00fcnder- und ein Botschafterkonto zusammenf\u00fchren<\/strong>.<\/p>","protected":false},"excerpt":{"rendered":"<p>M\u00f6chten Sie Ihr Netzwerk monetarisieren und Einnahmen durch Ihre Kontakte erzielen? Wussten Sie, dass das MYM Fans-Affiliate-Marketing M\u00f6glichkeiten in einem schnell wachsenden Markt bietet? In diesem Artikel erfahren Sie, wie Sie ein wettbewerbsf\u00e4higer MYM-Botschafter werden, welche Methoden Sie anwenden k\u00f6nnen, um Content-Ersteller anzuziehen, und wie Sie Ihre Einnahmen \u00fcber ... <a href=\"https:\/\/topmymfans.com\/de\/affiliation-mym-fans\/\">Continued<\/a><\/p>","protected":false},"author":1,"featured_media":0,"parent":0,"menu_order":0,"comment_status":"closed","ping_status":"closed","template":"","meta":{"footnotes":""},"class_list":["post-23","page","type-page","status-publish","hentry"],"_links":{"self":[{"href":"https:\/\/topmymfans.com\/de\/wp-json\/wp\/v2\/pages\/23","targetHints":{"allow":["GET"]}}],"collection":[{"href":"https:\/\/topmymfans.com\/de\/wp-json\/wp\/v2\/pages"}],"about":[{"href":"https:\/\/topmymfans.com\/de\/wp-json\/wp\/v2\/types\/page"}],"author":[{"embeddable":true,"href":"https:\/\/topmymfans.com\/de\/wp-json\/wp\/v2\/users\/1"}],"replies":[{"embeddable":true,"href":"https:\/\/topmymfans.com\/de\/wp-json\/wp\/v2\/comments?post=23"}],"version-history":[{"count":59,"href":"https:\/\/topmymfans.com\/de\/wp-json\/wp\/v2\/pages\/23\/revisions"}],"predecessor-version":[{"id":588,"href":"https:\/\/topmymfans.com\/de\/wp-json\/wp\/v2\/pages\/23\/revisions\/588"}],"wp:attachment":[{"href":"https:\/\/topmymfans.com\/de\/wp-json\/wp\/v2\/media?parent=23"}],"curies":[{"name":"wp","href":"https:\/\/api.w.org\/{rel}","templated":true}]}}