{"id":119,"date":"2020-11-17T15:33:17","date_gmt":"2020-11-17T14:33:17","guid":{"rendered":"https:\/\/topmymfans.com\/?page_id=119"},"modified":"2022-06-30T11:26:55","modified_gmt":"2022-06-30T09:26:55","slug":"werden-influenzer-instagram","status":"publish","type":"page","link":"https:\/\/topmymfans.com\/de\/devenir-influenceur-instagram\/","title":{"rendered":"Wie kann man ganz einfach Influencer werden?"},"content":{"rendered":"<p>Die Generation Z betritt den Arbeitsmarkt und bringt einen neuen Trend in Sachen 2.0-Berufe mit sich. In den letzten Jahren sind Berufe entstanden, die soziale Netzwerke und Marketing-\/Kommunikationstechniken miteinander verbinden. Zu diesen aufstrebenden Berufen geh\u00f6ren Blogger, Youtuber und Instagramer.&nbsp;<\/p>\n<div class=\"su-button-center\"><a href=\"http:\/\/shortlinks.one\/r\/Ff5XYJ\" class=\"su-button su-button-style-3d su-button-wide\" style=\"color:#FFFFFF;background-color:#2ecc71;border-color:#25a45b;border-radius:10px\" target=\"_blank\" rel=\"nofollow noopener\"><span style=\"color:#FFFFFF;padding:8px 26px;font-size:20px;line-height:30px;border-color:#6ddc9c;border-radius:10px;text-shadow:none\"><i class=\"sui sui-hand-o-right\" style=\"font-size:20px;color:#FFFFFF\"><\/i> Influencer werden MYM Fans<\/span><\/a><\/div>\n<p>Diese sind insbesondere bei jungen Menschen, die nach Ruhm und Erfolg streben, sehr beliebt. Das Interessante daran ist, dass diese Berufe in den meisten F\u00e4llen nicht unbedingt ein sehr fundiertes Wissen in bestimmten Bereichen erfordern. Wenn es Ihnen hingegen gelingt, eine einflussreiche Person in sozialen Netzwerken zu werden, k\u00f6nnen Sie wahrscheinlich ein betr\u00e4chtliches Einkommen erzielen. Dennoch ist es nicht so einfach, \u00fcber Nacht zum Influencer zu werden. Wie kann man also vorgehen?<\/p>\n<h2>Was ist ein Influencer?<\/h2>\n\n\n<p>Influencer zu sein ist ein Beruf, mit dem man Geld verdienen kann, ganz zu schweigen von den vielen Vorteilen, die er im Vorfeld mit sich bringt. Wie der Name schon sagt, handelt es sich um einen Beruf, dessen Ziel es ist, eine Gruppe von Menschen in einer Gemeinschaft zu vereinen. Der Influencer investiert in einen bestimmten Bereich und bringt dort Menschen zusammen, die die gleichen Bestrebungen und Werte teilen wie er.<\/p>\n<h2>\n\n\n\n<\/h2>\n<p>Die ersten Influencer, die Geschichte schrieben, hatten nicht unbedingt vor, ihre T\u00e4tigkeit zum Beruf zu machen. Die meisten hatten vor allem beschlossen, sich eine Gemeinschaft zu einem bestimmten Thema aufzubauen, um ihre Inspirationen zu teilen und die Internetnutzer zu unterhalten. Im Laufe der Jahre wurde der Beruf des Influencers so erfolgreich, dass die Pioniere dieses Berufes schnell zu einflussreichen und weltweit anerkannten Pers\u00f6nlichkeiten des \u00f6ffentlichen Lebens wurden. Unternehmen, die sich ihrer Einflussm\u00f6glichkeiten sehr bewusst waren, zogen Partnerschaften und Kooperationen mit ihnen in Betracht. So wurden Influencer zu Markenbotschaftern.<\/p>\n<h2>\n\n\n\n<\/h2>\n<p>Derzeit gelingt es den gr\u00f6\u00dften Namen in diesem Bereich (Norman, Tibo InShape, Squeezie usw.), ein betr\u00e4chtliches Einkommen zu erzielen, das es ihnen erm\u00f6glicht, ausschlie\u00dflich von ihrem Beruf als Influencer zu leben.<\/p>\n<h2>\n\n\n\n<\/h2>\n<p>Auf den ersten Blick scheint es einfach zu sein, Influencer zu sein. Dennoch ist es keine T\u00e4tigkeit, die f\u00fcr jedermann geeignet ist. Zun\u00e4chst einmal sollten Sie sich f\u00fcr das, was Sie Ihren Abonnenten pr\u00e4sentieren, begeistern. Au\u00dferdem sollten Sie kommunikativ sein, ein gewisses Charisma und eine ausgepr\u00e4gte Pers\u00f6nlichkeit haben und gerne teilen.<\/p>\n<h2>\n\n\n\n<\/h2>\n<p>Wenn Sie sich f\u00fcr den Beruf des Influencers nur wegen des Geldes oder des Ruhms interessieren, sollten Sie wissen, dass es sich um eine T\u00e4tigkeit handelt, die Engagement und Geduld erfordert. Der Beruf des Influencers ist kurz- und mittelfristig eindeutig nicht rentabel, es sei denn, Sie wissen, wie man es richtig anpackt.<\/p>\n<h2>\n\n\n\n<\/h2>\n<h2 class=\"wp-block-heading\">Welchen Nutzen hat es, Influencer zu sein?<\/h2>\n<h2>\n\n\n\n<\/h2>\n<p>Der Beruf des Influencers ist eine spannende T\u00e4tigkeit, die es Ihnen erm\u00f6glicht, Ihre Meinung zu einem Thema oder einer Thematik zu teilen und von einer gro\u00dfen Anzahl von Menschen geh\u00f6rt zu werden. Es ist in gewisser Weise eine M\u00f6glichkeit, an etwas Gr\u00f6\u00dferem teilzuhaben und Teil eines Ganzen zu sein. Indem Sie Influencer sind, tragen Sie dazu bei, Ihren Stein ins Rollen zu bringen, um eine bessere Welt zu haben.<\/p>\n<h2>\n\n\n\n<\/h2>\n<p>Influencer sind aufgrund ihrer \u00dcberzeugungskraft auf die Mitglieder ihrer Gemeinschaft enorm gefragt. Sie sind Experten f\u00fcr die Massenmobilisierung, mit denen sich auch normale Internetnutzer leicht identifizieren k\u00f6nnen. Aus diesem Grund k\u00f6nnen sie auch als Botschafter einer Marke, einer Sache usw. angesehen werden, w\u00e4hrend sie gleichzeitig als Sprachrohr der Menschen fungieren.<\/p>\n<h2>\n\n\n\n<\/h2>\n<p>Wenn es Ihnen gelingt, eine engagierte Community aufzubauen, k\u00f6nnen Sie dies zu Ihrem Beruf machen und sogar kleine Verg\u00fcnstigungen verdienen. Neben den Verg\u00fctungen, die ein Influencer erhalten kann, kann er von den Marken und Unternehmen, die ihn ansprechen, auch kostenlose Boni erhalten. Das k\u00f6nnen kostenlose Reisen und Aufenthalte an idyllischen Orten oder auch Geschenkpakete sein. Das ist auch einer der Gr\u00fcnde, warum viele Menschen Influencer werden wollen, es aber nicht immer schaffen.<\/p>\n<h2>\n\n\n\n<\/h2>\n<h2 class=\"wp-block-heading\">Die verschiedenen Arten von Influencern<\/h2>\n<h2>\n\n\n\n<\/h2>\n<p>Auch wenn die Ziele von Influencern und das, was sie tun, von au\u00dfen betrachtet gleich zu sein scheinen, gibt es in Wirklichkeit verschiedene Arten von Influencer-Berufen.<\/p>\n<h2>\n\n\n\n<\/h2>\n<h3 class=\"wp-block-heading\">Soziale Influencer<\/h3>\n<h2>\n\n\n\n<\/h2>\n<p>Dabei handelt es sich um Personen, deren Handlungen mit denen herk\u00f6mmlicher Meinungsf\u00fchrer recht gut vergleichbar sind. Ein Social Influencer ist eine Person, die in kleinerem Umfang in den sozialen Medien agiert. Er kann sehr wohl als zuverl\u00e4ssiger Experte in dem Bereich gelten, in dem er t\u00e4tig ist. Jeder kann ein Social Influencer werden, auch wenn er sich dessen nicht unbedingt bewusst ist.<\/p>\n<h2>\n\n\n\n<\/h2>\n<p>Dies ist zum Beispiel der Fall, wenn Sie einen Beitrag in einem sozialen Netzwerk (Facebook, Instagram, Twitter, <a href=\"https:\/\/topmymfans.com\/de\/wie-wird-man-schopferisch\/\">MYM Fans<\/a> usw.). Wenn Sie eine Rezension \u00fcber ein Produkt, einen Film usw. ver\u00f6ffentlichen, agieren Sie bereits als Influencer. Ihr Beitrag wird f\u00fcr Ihre Freunde und Abonnenten sichtbar, er wird wahrscheinlich Kommentare, Reaktionen und Freigaben hervorrufen und sogar die Handlungen der Internetnutzer beeinflussen.<\/p>\n<div class=\"su-button-center\"><a href=\"http:\/\/shortlinks.one\/r\/Ff5XYJ\" class=\"su-button su-button-style-3d su-button-wide\" style=\"color:#FFFFFF;background-color:#2ecc71;border-color:#25a45b;border-radius:10px\" target=\"_blank\" rel=\"nofollow noopener\"><span style=\"color:#FFFFFF;padding:8px 26px;font-size:20px;line-height:30px;border-color:#6ddc9c;border-radius:10px;text-shadow:none\"><i class=\"sui sui-hand-o-right\" style=\"font-size:20px;color:#FFFFFF\"><\/i> Influencer werden MYM Fans<\/span><\/a><\/div>\n<h2>\n\n\n\n<\/h2>\n<p>Eine positive Kritik kann z. B. dazu f\u00fchren, dass sich einige Leute n\u00e4her mit der Marke besch\u00e4ftigen, und umgekehrt kann eine negative Ver\u00f6ffentlichung auch das Image eines Produkts zerst\u00f6ren. All diese Aktionen (Bewertung eines Produkts, einer Einrichtung, Meinungen usw.) sind bereits eine Form der Mikrobeeinflussung. Sie erm\u00f6glichen es Ihnen jedoch nicht, sich als Influencer im eigentlichen Sinne zu etablieren und Einnahmen zu erzielen.<\/p>\n<h2>\n\n\n\n<\/h2>\n<h3 class=\"wp-block-heading\">Wichtige Influencer<\/h3>\n<h2>\n\n\n\n<\/h2>\n<p>Es sind diese Arten von Influencern, die in der Regel als Ikonen und Botschafter wahrgenommen werden. Im Gegensatz zu sozialen Influencern unterscheiden sich Key Influencer durch ihre Authentizit\u00e4t. Sie werden deutlich mehr gesch\u00e4tzt und bieten den Nutzern ihre eigenen Inhalte an. In diese Kategorie werden \u00f6ffentliche Pers\u00f6nlichkeiten, Blogger, Twitch-Streamer, Youtuber und Instagrammer verbannt.<\/p>\n<h2>\n\n\n\n<\/h2>\n<p>Ein Key Influencer ist eine Person, die sich an ein bestimmtes Zielpublikum wendet. Das k\u00f6nnen Teenager, Gamer usw. sein. Er wird vor allem von einer Leidenschaft angetrieben, die er mit den Mitgliedern seiner Community teilt. Eine Mode-Influencerin kann beispielsweise Stile, originelle Looks oder auch Tricks teilen, die eine bestimmte Zielgruppe ansprechen. Menschen, die die Kreativit\u00e4t und die Pers\u00f6nlichkeit dieser Influencerin sch\u00e4tzen, werden sich unwiderruflich mit ihr identifizieren. Dies tr\u00e4gt zum Aufbau einer engagierten Community bei.<\/p>\n<h2>\n\n\n\n<\/h2>\n<h3 class=\"wp-block-heading\">Peer-Influencer<\/h3>\n<h2>\n\n\n\n<\/h2>\n<p>Einflussreiche Peers sind zwischen den Social Influencern und den Key Influencern angesiedelt. Sie sind Meinungsf\u00fchrer in den sozialen Medien und echte Experten auf ihrem Gebiet. Au\u00dferdem haben sie in der Regel eine gr\u00f6\u00dfere Reichweite. Diese Influencer werden von Unternehmen kontaktiert und gesponsert, um ihre Marken und Produkte bekannt zu machen.<\/p>\n<h2>\n\n\n\n<\/h2>\n<p>Ein Peer-Influencer kann zum Beispiel ein Experte in der Welt des Gaming sein. Mit seinem Fachwissen etabliert er sich leicht als vertrauensw\u00fcrdige Pers\u00f6nlichkeit in der Branche und seine Meinungen und Kommentare erreichen wahrscheinlich eine gro\u00dfe Anzahl von Internetnutzern in diesem Bereich. Er erstellt und teilt authentische und originelle Inhalte, die Reaktionen, Weiterleitungen und Kommentare hervorrufen k\u00f6nnen. Beachten Sie, dass Peer-Influencer sich der Reichweite ihrer Postings bewusst sind. Sie k\u00f6nnen Artikel f\u00f6rdern, die mit ihren eigenen Werten \u00fcbereinstimmen, und ihre Community mobilisieren, sich ebenfalls mit dem Thema zu besch\u00e4ftigen.<\/p>\n<h2>\n\n\n\n<\/h2>\n<h2 class=\"wp-block-heading\">Welche Plattformen sollte man bevorzugen, um Influencer zu werden?<\/h2>\n<h2>\n\n\n\n<\/h2>\n<p>Wenn Sie Influencer werden und dies zu Ihrem Beruf machen wollen, m\u00fcssen Sie logischerweise ganz unten anfangen. Am besten ist es, wenn Sie sich zun\u00e4chst als Peer-Influencer etablieren. Pflegen Sie Ihr Image, erstellen Sie Inhalte, erzeugen Sie Reaktionen und teilen Sie diese. Sobald Ihre Beitr\u00e4ge beginnen, eine gr\u00f6\u00dfere Reichweite zu erzielen und sich Ihr Status als Meinungsf\u00fchrer etabliert hat, k\u00f6nnen Sie zu einem wichtigen Influencer werden.<\/p>\n<h2>\n\n\n\n<\/h2>\n<p>Je nachdem, wie sehr Sie sich in Ihren sozialen Kreisen engagieren und wie gro\u00df Ihre Community ist, kann es sein, dass Sie von Unternehmen kontaktiert werden, um ihre Produkte etc. zu repr\u00e4sentieren. Beachten Sie, dass Ihr Aufstieg als wichtiger Einflussnehmer exponentiell wird, sobald Sie einen bestimmten Schwellenwert erreicht haben.<\/p>\n<h2>\n\n\n\n<\/h2>\n<p>Die meisten beliebten Key Influencer agieren auf YouTube. Sie verdienen ihren Lebensunterhalt, indem sie in ihren Videos auf sehr subtile Weise Produkte bewerben. Meistens sind diese Werbeaktionen in die Videos eingebettet und die Influencer lassen es sich nicht nehmen, ihre verschiedenen Sponsoren anzuk\u00fcndigen, w\u00e4hrend sie die Produkte pr\u00e4sentieren. Au\u00dferdem stellen sie ihren Abonnenten Links zur Verf\u00fcgung, \u00fcber die diese die gesponserten Artikel kaufen k\u00f6nnen. Auf diese Weise k\u00f6nnen die Influencer sp\u00e4ter Provisionen erhalten. Diese Technik funktioniert genauso gut auf anderen Plattformen wie Twitch oder Instagram.<\/p>\n<h2>\n\n\n\n<\/h2>\n<p>Auf letzterem sind es vor allem Bilder und Stories, die die Influencer nutzen, um Produkte hervorzuheben. Sie setzen sich selbst in Szene, indem sie z. B. die Kleidung der Marken tragen, mit denen sie Vertr\u00e4ge abgeschlossen haben. Instagram-Influencer k\u00f6nnen kostenlose Proben erhalten, die sie auf ihren Konten inszenieren, um ihre Abonnenten dazu zu bringen, sich ebenfalls die gleichen Produkte zu kaufen.<\/p>\n<h2>\n\n\n\n<\/h2>\n<p>Blogger und Vlogger werden von Unternehmen angefordert, die sich vor allem in technischen Bereichen bewegen. Ein Blogger, der sich auf die Erstellung von Inhalten zum Thema Haushaltsger\u00e4te spezialisiert hat, kann z. B. ein Ger\u00e4t erhalten und gebeten werden, es zu testen, um eine ausf\u00fchrliche, authentische und faire Bewertung zu schreiben.<\/p>\n<h2>\n\n\n\n<\/h2>\n<p>Nat\u00fcrlich d\u00fcrfen Sie als Blogger Ihr Image nicht gef\u00e4hrden. In manchen F\u00e4llen, wenn Sie von den Produkten, die Ihnen angeboten werden, entt\u00e4uscht sind, k\u00f6nnen Sie einfach sehr differenzierte Artikel schreiben, ohne zu viel Werbung zu machen oder die Partnermarke zu verunglimpfen. Und genau in diesem Punkt hat der Instagram-Influencer seine Vorteile. Sie m\u00fcssen nicht speziell einen Artikel \u00fcber das Produkt schreiben, das Sie testen. Alles, was Sie tun m\u00fcssen, ist, visuell ansprechende Inhalte zu erstellen, die das Produkt in den Vordergrund stellen und so die Aufmerksamkeit der Nutzer auf sich ziehen. Sie k\u00f6nnen Ihre Fotos auch mit aussagekr\u00e4ftigen Bildunterschriften und Hashtags versehen, um Ihre Sichtbarkeit zu erh\u00f6hen.<\/p>\n<h2>\n\n\n\n<\/h2>\n<h2 class=\"wp-block-heading\">In welchem Bereich sollte man sich engagieren?<\/h2>\n<h2>\n\n\n\n<\/h2>\n<p>Der Beruf des Influencers kann sehr erfolgreich werden, wenn Sie es richtig anstellen. Bevor Sie in dieses Gesch\u00e4ft einsteigen, sollten Sie zun\u00e4chst den Bereich definieren, in den Sie investieren m\u00f6chten. Angesichts des wachsenden Erfolgs, den einige Influencer derzeit haben, sollten Sie nicht ignorieren, dass die Konkurrenz gro\u00df ist. Die Wahrheit ist, dass fast jeder Influencer werden m\u00f6chte. Einige tun dies nicht aus den richtigen Gr\u00fcnden, w\u00e4hrend andere aus Leidenschaft dabei sind.<\/p>\n<h2>\n\n\n\n<\/h2>\n<p>Wenn Sie sich f\u00fcr einen Bereich entscheiden, in dem Sie sich als Instagram-Influencer etablieren m\u00f6chten, sollten Sie sich vor allem f\u00fcr eine Nische entscheiden, die Ihnen gef\u00e4llt. Authentizit\u00e4t und Originalit\u00e4t sind die Tr\u00fcmpfe, mit denen Sie sich von anderen abheben k\u00f6nnen.<\/p>\n<h2>\n\n\n\n<\/h2>\n<p>Sie sollten sich auch dar\u00fcber im Klaren sein, dass der Beruf des Influencers kein langer, ruhiger Fluss ist. Hinter den Erfolgen, mit denen die gr\u00f6\u00dften Namen der Branche werben, verbergen sich in Wirklichkeit harte Arbeit, Zeit, Energie und Willenskraft. Sie sollten sich auch dar\u00fcber im Klaren sein, dass Sie sehr geduldig sein m\u00fcssen. Es ist keine leichte Aufgabe, \u00fcber Nacht zum Influencer zu werden. Mehr noch: Sie brauchen eine Menge Gl\u00fcck.<\/p>\n<h2>\n\n\n\n<\/h2>\n<h2 class=\"wp-block-heading\">Influencer zu sein bedeutet, Marketing zu betreiben<\/h2>\n<h2>\n\n\n\n<\/h2>\n<p>Auch wenn der Beruf des Influencers nicht speziell ein langes Studium in einem bestimmten Bereich voraussetzt, m\u00fcssen Sie einige Grundlagen beherrschen. Es ist wichtig zu wissen, dass Marketing und Kommunikation in diesem Beruf eine gro\u00dfe Rolle spielen. Einerseits m\u00fcssen Sie die Zielgruppe definieren, die Sie beeinflussen m\u00f6chten, und andererseits m\u00fcssen Sie sie besser kennen lernen (ihre Erwartungen, Bed\u00fcrfnisse usw.). Nur so k\u00f6nnen Sie Ihren Zielgruppen innovative und erstrebenswerte Dinge anbieten.<\/p>\n<h2>\n\n\n\n<\/h2>\n<p>Ein guter Influencer muss auch sehr gut \u00fcber Trends und aktuelle Ereignisse Bescheid wissen. Vor allem aber m\u00fcssen Sie sich emotional vorbereiten. Influencer haben nicht nur Abonnenten und Fans. In der weiten Welt der sozialen Netzwerke gibt es auch die \"Haters\", diejenigen, denen Ihr Image und das, was es vermittelt, nicht unbedingt gefallen werden. Sie werden sowohl positive als auch negative Reaktionen erhalten. Sie m\u00fcssen diese Reaktionen also richtig einsch\u00e4tzen k\u00f6nnen und daf\u00fcr sorgen, dass sie sich nicht auf Ihre Pers\u00f6nlichkeit auswirken.<\/p>\n<h2>\n\n\n\n<\/h2>\n<p>Einige Influencer werden aufgrund ihrer Art, Produkte zu bewerben, schnell an den Pranger gestellt. In den meisten F\u00e4llen wird ihre Arbeit mit versteckter Werbung in Verbindung gebracht. Dies ist oft der Fall, wenn ein Influencer nicht mehr f\u00fcr seine eigenen Werte wirbt, sondern f\u00fcr einen Artikel, der zum Beispiel das genaue Gegenteil von dem ist, was er seiner Community normalerweise anbietet. Aus diesem Grund m\u00fcssen Sie immer zwischen den beiden Dingen unterscheiden k\u00f6nnen und sich selbst treu bleiben. Ihre Abonnenten werden Sie daf\u00fcr umso mehr sch\u00e4tzen.<\/p>\n<div class=\"su-button-center\"><a href=\"http:\/\/shortlinks.one\/r\/Ff5XYJ\" class=\"su-button su-button-style-3d su-button-wide\" style=\"color:#FFFFFF;background-color:#2ecc71;border-color:#25a45b;border-radius:10px\" target=\"_blank\" rel=\"nofollow noopener\"><span style=\"color:#FFFFFF;padding:8px 26px;font-size:20px;line-height:30px;border-color:#6ddc9c;border-radius:10px;text-shadow:none\"><i class=\"sui sui-hand-o-right\" style=\"font-size:20px;color:#FFFFFF\"><\/i> Influencer werden MYM Fans<\/span><\/a><\/div>\n<h2>\n\n\n\n<\/h2>\n<p>Lassen Sie sich nicht durch Geldgier verleiten. Wenn Marken Ihnen verlockende Angebote machen, die aber gegen das versto\u00dfen, wof\u00fcr Sie stehen, sollten Sie diese ablehnen. So k\u00f6nnen Sie sich langfristig als Instagram-Influencer etablieren und sogar noch mehr Abonnenten gewinnen.<\/p>\n<h2>\n\n\n\n<\/h2>\n<h2 class=\"wp-block-heading\">Was Sie tun m\u00fcssen<\/h2>\n<h2>\n\n\n\n<\/h2>\n<p>Viele Menschen entscheiden sich derzeit f\u00fcr Instagram, um ihre Karriere als Influencer zu starten. Fast 85 % der existierenden Influencer nutzen Instagram, um ihre Bilder zu vermarkten. Wenn Sie in diesem hart umk\u00e4mpften Umfeld erfolgreich sein wollen, m\u00fcssen Sie Ihre Instagram-Beitr\u00e4ge aufmerksamkeitsstark gestalten. Um dies zu erreichen, m\u00fcssen Sie zun\u00e4chst Ihr Fachwissen bestimmen. Analysieren Sie dann, was die Konkurrenz macht, die sich auf die gleiche Nische konzentriert wie Sie. Legen Sie besonderen Wert auf die Qualit\u00e4t Ihrer Beitr\u00e4ge und seien Sie im Netzwerk aktiv. Um Ihren Status als Instagram-Influencer zu st\u00e4rken, z\u00f6gern Sie nicht, Partnerschaften mit Marken einzugehen. Und schlie\u00dflich: Bleiben Sie gegen\u00fcber Ihren Abonnenten stets transparent.<\/p>\n<h2>\n\n\n\n<\/h2>\n<h3 class=\"wp-block-heading\">Was sind Ihre Expertisen?<\/h3>\n<h2>\n\n\n\n<\/h2>\n<p>Wenn Sie als Instagram-Influencer glaubw\u00fcrdig sein wollen, m\u00fcssen Sie sich gut mit dem Thema auskennen, das Sie den Nutzern pr\u00e4sentieren. Entscheiden Sie sich f\u00fcr den Bereich, in dem Sie aufbl\u00fchen und in dem Sie Sie selbst sein werden. Es ist sinnlos, eine Mode-Influencerin werden zu wollen, wenn Sie von vornherein keine Ahnung von dieser Welt haben.<\/p>\n<h2>\n\n\n\n<\/h2>\n<p>Wenn Sie nachweislich \u00fcber Fachwissen in einem bestimmten Bereich verf\u00fcgen, sollten Sie dieses besser nutzen und sich an eine Zielgruppe richten, die sich daf\u00fcr interessiert. Andererseits sollten Sie sich dar\u00fcber informieren, was Ihre Community sucht, damit Sie sie besser zufriedenstellen und ihr Engagement wecken k\u00f6nnen.<\/p>\n<h2>\n\n\n\n<\/h2>\n<h3 class=\"wp-block-heading\">Was unterscheidet Sie von anderen Influencern?<\/h3>\n<h2>\n\n\n\n<\/h2>\n<p>Wenn Sie auf Instagram auffallen wollen, m\u00fcssen Sie wissen, wie Sie sich von der Masse abheben. Es kann sein, dass mehrere Influencer das gleiche Universum nutzen wie Sie. Um aus der Masse herauszustechen, sollten Sie eine Wettbewerbsbeobachtung durchf\u00fchren. Analysieren Sie, was Ihre Konkurrenten tun (visuelle Identit\u00e4t, Sprachstil, Art der Posts usw.), um \u00fcber erfolgreiche Formeln und Flop-Ideen auf dem Laufenden zu bleiben. Dies wird Ihnen helfen, innovative und einfallsreichere Dinge vorzuschlagen.<\/p>\n<h2>\n\n\n\n<\/h2>\n<p>Ihr Mehrwert kann auch Ihre Pers\u00f6nlichkeit sein. Anstatt fade und leblose Stellen anzubieten, k\u00f6nnen Sie Ihren Charakter, Ihre Meinungen und Ansichten durchscheinen lassen. Dadurch k\u00f6nnen Sie sich bereits als Experte in Ihrem Bereich positionieren.<\/p>\n<h2>\n\n\n\n<\/h2>\n<h3 class=\"wp-block-heading\">Auf die Qualit\u00e4t des Inhalts kommt es an<\/h3>\n<h2>\n\n\n\n<\/h2>\n<p>Auf Instagram sind Bilder sehr aussagekr\u00e4ftig. Wenn Sie die Aufmerksamkeit Ihrer Abonnenten auf sich ziehen und ein professionelles Image vermitteln wollen, sollten Sie auf Ihre Bilder achten. Sowohl f\u00fcr Ihre Posts als auch f\u00fcr Ihre Instagram-Stories sollten Sie ansprechende Bilder verwenden, die Ihrem Stil entsprechen. Achten Sie besonders auf die Wahl der Farben, des Bildausschnitts und der Filter, die Sie verwenden. Ihre visuelle Identit\u00e4t sollte leicht erkennbar und authentisch sein.<\/p>\n<h2>\n\n\n\n<\/h2>\n<h3 class=\"wp-block-heading\">Machen Sie sich durch Marken und andere Influencer bekannt<\/h3>\n<h2>\n\n\n\n<\/h2>\n<p>Ein letzter, aber nicht unwichtiger Punkt, der Ihnen zu einer erfolgreichen Karriere als Influencer auf Instagram verhelfen kann, ist der Aufbau eines Netzwerks mit einflussreichen Pers\u00f6nlichkeiten und Marken. Versuchen Sie, mit diesen eine Beziehung aufzubauen (freundschaftlich oder gesch\u00e4ftlich).<\/p>\n<h2>\n\n\n\n<\/h2>\n<p>Auch wenn die Konkurrenz in diesem Beruf hart ist, sind gute Kontakte immer ein nicht zu vernachl\u00e4ssigender Pluspunkt, wenn es darum geht, in anderen Abonnentenst\u00e4mme bekannt zu werden. Influencer k\u00f6nnen sogar gemeinsam an einem Inhalt arbeiten, um ihren Bekanntheitsgrad gegenseitig zu erweitern. Das ist nicht nur eine gute M\u00f6glichkeit, Werbung f\u00fcr sich selbst zu machen, sondern auch, um interessante Vertr\u00e4ge mit Marken aufzusp\u00fcren. Es ist wichtig zu wissen, dass Influencer untereinander Adressen oder Kontakte austauschen k\u00f6nnen. Manche k\u00f6nnen ihre Kollegen sogar an Unternehmen weiterempfehlen usw.<\/p>\n<h2>\n\n\n\n<p><!-- \/wp:post-content --><\/p>","protected":false},"excerpt":{"rendered":"<p>Die Generation Z betritt den Arbeitsmarkt und bringt einen neuen Trend in Sachen 2.0-Berufe mit sich. In den letzten Jahren sind Berufe entstanden, die soziale Netzwerke und Marketing-\/Kommunikationstechniken miteinander verbinden. Zu diesen aufstrebenden Berufen geh\u00f6ren Blogger, Youtuber und ... <a href=\"https:\/\/topmymfans.com\/de\/devenir-influenceur-instagram\/\">Continued<\/a><\/p>","protected":false},"author":1,"featured_media":0,"parent":0,"menu_order":0,"comment_status":"closed","ping_status":"closed","template":"elementor_header_footer","meta":{"footnotes":""},"class_list":["post-119","page","type-page","status-publish","hentry"],"_links":{"self":[{"href":"https:\/\/topmymfans.com\/de\/wp-json\/wp\/v2\/pages\/119","targetHints":{"allow":["GET"]}}],"collection":[{"href":"https:\/\/topmymfans.com\/de\/wp-json\/wp\/v2\/pages"}],"about":[{"href":"https:\/\/topmymfans.com\/de\/wp-json\/wp\/v2\/types\/page"}],"author":[{"embeddable":true,"href":"https:\/\/topmymfans.com\/de\/wp-json\/wp\/v2\/users\/1"}],"replies":[{"embeddable":true,"href":"https:\/\/topmymfans.com\/de\/wp-json\/wp\/v2\/comments?post=119"}],"version-history":[{"count":21,"href":"https:\/\/topmymfans.com\/de\/wp-json\/wp\/v2\/pages\/119\/revisions"}],"predecessor-version":[{"id":284,"href":"https:\/\/topmymfans.com\/de\/wp-json\/wp\/v2\/pages\/119\/revisions\/284"}],"wp:attachment":[{"href":"https:\/\/topmymfans.com\/de\/wp-json\/wp\/v2\/media?parent=119"}],"curies":[{"name":"wp","href":"https:\/\/api.w.org\/{rel}","templated":true}]}}